{"id":8,"date":"2016-09-02T17:38:12","date_gmt":"2016-09-02T15:38:12","guid":{"rendered":"http:\/\/www.fedebon.fr\/18\/?page_id=8"},"modified":"2025-10-01T11:53:34","modified_gmt":"2025-10-01T09:53:34","slug":"commander","status":"publish","type":"page","link":"https:\/\/www.fedebon.fr\/berry\/commander\/","title":{"rendered":"Commander"},"content":{"rendered":"<p>[vc_row][vc_column][vc_custom_heading text=\u00a0\u00bbVous souhaitez offrir des F\u00e9d\u00e9bon Berry ? Commandez les depuis notre site, c&rsquo;est gratuit !\u00a0\u00bb font_container=\u00a0\u00bbtag:h3|text_align:left\u00a0\u00bb google_fonts=\u00a0\u00bbfont_family:Montserrat%3Aregular%2C700|font_style:400%20regular%3A400%3Anormal\u00a0\u00bb][\/vc_column][\/vc_row][vc_row][vc_column width=\u00a0\u00bb1\/2&Prime;][vc_column_text css_animation=\u00a0\u00bbtop-to-bottom\u00a0\u00bb]<\/p>\n<h4>Commander en ligne sur le site<\/h4>\n<p>Commandez depuis notre site internet en s\u00e9lectionnant notre pochette cadeau\u00a0ci-dessous :[\/vc_column_text][\/vc_column][vc_column width=\u00a0\u00bb1\/2&Prime;][vc_column_text css_animation=\u00a0\u00bbtop-to-bottom\u00a0\u00bb]<\/p>\n<h4>Commander par email ou courrier<\/h4>\n<p><a href=\"https:\/\/www.fedebon.fr\/berry\/wp-content\/uploads\/sites\/6\/2025\/10\/BDC-FEDEBON-2025.pdf\" target=\"_blank\" rel=\"noopener\">\u00bb T\u00e9l\u00e9charger le bon de commande (pdf)<\/a><br \/>\nApr\u00e8s l\u2019avoir rempli, retournez-le \u00e0 fedebonberry@cher.cci.fr ou CCI du Cher, F\u00e9d\u00e9bon Berry, 14 all\u00e9e Charles Path\u00e9, ZAC de l&rsquo;\u00e9changeur, CS 70237, 18 022 Bourges cedex.[\/vc_column_text][\/vc_column][\/vc_row][vc_row][vc_column]<div class=\"woocommerce columns-3 \"><ul class=\"products columns-3\">\n<li class=\"tm-has-options product type-product post-41 status-publish first instock product_cat-non-classe has-post-thumbnail shipping-taxable purchasable product-type-simple\">\n\t<\/li>\n<\/ul>\n<\/div>[\/vc_column][\/vc_row]<\/p>\n","protected":false},"excerpt":{"rendered":"<p>[vc_row][vc_column][vc_custom_heading text=\u00a0\u00bbVous souhaitez offrir des F\u00e9d\u00e9bon Berry ? Commandez les depuis notre site, c&rsquo;est gratuit !\u00a0\u00bb font_container=\u00a0\u00bbtag:h3|text_align:left\u00a0\u00bb google_fonts=\u00a0\u00bbfont_family:Montserrat%3Aregular%2C700|font_style:400%20regular%3A400%3Anormal\u00a0\u00bb][\/vc_column][\/vc_row][vc_row][vc_column width=\u00a0\u00bb1\/2&Prime;][vc_column_text css_animation=\u00a0\u00bbtop-to-bottom\u00a0\u00bb] Commander en ligne sur le site Commandez depuis notre site internet en s\u00e9lectionnant notre pochette cadeau\u00a0ci-dessous :[\/vc_column_text][\/vc_column][vc_column width=\u00a0\u00bb1\/2&Prime;][vc_column_text css_animation=\u00a0\u00bbtop-to-bottom\u00a0\u00bb] Commander par email ou courrier \u00bb T\u00e9l\u00e9charger le bon de commande (pdf) Apr\u00e8s l\u2019avoir rempli, retournez-le<\/p>\n","protected":false},"author":1,"featured_media":0,"parent":0,"menu_order":0,"comment_status":"closed","ping_status":"closed","template":"","meta":[],"yoast_head":"<!-- This site is optimized with the Yoast SEO plugin v19.4 - https:\/\/yoast.com\/wordpress\/plugins\/seo\/ -->\n<title>Commander - F\u00e9d\u00e9bon Berry<\/title>\n<meta name=\"description\" content=\"Commander des ch\u00e8ques cadeaux f\u00e9d\u00e9bon 18 en ligne ou par email.\" \/>\n<meta name=\"robots\" content=\"index, follow, max-snippet:-1, max-image-preview:large, max-video-preview:-1\" \/>\n<link rel=\"canonical\" href=\"https:\/\/www.fedebon.fr\/berry\/commander\/\" \/>\n<meta property=\"og:locale\" content=\"fr_FR\" \/>\n<meta property=\"og:type\" content=\"article\" \/>\n<meta property=\"og:title\" content=\"Commander - F\u00e9d\u00e9bon Berry\" \/>\n<meta property=\"og:description\" content=\"Commander des ch\u00e8ques cadeaux f\u00e9d\u00e9bon 18 en ligne ou par email.\" \/>\n<meta property=\"og:url\" content=\"https:\/\/www.fedebon.fr\/berry\/commander\/\" \/>\n<meta property=\"og:site_name\" content=\"F\u00e9d\u00e9bon Berry\" \/>\n<meta property=\"article:modified_time\" content=\"2025-10-01T09:53:34+00:00\" \/>\n<meta name=\"twitter:card\" content=\"summary\" \/>\n<meta name=\"twitter:label1\" content=\"Dur\u00e9e de lecture estim\u00e9e\" \/>\n\t<meta name=\"twitter:data1\" content=\"1 minute\" \/>\n<script type=\"application\/ld+json\" class=\"yoast-schema-graph\">{\"@context\":\"https:\/\/schema.org\",\"@graph\":[{\"@type\":\"WebSite\",\"@id\":\"https:\/\/www.fedebon.fr\/berry\/#website\",\"url\":\"https:\/\/www.fedebon.fr\/berry\/\",\"name\":\"F\u00e9d\u00e9bon Berry\",\"description\":\"F\u00e9d\u00e9bon Berry est un ch\u00e8que cadeau mis \u00e0 la disposition des entreprises, collectivit\u00e9s, et des comit\u00e9s d&#039;entreprise.\",\"potentialAction\":[{\"@type\":\"SearchAction\",\"target\":{\"@type\":\"EntryPoint\",\"urlTemplate\":\"https:\/\/www.fedebon.fr\/berry\/?s={search_term_string}\"},\"query-input\":\"required name=search_term_string\"}],\"inLanguage\":\"fr-FR\"},{\"@type\":\"WebPage\",\"@id\":\"https:\/\/www.fedebon.fr\/berry\/commander\/\",\"url\":\"https:\/\/www.fedebon.fr\/berry\/commander\/\",\"name\":\"Commander - F\u00e9d\u00e9bon Berry\",\"isPartOf\":{\"@id\":\"https:\/\/www.fedebon.fr\/berry\/#website\"},\"datePublished\":\"2016-09-02T15:38:12+00:00\",\"dateModified\":\"2025-10-01T09:53:34+00:00\",\"description\":\"Commander des ch\u00e8ques cadeaux f\u00e9d\u00e9bon 18 en ligne ou par email.\",\"breadcrumb\":{\"@id\":\"https:\/\/www.fedebon.fr\/berry\/commander\/#breadcrumb\"},\"inLanguage\":\"fr-FR\",\"potentialAction\":[{\"@type\":\"ReadAction\",\"target\":[\"https:\/\/www.fedebon.fr\/berry\/commander\/\"]}]},{\"@type\":\"BreadcrumbList\",\"@id\":\"https:\/\/www.fedebon.fr\/berry\/commander\/#breadcrumb\",\"itemListElement\":[{\"@type\":\"ListItem\",\"position\":1,\"name\":\"Accueil\",\"item\":\"https:\/\/www.fedebon.fr\/berry\/\"},{\"@type\":\"ListItem\",\"position\":2,\"name\":\"Commander\"}]}]}<\/script>\n<!-- \/ Yoast SEO plugin. -->","yoast_head_json":{"title":"Commander - F\u00e9d\u00e9bon Berry","description":"Commander des ch\u00e8ques cadeaux f\u00e9d\u00e9bon 18 en ligne ou par email.","robots":{"index":"index","follow":"follow","max-snippet":"max-snippet:-1","max-image-preview":"max-image-preview:large","max-video-preview":"max-video-preview:-1"},"canonical":"https:\/\/www.fedebon.fr\/berry\/commander\/","og_locale":"fr_FR","og_type":"article","og_title":"Commander - F\u00e9d\u00e9bon Berry","og_description":"Commander des ch\u00e8ques cadeaux f\u00e9d\u00e9bon 18 en ligne ou par email.","og_url":"https:\/\/www.fedebon.fr\/berry\/commander\/","og_site_name":"F\u00e9d\u00e9bon Berry","article_modified_time":"2025-10-01T09:53:34+00:00","twitter_card":"summary","twitter_misc":{"Dur\u00e9e de lecture estim\u00e9e":"1 minute"},"schema":{"@context":"https:\/\/schema.org","@graph":[{"@type":"WebSite","@id":"https:\/\/www.fedebon.fr\/berry\/#website","url":"https:\/\/www.fedebon.fr\/berry\/","name":"F\u00e9d\u00e9bon Berry","description":"F\u00e9d\u00e9bon Berry est un ch\u00e8que cadeau mis \u00e0 la disposition des entreprises, collectivit\u00e9s, et des comit\u00e9s d&#039;entreprise.","potentialAction":[{"@type":"SearchAction","target":{"@type":"EntryPoint","urlTemplate":"https:\/\/www.fedebon.fr\/berry\/?s={search_term_string}"},"query-input":"required name=search_term_string"}],"inLanguage":"fr-FR"},{"@type":"WebPage","@id":"https:\/\/www.fedebon.fr\/berry\/commander\/","url":"https:\/\/www.fedebon.fr\/berry\/commander\/","name":"Commander - F\u00e9d\u00e9bon Berry","isPartOf":{"@id":"https:\/\/www.fedebon.fr\/berry\/#website"},"datePublished":"2016-09-02T15:38:12+00:00","dateModified":"2025-10-01T09:53:34+00:00","description":"Commander des ch\u00e8ques cadeaux f\u00e9d\u00e9bon 18 en ligne ou par email.","breadcrumb":{"@id":"https:\/\/www.fedebon.fr\/berry\/commander\/#breadcrumb"},"inLanguage":"fr-FR","potentialAction":[{"@type":"ReadAction","target":["https:\/\/www.fedebon.fr\/berry\/commander\/"]}]},{"@type":"BreadcrumbList","@id":"https:\/\/www.fedebon.fr\/berry\/commander\/#breadcrumb","itemListElement":[{"@type":"ListItem","position":1,"name":"Accueil","item":"https:\/\/www.fedebon.fr\/berry\/"},{"@type":"ListItem","position":2,"name":"Commander"}]}]}},"_links":{"self":[{"href":"https:\/\/www.fedebon.fr\/berry\/wp-json\/wp\/v2\/pages\/8"}],"collection":[{"href":"https:\/\/www.fedebon.fr\/berry\/wp-json\/wp\/v2\/pages"}],"about":[{"href":"https:\/\/www.fedebon.fr\/berry\/wp-json\/wp\/v2\/types\/page"}],"author":[{"embeddable":true,"href":"https:\/\/www.fedebon.fr\/berry\/wp-json\/wp\/v2\/users\/1"}],"replies":[{"embeddable":true,"href":"https:\/\/www.fedebon.fr\/berry\/wp-json\/wp\/v2\/comments?post=8"}],"version-history":[{"count":10,"href":"https:\/\/www.fedebon.fr\/berry\/wp-json\/wp\/v2\/pages\/8\/revisions"}],"predecessor-version":[{"id":2252,"href":"https:\/\/www.fedebon.fr\/berry\/wp-json\/wp\/v2\/pages\/8\/revisions\/2252"}],"wp:attachment":[{"href":"https:\/\/www.fedebon.fr\/berry\/wp-json\/wp\/v2\/media?parent=8"}],"curies":[{"name":"wp","href":"https:\/\/api.w.org\/{rel}","templated":true}]}}