{"id":4,"date":"2016-09-02T17:37:19","date_gmt":"2016-09-02T15:37:19","guid":{"rendered":"http:\/\/www.fedebon.fr\/18\/?page_id=4"},"modified":"2019-04-15T16:37:01","modified_gmt":"2019-04-15T14:37:01","slug":"accueil-cher-18","status":"publish","type":"page","link":"https:\/\/www.fedebon.fr\/berry\/","title":{"rendered":"Ch\u00e8que cadeau"},"content":{"rendered":"<p>[vc_row][vc_column]\n\t\t\t<!-- START Slide Noel REVOLUTION SLIDER 6.5.9 --><p class=\"rs-p-wp-fix\"><\/p>\n\t\t\t<rs-module-wrap id=\"rev_slider_1_1_wrapper\" data-source=\"gallery\" style=\"visibility:hidden;background:transparent;padding:0;margin:0px auto;margin-top:0;margin-bottom:0;\">\n\t\t\t\t<rs-module id=\"rev_slider_1_1\" style=\"\" data-version=\"6.5.9\">\n\t\t\t\t\t<rs-slides>\n\t\t\t\t\t\t<rs-slide style=\"position: absolute;\" data-key=\"rs-29\" data-title=\"Slide\" data-thumb=\"\/\/www.fedebon.fr\/berry\/wp-content\/uploads\/sites\/6\/2020\/05\/Soutenons-nos-commer\u00e7ants-1170x454-100x50.jpg\" data-link=\"\/\/www.fedebon.fr\/berry\/commander\/\"data-tag=\"l\" data-target=\"_self\" data-seoz=\"front\" data-in=\"o:0;\" data-out=\"a:false;\">\n\t\t\t\t\t\t\t<img src=\"\/\/www.fedebon.fr\/berry\/wp-content\/plugins\/revslider\/public\/assets\/assets\/dummy.png\" title=\"Ch\u00e8que cadeau\" class=\"rev-slidebg tp-rs-img rs-lazyload\" data-lazyload=\"\/\/www.fedebon.fr\/berry\/wp-content\/uploads\/sites\/6\/2020\/05\/Soutenons-nos-commer\u00e7ants-1170x454.jpg\" data-bg=\"f:contain;\" data-no-retina>\n<!---->\t\t\t\t\t\t<\/rs-slide>\n\t\t\t\t\t\t<rs-slide style=\"position: absolute;\" data-key=\"rs-40\" data-title=\"Slide naissance\" data-thumb=\"\/\/www.fedebon.fr\/berry\/wp-content\/uploads\/sites\/6\/2023\/05\/fedebon-naissance-1-100x50.jpg\" data-link=\"\/\/www.fedebon.fr\/18\/commander\/\"data-tag=\"l\" data-target=\"_self\" data-seoz=\"front\" data-anim=\"ms:300;f:random;\" data-in=\"o:0;sx:1.1;sy:1.1;m:true;row:5;col:5;\" data-out=\"a:false;\">\n\t\t\t\t\t\t\t<img src=\"\/\/www.fedebon.fr\/berry\/wp-content\/plugins\/revslider\/public\/assets\/assets\/dummy.png\" title=\"fedebon-naissance\" width=\"1848\" height=\"713\" class=\"rev-slidebg tp-rs-img rs-lazyload\" data-lazyload=\"\/\/www.fedebon.fr\/berry\/wp-content\/uploads\/sites\/6\/2023\/05\/fedebon-naissance-1.jpg\" data-bg=\"f:contain;\" data-no-retina>\n<!---->\t\t\t\t\t\t<\/rs-slide>\n\t\t\t\t\t\t<rs-slide style=\"position: absolute;\" data-key=\"rs-43\" data-title=\"Slide  Saint Valentin\" data-thumb=\"\/\/www.fedebon.fr\/berry\/wp-content\/uploads\/sites\/6\/2023\/05\/fedebon-saint-valentin-1-100x50.jpg\" data-link=\"\/\/www.fedebon.fr\/18\/commander\/\"data-tag=\"l\" data-target=\"_self\" data-seoz=\"front\" data-anim=\"ms:300;f:random;\" data-in=\"o:0;sx:1.1;sy:1.1;m:true;row:5;col:5;\" data-out=\"a:false;\">\n\t\t\t\t\t\t\t<img src=\"\/\/www.fedebon.fr\/berry\/wp-content\/plugins\/revslider\/public\/assets\/assets\/dummy.png\" title=\"fedebon-saint-valentin\" width=\"1852\" height=\"717\" class=\"rev-slidebg tp-rs-img rs-lazyload\" data-lazyload=\"\/\/www.fedebon.fr\/berry\/wp-content\/uploads\/sites\/6\/2023\/05\/fedebon-saint-valentin-1.jpg\" data-bg=\"f:contain;\" data-no-retina>\n<!---->\t\t\t\t\t\t<\/rs-slide>\n\t\t\t\t\t<\/rs-slides>\n\t\t\t\t\t<rs-static-layers><!--\n\t\t\t\t\t--><\/rs-static-layers>\n\t\t\t\t<\/rs-module>\n\t\t\t\t<script type=\"text\/javascript\">\n\t\t\t\t\tsetREVStartSize({c: 'rev_slider_1_1',rl:[1240,1024,778,480],el:[454],gw:[1170],gh:[454],type:'standard',justify:'',layout:'fullwidth',mh:\"0\"});if (window.RS_MODULES!==undefined && window.RS_MODULES.modules!==undefined && window.RS_MODULES.modules[\"revslider11\"]!==undefined) {window.RS_MODULES.modules[\"revslider11\"].once = false;window.revapi1 = undefined;if (window.RS_MODULES.checkMinimal!==undefined) window.RS_MODULES.checkMinimal()}\n\t\t\t\t<\/script>\n\t\t\t<\/rs-module-wrap>\n\t\t\t<!-- END REVOLUTION SLIDER -->\n[vc_empty_space height=\u00a0\u00bb40px\u00a0\u00bb][\/vc_column][\/vc_row][vc_row][vc_column width=\u00a0\u00bb1\/6&Prime; css=\u00a0\u00bb.vc_custom_1464181327937{border-radius: 3px !important;}\u00a0\u00bb][vc_icon icon_fontawesome=\u00a0\u00bbfa fa-shopping-bag\u00a0\u00bb color=\u00a0\u00bbcustom\u00a0\u00bb size=\u00a0\u00bbxl\u00a0\u00bb align=\u00a0\u00bbcenter\u00a0\u00bb css_animation=\u00a0\u00bbbottom-to-top\u00a0\u00bb custom_color=\u00a0\u00bb#fbba00&Prime; link=\u00a0\u00bburl:https%3A%2F%2Fwww.fedebon.fr%2Fberry%2Favantages-cheques-fedebon-18%2Fun-commercant%2F||\u00a0\u00bb][vc_column_text css_animation=\u00a0\u00bbbottom-to-top\u00a0\u00bb]<\/p>\n<h4><a href=\"https:\/\/www.fedebon.fr\/berry\/avantages-cheques-fedebon-18\/un-commercant\/\">Commer\u00e7ants<\/a><\/h4>\n<p>[\/vc_column_text][\/vc_column][vc_column width=\u00a0\u00bb1\/6&Prime;][vc_icon icon_fontawesome=\u00a0\u00bbstm-truck\u00a0\u00bb color=\u00a0\u00bbcustom\u00a0\u00bb size=\u00a0\u00bbxl\u00a0\u00bb align=\u00a0\u00bbcenter\u00a0\u00bb css_animation=\u00a0\u00bbbottom-to-top\u00a0\u00bb custom_color=\u00a0\u00bb#fbba00&Prime; link=\u00a0\u00bburl:https%3A%2F%2Fwww.fedebon.fr%2Fberry%2Favantages-cheques-fedebon-18%2Fun-artisan%2F||\u00a0\u00bb][vc_column_text css_animation=\u00a0\u00bbbottom-to-top\u00a0\u00bb]<\/p>\n<h4><a href=\"https:\/\/www.fedebon.fr\/berry\/avantages-cheques-fedebon-18\/un-artisan\/\">Artisans<\/a><\/h4>\n<p>[\/vc_column_text][\/vc_column][vc_column width=\u00a0\u00bb1\/6&Prime;][vc_icon icon_fontawesome=\u00a0\u00bbfa fa-child\u00a0\u00bb color=\u00a0\u00bbcustom\u00a0\u00bb size=\u00a0\u00bbxl\u00a0\u00bb align=\u00a0\u00bbcenter\u00a0\u00bb css_animation=\u00a0\u00bbbottom-to-top\u00a0\u00bb custom_color=\u00a0\u00bb#fbba00&Prime; link=\u00a0\u00bburl:https%3A%2F%2Fwww.fedebon.fr%2Fberry%2Favantages-cheques-fedebon-18%2Fun-salarie%2F||\u00a0\u00bb][vc_column_text css_animation=\u00a0\u00bbbottom-to-top\u00a0\u00bb]<\/p>\n<h4><a href=\"https:\/\/www.fedebon.fr\/berry\/avantages-cheques-fedebon-18\/un-salarie\/\">Salari\u00e9s et particuliers<\/a><\/h4>\n<p>[\/vc_column_text][\/vc_column][vc_column width=\u00a0\u00bb1\/6&Prime;][vc_icon icon_fontawesome=\u00a0\u00bbstm-mans\u00a0\u00bb color=\u00a0\u00bbcustom\u00a0\u00bb size=\u00a0\u00bbxl\u00a0\u00bb align=\u00a0\u00bbcenter\u00a0\u00bb css_animation=\u00a0\u00bbbottom-to-top\u00a0\u00bb custom_color=\u00a0\u00bb#fbba00&Prime; link=\u00a0\u00bburl:https%3A%2F%2Fwww.fedebon.fr%2Fberry%2Favantages-cheques-fedebon-18%2Fun-comite-dentreprise%2F||\u00a0\u00bb][vc_column_text css_animation=\u00a0\u00bbbottom-to-top\u00a0\u00bb]<\/p>\n<h4><a href=\"https:\/\/www.fedebon.fr\/berry\/avantages-cheques-fedebon-18\/un-comite-dentreprise\/\">Comit\u00e9 d&rsquo;entreprise<\/a><\/h4>\n<p>[\/vc_column_text][\/vc_column][vc_column width=\u00a0\u00bb1\/6&Prime;][vc_icon icon_fontawesome=\u00a0\u00bbstm-nokia\u00a0\u00bb color=\u00a0\u00bbcustom\u00a0\u00bb size=\u00a0\u00bbxl\u00a0\u00bb align=\u00a0\u00bbcenter\u00a0\u00bb css_animation=\u00a0\u00bbbottom-to-top\u00a0\u00bb custom_color=\u00a0\u00bb#fbba00&Prime; link=\u00a0\u00bburl:https%3A%2F%2Fwww.fedebon.fr%2Fberry%2Favantages-cheques-fedebon-18%2Fune-collectivite%2F||\u00a0\u00bb][vc_column_text css_animation=\u00a0\u00bbbottom-to-top\u00a0\u00bb]<\/p>\n<h4><a href=\"https:\/\/www.fedebon.fr\/berry\/avantages-cheques-fedebon-18\/une-collectivite\/\">Collectivit\u00e9<\/a><\/h4>\n<p>[\/vc_column_text][\/vc_column][vc_column width=\u00a0\u00bb1\/6&Prime;][vc_icon icon_fontawesome=\u00a0\u00bbfa fa-briefcase\u00a0\u00bb color=\u00a0\u00bbcustom\u00a0\u00bb size=\u00a0\u00bbxl\u00a0\u00bb align=\u00a0\u00bbcenter\u00a0\u00bb css_animation=\u00a0\u00bbbottom-to-top\u00a0\u00bb custom_color=\u00a0\u00bb#fbba00&Prime; link=\u00a0\u00bburl:https%3A%2F%2Fwww.fedebon.fr%2Fberry%2Favantages-cheques-fedebon-18%2Fun-chef-dentreprise%2F||\u00a0\u00bb][vc_column_text css_animation=\u00a0\u00bbbottom-to-top\u00a0\u00bb]<\/p>\n<h4><a href=\"https:\/\/www.fedebon.fr\/berry\/avantages-cheques-fedebon-18\/un-chef-dentreprise\/\">Chef d&rsquo;entreprise<\/a><\/h4>\n<p>[\/vc_column_text][\/vc_column][\/vc_row][vc_row el_id=\u00a0\u00bbalignservice\u00a0\u00bb][vc_column][vc_empty_space height=\u00a0\u00bb5px\u00a0\u00bb][vc_single_image image=\u00a0\u00bb1375&Prime; img_size=\u00a0\u00bbfull\u00a0\u00bb alignment=\u00a0\u00bbcenter\u00a0\u00bb][vc_column_text css=\u00a0\u00bb.vc_custom_1554737876735{padding-top: 20px !important;padding-right: 20px !important;padding-bottom: 20px !important;padding-left: 20px !important;background-color: #26246a !important;border-radius: 5px !important;}\u00a0\u00bb]<\/p>\n<h4 class=\"texte_fedebon\"><strong><span style=\"color: #ffffff;\"><img loading=\"lazy\" class=\"size-full wp-image-2221 alignright\" src=\"https:\/\/www.fedebon.fr\/berry\/wp-content\/uploads\/sites\/6\/2016\/09\/fedebon-cheques-home.png\" alt=\"fedebon-cheques-home\" width=\"220\" height=\"158\" \/>D&rsquo;une valeur de 5 euros, 10 euros ou 20 euros, <span class=\"rouge-fedebon\">F\u00e9d\u00e9bon Berry est un ch\u00e8que cadeau<\/span> mis \u00e0 la disposition des entreprises, des collectivit\u00e9s, des comit\u00e9s d&rsquo;entreprise et particuliers en faveur de leurs salari\u00e9s qui pourront le d\u00e9penser dans les commerces et prestataires de services adh\u00e9rant au dispositif.<\/span><\/strong><\/h4>\n<p>[\/vc_column_text][vc_empty_space height=\u00a0\u00bb5px\u00a0\u00bb][\/vc_column][\/vc_row][vc_row el_id=\u00a0\u00bbalignservice\u00a0\u00bb][vc_column width=\u00a0\u00bb1\/3&Prime;][stm_icon_box enable_hexagon=\u00a0\u00bbenable\u00a0\u00bb enable_hexagon_animation=\u00a0\u00bbenable\u00a0\u00bb v_align_middle=\u00a0\u00bbenable\u00a0\u00bb icon=\u00a0\u00bbfa fa-info-circle\u00a0\u00bb style=\u00a0\u00bbicon_left_transparent\u00a0\u00bb icon_size=\u00a0\u00bb30&Prime; icon_width=\u00a0\u00bb30&Prime; title=\u00a0\u00bbComment \u00e7a marche ?\u00a0\u00bb]D\u2019une valeur unitaire de 20, 10 et 5 euros F\u00e9d\u00e9bon Berry est un bon d\u2019achat. <span style=\"color: #ff0000;\"><strong>F\u00e9d\u00e9bon Berry est un moyen de paiement comme les autres.<\/strong><\/span> C\u2019est la Chambre de Commerce et d\u2019Industrie du cher qui proc\u00e8dera \u00e0 son remboursement.[\/stm_icon_box][vc_btn title=\u00a0\u00bbEn savoir plus\u00a0\u00bb size=\u00a0\u00bbxs\u00a0\u00bb css_animation=\u00a0\u00bbleft-to-right\u00a0\u00bb link=\u00a0\u00bburl:https%3A%2F%2Fwww.fedebon.fr%2Fberry%2Ffedebon-18%2F||\u00a0\u00bb css=\u00a0\u00bb.vc_custom_1555312340296{padding-left: 20px !important;}\u00a0\u00bb][vc_empty_space][\/vc_column][vc_column width=\u00a0\u00bb1\/3&Prime;][stm_icon_box enable_hexagon=\u00a0\u00bbenable\u00a0\u00bb enable_hexagon_animation=\u00a0\u00bbenable\u00a0\u00bb v_align_middle=\u00a0\u00bbenable\u00a0\u00bb icon=\u00a0\u00bbstm-target\u00a0\u00bb style=\u00a0\u00bbicon_left_transparent\u00a0\u00bb icon_size=\u00a0\u00bb30&Prime; icon_width=\u00a0\u00bb30&Prime; title=\u00a0\u00bbA qui \u00e7a s&rsquo;adresse ?\u00a0\u00bb]F\u00e9d\u00e9bon c\u2019est tout le Berry\u00a0! F\u00e9d\u00e9bon Berry est un concept du Cher et de l\u2019Indre \u00ab\u00a0 cl\u00e9 en main\u00a0\u00bb <span style=\"color: #ff0000;\"><strong>mis \u00e0 la disposition des entreprises, des collectivit\u00e9s et des comit\u00e9s d\u2019entreprise en faveur de leurs salari\u00e9s<\/strong><\/span>. Il permet aussi de fid\u00e9liser de nouveaux consommateurs b\u00e9n\u00e9ficiaires des bons achats.[\/stm_icon_box][vc_btn title=\u00a0\u00bbEn savoir plus\u00a0\u00bb size=\u00a0\u00bbxs\u00a0\u00bb css_animation=\u00a0\u00bbleft-to-right\u00a0\u00bb link=\u00a0\u00bburl:https%3A%2F%2Fwww.fedebon.fr%2Fberry%2Favantages-cheques-fedebon-18%2F||\u00a0\u00bb css=\u00a0\u00bb.vc_custom_1555312350159{padding-left: 20px !important;}\u00a0\u00bb][\/vc_column][vc_column width=\u00a0\u00bb1\/3&Prime;][stm_icon_box enable_hexagon=\u00a0\u00bbenable\u00a0\u00bb enable_hexagon_animation=\u00a0\u00bbenable\u00a0\u00bb v_align_middle=\u00a0\u00bbenable\u00a0\u00bb icon=\u00a0\u00bbfa fa-map-marker\u00a0\u00bb style=\u00a0\u00bbicon_left_transparent\u00a0\u00bb icon_size=\u00a0\u00bb30&Prime; icon_width=\u00a0\u00bb30&Prime; title=\u00a0\u00bbO\u00f9 les d\u00e9penser ?\u00a0\u00bb]F\u00e9d\u00e9bon Berry<span style=\"color: #ff0000;\"><strong> offre le plus grand r\u00e9seau du Cher et de l\u2019Indre<\/strong> <\/span>en mati\u00e8re d\u2019enseignes pour un impact b\u00e9n\u00e9ficiaire 100% garanti. Il f\u00e9d\u00e8re plus de 750 commer\u00e7ants et artisans du Cher et de l&rsquo;Indre.[\/stm_icon_box][vc_btn title=\u00a0\u00bbEn savoir plus\u00a0\u00bb size=\u00a0\u00bbxs\u00a0\u00bb css_animation=\u00a0\u00bbleft-to-right\u00a0\u00bb link=\u00a0\u00bburl:https%3A%2F%2Fwww.fedebon.fr%2Fberry%2Fvous-recherchez%2Fun-magasin-participant%2F||\u00a0\u00bb css=\u00a0\u00bb.vc_custom_1555312360841{padding-left: 20px !important;}\u00a0\u00bb][\/vc_column][\/vc_row][vc_row full_width=\u00a0\u00bbstretch_row\u00a0\u00bb css=\u00a0\u00bb.vc_custom_1465305282158{margin-bottom: -60px !important;background-color: #fbba00 !important;}\u00a0\u00bb el_class=\u00a0\u00bbthird_bg_color\u00a0\u00bb][vc_column][vc_cta h2=\u00a0\u00bbBesoin d&rsquo;un renseignement ?\u00a0\u00bb h2_font_container=\u00a0\u00bbfont_size:30px|color:%23ffffff|line_height:24px\u00a0\u00bb h2_use_theme_fonts=\u00a0\u00bbyes\u00a0\u00bb shape=\u00a0\u00bbsquare\u00a0\u00bb style=\u00a0\u00bbflat\u00a0\u00bb add_button=\u00a0\u00bbright\u00a0\u00bb btn_title=\u00a0\u00bbNous contacter\u00a0\u00bb btn_style=\u00a0\u00bbflat\u00a0\u00bb btn_color=\u00a0\u00bbtheme_style_2&Prime; btn_align=\u00a0\u00bbright\u00a0\u00bb btn_i_align=\u00a0\u00bbright\u00a0\u00bb btn_i_icon_fontawesome=\u00a0\u00bbfa fa-arrow-right\u00a0\u00bb use_custom_fonts_h2=\u00a0\u00bbtrue\u00a0\u00bb btn_button_block=\u00a0\u00bbtrue\u00a0\u00bb btn_add_icon=\u00a0\u00bbtrue\u00a0\u00bb el_class=\u00a0\u00bbthird_bg_color\u00a0\u00bb css=\u00a0\u00bb.vc_custom_1555312284239{margin-bottom: 0px !important;background-color: #fbba00 !important;}\u00a0\u00bb btn_link=\u00a0\u00bburl:https%3A%2F%2Fwww.fedebon.fr%2Fberry%2Fcontact%2F||\u00a0\u00bb][\/vc_cta][\/vc_column][\/vc_row][vc_row][vc_column][vc_column_text]<\/p>\n<p>[\/vc_column_text][\/vc_column][\/vc_row]<\/p>\n","protected":false},"excerpt":{"rendered":"<p>[vc_row][vc_column][vc_empty_space height=\u00a0\u00bb40px\u00a0\u00bb][\/vc_column][\/vc_row][vc_row][vc_column width=\u00a0\u00bb1\/6&Prime; css=\u00a0\u00bb.vc_custom_1464181327937{border-radius: 3px !important;}\u00a0\u00bb][vc_icon icon_fontawesome=\u00a0\u00bbfa fa-shopping-bag\u00a0\u00bb color=\u00a0\u00bbcustom\u00a0\u00bb size=\u00a0\u00bbxl\u00a0\u00bb align=\u00a0\u00bbcenter\u00a0\u00bb css_animation=\u00a0\u00bbbottom-to-top\u00a0\u00bb custom_color=\u00a0\u00bb#fbba00&Prime; link=\u00a0\u00bburl:https%3A%2F%2Fwww.fedebon.fr%2Fberry%2Favantages-cheques-fedebon-18%2Fun-commercant%2F||\u00a0\u00bb][vc_column_text css_animation=\u00a0\u00bbbottom-to-top\u00a0\u00bb] Commer\u00e7ants [\/vc_column_text][\/vc_column][vc_column width=\u00a0\u00bb1\/6&Prime;][vc_icon icon_fontawesome=\u00a0\u00bbstm-truck\u00a0\u00bb color=\u00a0\u00bbcustom\u00a0\u00bb size=\u00a0\u00bbxl\u00a0\u00bb align=\u00a0\u00bbcenter\u00a0\u00bb css_animation=\u00a0\u00bbbottom-to-top\u00a0\u00bb custom_color=\u00a0\u00bb#fbba00&Prime; link=\u00a0\u00bburl:https%3A%2F%2Fwww.fedebon.fr%2Fberry%2Favantages-cheques-fedebon-18%2Fun-artisan%2F||\u00a0\u00bb][vc_column_text css_animation=\u00a0\u00bbbottom-to-top\u00a0\u00bb] Artisans [\/vc_column_text][\/vc_column][vc_column width=\u00a0\u00bb1\/6&Prime;][vc_icon icon_fontawesome=\u00a0\u00bbfa fa-child\u00a0\u00bb color=\u00a0\u00bbcustom\u00a0\u00bb size=\u00a0\u00bbxl\u00a0\u00bb align=\u00a0\u00bbcenter\u00a0\u00bb css_animation=\u00a0\u00bbbottom-to-top\u00a0\u00bb custom_color=\u00a0\u00bb#fbba00&Prime; link=\u00a0\u00bburl:https%3A%2F%2Fwww.fedebon.fr%2Fberry%2Favantages-cheques-fedebon-18%2Fun-salarie%2F||\u00a0\u00bb][vc_column_text css_animation=\u00a0\u00bbbottom-to-top\u00a0\u00bb] Salari\u00e9s et particuliers [\/vc_column_text][\/vc_column][vc_column width=\u00a0\u00bb1\/6&Prime;][vc_icon icon_fontawesome=\u00a0\u00bbstm-mans\u00a0\u00bb color=\u00a0\u00bbcustom\u00a0\u00bb size=\u00a0\u00bbxl\u00a0\u00bb align=\u00a0\u00bbcenter\u00a0\u00bb css_animation=\u00a0\u00bbbottom-to-top\u00a0\u00bb custom_color=\u00a0\u00bb#fbba00&Prime; link=\u00a0\u00bburl:https%3A%2F%2Fwww.fedebon.fr%2Fberry%2Favantages-cheques-fedebon-18%2Fun-comite-dentreprise%2F||\u00a0\u00bb][vc_column_text css_animation=\u00a0\u00bbbottom-to-top\u00a0\u00bb] Comit\u00e9 d&rsquo;entreprise [\/vc_column_text][\/vc_column][vc_column width=\u00a0\u00bb1\/6&Prime;][vc_icon<\/p>\n","protected":false},"author":1,"featured_media":0,"parent":0,"menu_order":0,"comment_status":"closed","ping_status":"closed","template":"","meta":[],"yoast_head":"<!-- This site is optimized with the Yoast SEO plugin v19.4 - https:\/\/yoast.com\/wordpress\/plugins\/seo\/ -->\n<title>Ch\u00e8que cadeau - F\u00e9d\u00e9bon Berry<\/title>\n<meta name=\"description\" content=\"F\u00e9d\u00e9bon est un ch\u00e8que cadeau mis \u00e0 disposition des entreprises, collectivit\u00e9s et comit\u00e9s d&#039;entreprise en faveur de leurs salari\u00e9s.\" \/>\n<meta name=\"robots\" content=\"index, follow, max-snippet:-1, max-image-preview:large, max-video-preview:-1\" \/>\n<link rel=\"canonical\" href=\"https:\/\/www.fedebon.fr\/berry\/\" \/>\n<meta property=\"og:locale\" content=\"fr_FR\" \/>\n<meta property=\"og:type\" content=\"article\" \/>\n<meta property=\"og:title\" content=\"Ch\u00e8que cadeau - F\u00e9d\u00e9bon Berry\" \/>\n<meta property=\"og:description\" content=\"F\u00e9d\u00e9bon est un ch\u00e8que cadeau mis \u00e0 disposition des entreprises, collectivit\u00e9s et comit\u00e9s d&#039;entreprise en faveur de leurs salari\u00e9s.\" \/>\n<meta property=\"og:url\" content=\"https:\/\/www.fedebon.fr\/berry\/\" \/>\n<meta property=\"og:site_name\" content=\"F\u00e9d\u00e9bon Berry\" \/>\n<meta property=\"article:modified_time\" content=\"2019-04-15T14:37:01+00:00\" \/>\n<meta property=\"og:image\" content=\"https:\/\/www.fedebon.fr\/berry\/wp-content\/uploads\/sites\/6\/2016\/09\/fedebon-cheques-home.png\" \/>\n<meta name=\"twitter:card\" content=\"summary\" \/>\n<meta name=\"twitter:label1\" content=\"Dur\u00e9e de lecture estim\u00e9e\" \/>\n\t<meta name=\"twitter:data1\" content=\"4 minutes\" \/>\n<script type=\"application\/ld+json\" class=\"yoast-schema-graph\">{\"@context\":\"https:\/\/schema.org\",\"@graph\":[{\"@type\":\"WebSite\",\"@id\":\"https:\/\/www.fedebon.fr\/berry\/#website\",\"url\":\"https:\/\/www.fedebon.fr\/berry\/\",\"name\":\"F\u00e9d\u00e9bon Berry\",\"description\":\"F\u00e9d\u00e9bon Berry est un ch\u00e8que cadeau mis \u00e0 la disposition des entreprises, collectivit\u00e9s, et des comit\u00e9s d&#039;entreprise.\",\"potentialAction\":[{\"@type\":\"SearchAction\",\"target\":{\"@type\":\"EntryPoint\",\"urlTemplate\":\"https:\/\/www.fedebon.fr\/berry\/?s={search_term_string}\"},\"query-input\":\"required name=search_term_string\"}],\"inLanguage\":\"fr-FR\"},{\"@type\":\"WebPage\",\"@id\":\"https:\/\/www.fedebon.fr\/berry\/\",\"url\":\"https:\/\/www.fedebon.fr\/berry\/\",\"name\":\"Ch\u00e8que cadeau - F\u00e9d\u00e9bon Berry\",\"isPartOf\":{\"@id\":\"https:\/\/www.fedebon.fr\/berry\/#website\"},\"datePublished\":\"2016-09-02T15:37:19+00:00\",\"dateModified\":\"2019-04-15T14:37:01+00:00\",\"description\":\"F\u00e9d\u00e9bon est un ch\u00e8que cadeau mis \u00e0 disposition des entreprises, collectivit\u00e9s et comit\u00e9s d'entreprise en faveur de leurs salari\u00e9s.\",\"breadcrumb\":{\"@id\":\"https:\/\/www.fedebon.fr\/berry\/#breadcrumb\"},\"inLanguage\":\"fr-FR\",\"potentialAction\":[{\"@type\":\"ReadAction\",\"target\":[\"https:\/\/www.fedebon.fr\/berry\/\"]}]},{\"@type\":\"BreadcrumbList\",\"@id\":\"https:\/\/www.fedebon.fr\/berry\/#breadcrumb\",\"itemListElement\":[{\"@type\":\"ListItem\",\"position\":1,\"name\":\"Accueil\",\"item\":\"https:\/\/www.fedebon.fr\/berry\/\"},{\"@type\":\"ListItem\",\"position\":2,\"name\":\"Ch\u00e8que cadeau\"}]}]}<\/script>\n<!-- \/ Yoast SEO plugin. -->","yoast_head_json":{"title":"Ch\u00e8que cadeau - F\u00e9d\u00e9bon Berry","description":"F\u00e9d\u00e9bon est un ch\u00e8que cadeau mis \u00e0 disposition des entreprises, collectivit\u00e9s et comit\u00e9s d'entreprise en faveur de leurs salari\u00e9s.","robots":{"index":"index","follow":"follow","max-snippet":"max-snippet:-1","max-image-preview":"max-image-preview:large","max-video-preview":"max-video-preview:-1"},"canonical":"https:\/\/www.fedebon.fr\/berry\/","og_locale":"fr_FR","og_type":"article","og_title":"Ch\u00e8que cadeau - F\u00e9d\u00e9bon Berry","og_description":"F\u00e9d\u00e9bon est un ch\u00e8que cadeau mis \u00e0 disposition des entreprises, collectivit\u00e9s et comit\u00e9s d'entreprise en faveur de leurs salari\u00e9s.","og_url":"https:\/\/www.fedebon.fr\/berry\/","og_site_name":"F\u00e9d\u00e9bon Berry","article_modified_time":"2019-04-15T14:37:01+00:00","og_image":[{"url":"https:\/\/www.fedebon.fr\/berry\/wp-content\/uploads\/sites\/6\/2016\/09\/fedebon-cheques-home.png"}],"twitter_card":"summary","twitter_misc":{"Dur\u00e9e de lecture estim\u00e9e":"4 minutes"},"schema":{"@context":"https:\/\/schema.org","@graph":[{"@type":"WebSite","@id":"https:\/\/www.fedebon.fr\/berry\/#website","url":"https:\/\/www.fedebon.fr\/berry\/","name":"F\u00e9d\u00e9bon Berry","description":"F\u00e9d\u00e9bon Berry est un ch\u00e8que cadeau mis \u00e0 la disposition des entreprises, collectivit\u00e9s, et des comit\u00e9s d&#039;entreprise.","potentialAction":[{"@type":"SearchAction","target":{"@type":"EntryPoint","urlTemplate":"https:\/\/www.fedebon.fr\/berry\/?s={search_term_string}"},"query-input":"required name=search_term_string"}],"inLanguage":"fr-FR"},{"@type":"WebPage","@id":"https:\/\/www.fedebon.fr\/berry\/","url":"https:\/\/www.fedebon.fr\/berry\/","name":"Ch\u00e8que cadeau - F\u00e9d\u00e9bon Berry","isPartOf":{"@id":"https:\/\/www.fedebon.fr\/berry\/#website"},"datePublished":"2016-09-02T15:37:19+00:00","dateModified":"2019-04-15T14:37:01+00:00","description":"F\u00e9d\u00e9bon est un ch\u00e8que cadeau mis \u00e0 disposition des entreprises, collectivit\u00e9s et comit\u00e9s d'entreprise en faveur de leurs salari\u00e9s.","breadcrumb":{"@id":"https:\/\/www.fedebon.fr\/berry\/#breadcrumb"},"inLanguage":"fr-FR","potentialAction":[{"@type":"ReadAction","target":["https:\/\/www.fedebon.fr\/berry\/"]}]},{"@type":"BreadcrumbList","@id":"https:\/\/www.fedebon.fr\/berry\/#breadcrumb","itemListElement":[{"@type":"ListItem","position":1,"name":"Accueil","item":"https:\/\/www.fedebon.fr\/berry\/"},{"@type":"ListItem","position":2,"name":"Ch\u00e8que cadeau"}]}]}},"_links":{"self":[{"href":"https:\/\/www.fedebon.fr\/berry\/wp-json\/wp\/v2\/pages\/4"}],"collection":[{"href":"https:\/\/www.fedebon.fr\/berry\/wp-json\/wp\/v2\/pages"}],"about":[{"href":"https:\/\/www.fedebon.fr\/berry\/wp-json\/wp\/v2\/types\/page"}],"author":[{"embeddable":true,"href":"https:\/\/www.fedebon.fr\/berry\/wp-json\/wp\/v2\/users\/1"}],"replies":[{"embeddable":true,"href":"https:\/\/www.fedebon.fr\/berry\/wp-json\/wp\/v2\/comments?post=4"}],"version-history":[{"count":30,"href":"https:\/\/www.fedebon.fr\/berry\/wp-json\/wp\/v2\/pages\/4\/revisions"}],"predecessor-version":[{"id":1749,"href":"https:\/\/www.fedebon.fr\/berry\/wp-json\/wp\/v2\/pages\/4\/revisions\/1749"}],"wp:attachment":[{"href":"https:\/\/www.fedebon.fr\/berry\/wp-json\/wp\/v2\/media?parent=4"}],"curies":[{"name":"wp","href":"https:\/\/api.w.org\/{rel}","templated":true}]}}