{"id":36,"date":"2016-09-02T17:41:46","date_gmt":"2016-09-02T15:41:46","guid":{"rendered":"http:\/\/www.fedebon.fr\/18\/?page_id=36"},"modified":"2019-04-08T17:52:28","modified_gmt":"2019-04-08T15:52:28","slug":"un-magasin-participant","status":"publish","type":"page","link":"https:\/\/www.fedebon.fr\/berry\/vous-recherchez\/un-magasin-participant\/","title":{"rendered":"Un magasin participant"},"content":{"rendered":"<p>[vc_row][vc_column][vc_custom_heading icon=\u00a0\u00bbfa fa-shopping-cart\u00a0\u00bb icon_size=\u00a0\u00bb50&Prime; text=\u00a0\u00bbVous recherchez un magasin participant\u00a0\u00bb google_fonts=\u00a0\u00bbfont_family:Montserrat%3Aregular%2C700|font_style:400%20regular%3A400%3Anormal\u00a0\u00bb][vc_row_inner][vc_column_inner][vc_column_text]<\/p>\n<ul>\n<li><strong>Les ch\u00e8ques cadeaux F\u00e9d\u00e9bon Berry sont accept\u00e9s chez vos commer\u00e7ants et artisans dans tout le d\u00e9partement du Cher et de l\u2019Indre\u00a0!<\/strong><\/li>\n<li><strong>Retrouvez facilement leurs coordonn\u00e9es en s\u00e9lectionnant une ville ou une activit\u00e9 et laissez vous guider !<\/strong><\/li>\n<li><strong>Vous aurez ainsi acc\u00e8s \u00e0 leur adresse et pourrez visualiser leur emplacement gr\u00e2ce \u00e0 un plan pr\u00e9cis.<\/strong><\/li>\n<\/ul>\n<p>[\/vc_column_text][vc_empty_space][\/vc_column_inner][\/vc_row_inner][vc_column_text]<div class='prettyMapList above cf' id='MapListPro0'><!--The Map --><div id='map-canvas0' class='mapHolder'><\/div><!-- hidden div that gets bound --><div data-bind=\"map: $data.filteredLocations()\"><\/div><!-- Search, Filters, Sorting bar --><div class='prettyFileBar clearfix'><!-- Sorting button --><a data-sorttype='title' class='showSortingBtn float_right corePrettyStyle sortAsc btn' href='#' data-bind='click:sortList'>Trier<\/a><form id='Map-List-Search' data-bind='submit:mapSearchSubmit' class='prettyMapListSearch true'><label>Recherche <\/label><input type='text' class='prettySearchValue' data-bind='value: query, valueUpdate:\"keyup\"' autocomplete='off' value='Search'><a class='clearSearch btn corePrettyStyle' data-bind='visible: anySearchTermsEntered, click: clearSearch'>Vider<\/a><\/form><div class='multiCategoryFilter'><div class=\"customCategoryList\"><a class='showFilterBtn float_right corePrettyStyle btn' href='#' data-bind='click:showCategories'>Cat\u00e9gories<\/a><ul class='unstyled menuDropDown' data-bind='foreach: {data: mapCategories}'><li data-bind='css:slug'><a data-bind='css: {\"showing\": selected}, text: $data.title, click: $parent.selectCategory' href='#'><\/a><\/li><\/ul><\/div><div class='customCategoryList'><a class='customCatButton corePrettyStyle btn' href='' data-bind='click:showCustomCategoriesClick'>Ville<\/a><ul class='unstyled menuDropDown' data-bind='foreach: {data: customCategories.map_location_categories_food}'><li data-bind='css:slug'><a data-taxonomyname='map_location_categories_food' data-bind='css: {\"showing\": selected},text: $data.title, click: $parent.selectCustomCategory' href='#'><\/a><\/li><\/ul><\/div><\/div><\/div><!--Message bar--><div class='prettyMessage' data-bind='visible: anyLocationsAvailable' style='display:none;'><span>Aucun emplacement correspondant <\/span><a class='btn' href='#' data-bind='click:clearSearch'>Voir tous les emplacements<\/a><\/div><div class='prettyMessage' data-bind='visible: geocodeFail' style='display:none;'><span>No location found <\/span><a class='btn' href='#' data-bind='click:clearSearch'>Voir tous les emplacements<\/a><\/div><div id='ListContainer'><!--The List --><ul class='unstyled prettyListItems loading' data-bind='foreach: {data: pagedLocations}'><li class='corePrettyStyle prettylink map location' data-bind='css: $data.cssClass,click: $root.locationClick'><a href='#' class='viewLocationDetail clearfix'><!-- ko if: $data.smallImageUrl --><img src='#' data-bind='attr:{src: $data.smallImageUrl}' class='smallImage' \/><!-- \/ko --><span data-bind='html:$data.title'><\/span><span data-bind='text:$data.friendlyDistance'><\/span><span class='mapcategories'><span class='categoryLabel'>Cat\u00e9gories:<\/span> <span data-bind='html:$parent.itemCategories($data)'><\/span><\/span><\/a><!--Expanded item--><div class='mapLocationDetail clearfix' style='display:none;' data-bind='slideIn: $data.expanded,slideOut: $data.expanded'><div class='mapDescription clearfix'><!-- ko if: $data.imageUrl --><img src='#' data-bind='attr:{src: $data.imageUrl}' class='featuredImage float_left' \/><!-- \/ko --><div class='description float_left'><div data-bind='{html:$data.description}'><\/div><\/div><\/div><!-- ko if: $data.locationUrl--><a href='#' class='viewLocationPage btn corePrettyStyle' data-bind='attr:{href:$data.locationUrl}'>Voir les d\u00e9tails de l'emplacement<\/a><!-- \/ko --><!-- Directions --><div class='getDirections'>Obtenir les directions \u00e0 partir de<form data-bind=\"submit: $root.getDirectionsClick\"> <input class='directionsPostcode' type='text' value='' size='10'\/><a href='#' class='getdirections btn corePrettyStyle' data-bind='click:$root.getDirectionsClick'>Go<\/a><a href='#' class='getdirectionsgeo btn corePrettyStyle' data-bind='click:$root.getDirectionsClick'>Geo locate me<\/a><div class='mapLocationDirectionsHolder'><\/div><\/form><\/div><\/div><\/li><\/ul><\/div><div class='prettyPagination'><a class='pfl_next btn corePrettyStyle' href='#' data-bind='click: nextPage,css:nextPageButtonCSS'>Suivante &raquo;<\/a><div data-bind=\"visible: pagingVisible\" class=\"pagingInfo\">Page <span class='currentPage' data-bind='text: currentPageNumber'><\/span> de <span data-bind='text: totalPages' class='totalPages'><\/span><\/div><a class='pfl_prev btn corePrettyStyle' data-bind='click: prevPage,css:prevPageButtonCSS' href='#'>&laquo; Pr\u00e9c\u00e9cente<\/a><\/div><\/div>[\/vc_column_text][\/vc_column][\/vc_row]<\/p>\n","protected":false},"excerpt":{"rendered":"<p>[vc_row][vc_column][vc_custom_heading icon=\u00a0\u00bbfa fa-shopping-cart\u00a0\u00bb icon_size=\u00a0\u00bb50&Prime; text=\u00a0\u00bbVous recherchez un magasin participant\u00a0\u00bb google_fonts=\u00a0\u00bbfont_family:Montserrat%3Aregular%2C700|font_style:400%20regular%3A400%3Anormal\u00a0\u00bb][vc_row_inner][vc_column_inner][vc_column_text] Les ch\u00e8ques cadeaux F\u00e9d\u00e9bon Berry sont accept\u00e9s chez vos commer\u00e7ants et artisans dans tout le d\u00e9partement du Cher et de l\u2019Indre\u00a0! Retrouvez facilement leurs coordonn\u00e9es en s\u00e9lectionnant une ville ou une activit\u00e9 et laissez vous guider ! Vous aurez ainsi acc\u00e8s \u00e0 leur adresse et<\/p>\n","protected":false},"author":1,"featured_media":0,"parent":34,"menu_order":0,"comment_status":"closed","ping_status":"closed","template":"","meta":[],"yoast_head":"<!-- This site is optimized with the Yoast SEO plugin v19.4 - https:\/\/yoast.com\/wordpress\/plugins\/seo\/ -->\n<title>O\u00f9 d\u00e9penser ces ch\u00e8ques cadeaux F\u00e9d\u00e9bon 18<\/title>\n<meta name=\"description\" content=\"Liste des commer\u00e7ants partenaires qui acceptent les ch\u00e8ques cadeaux f\u00e9d\u00e9bon 18\" \/>\n<meta name=\"robots\" content=\"index, follow, max-snippet:-1, max-image-preview:large, max-video-preview:-1\" \/>\n<link rel=\"canonical\" href=\"https:\/\/www.fedebon.fr\/berry\/vous-recherchez\/un-magasin-participant\/\" \/>\n<meta property=\"og:locale\" content=\"fr_FR\" \/>\n<meta property=\"og:type\" content=\"article\" \/>\n<meta property=\"og:title\" content=\"O\u00f9 d\u00e9penser ces ch\u00e8ques cadeaux F\u00e9d\u00e9bon 18\" \/>\n<meta property=\"og:description\" content=\"Liste des commer\u00e7ants partenaires qui acceptent les ch\u00e8ques cadeaux f\u00e9d\u00e9bon 18\" \/>\n<meta property=\"og:url\" content=\"https:\/\/www.fedebon.fr\/berry\/vous-recherchez\/un-magasin-participant\/\" \/>\n<meta property=\"og:site_name\" content=\"F\u00e9d\u00e9bon Berry\" \/>\n<meta property=\"article:modified_time\" content=\"2019-04-08T15:52:28+00:00\" \/>\n<meta name=\"twitter:card\" content=\"summary\" \/>\n<meta name=\"twitter:label1\" content=\"Dur\u00e9e de lecture estim\u00e9e\" \/>\n\t<meta name=\"twitter:data1\" content=\"1 minute\" \/>\n<script type=\"application\/ld+json\" class=\"yoast-schema-graph\">{\"@context\":\"https:\/\/schema.org\",\"@graph\":[{\"@type\":\"WebSite\",\"@id\":\"https:\/\/www.fedebon.fr\/berry\/#website\",\"url\":\"https:\/\/www.fedebon.fr\/berry\/\",\"name\":\"F\u00e9d\u00e9bon Berry\",\"description\":\"F\u00e9d\u00e9bon Berry est un ch\u00e8que cadeau mis \u00e0 la disposition des entreprises, collectivit\u00e9s, et des comit\u00e9s d&#039;entreprise.\",\"potentialAction\":[{\"@type\":\"SearchAction\",\"target\":{\"@type\":\"EntryPoint\",\"urlTemplate\":\"https:\/\/www.fedebon.fr\/berry\/?s={search_term_string}\"},\"query-input\":\"required name=search_term_string\"}],\"inLanguage\":\"fr-FR\"},{\"@type\":\"WebPage\",\"@id\":\"https:\/\/www.fedebon.fr\/berry\/vous-recherchez\/un-magasin-participant\/\",\"url\":\"https:\/\/www.fedebon.fr\/berry\/vous-recherchez\/un-magasin-participant\/\",\"name\":\"O\u00f9 d\u00e9penser ces ch\u00e8ques cadeaux F\u00e9d\u00e9bon 18\",\"isPartOf\":{\"@id\":\"https:\/\/www.fedebon.fr\/berry\/#website\"},\"datePublished\":\"2016-09-02T15:41:46+00:00\",\"dateModified\":\"2019-04-08T15:52:28+00:00\",\"description\":\"Liste des commer\u00e7ants partenaires qui acceptent les ch\u00e8ques cadeaux f\u00e9d\u00e9bon 18\",\"breadcrumb\":{\"@id\":\"https:\/\/www.fedebon.fr\/berry\/vous-recherchez\/un-magasin-participant\/#breadcrumb\"},\"inLanguage\":\"fr-FR\",\"potentialAction\":[{\"@type\":\"ReadAction\",\"target\":[\"https:\/\/www.fedebon.fr\/berry\/vous-recherchez\/un-magasin-participant\/\"]}]},{\"@type\":\"BreadcrumbList\",\"@id\":\"https:\/\/www.fedebon.fr\/berry\/vous-recherchez\/un-magasin-participant\/#breadcrumb\",\"itemListElement\":[{\"@type\":\"ListItem\",\"position\":1,\"name\":\"Accueil\",\"item\":\"https:\/\/www.fedebon.fr\/berry\/\"},{\"@type\":\"ListItem\",\"position\":2,\"name\":\"Vous recherchez\",\"item\":\"https:\/\/www.fedebon.fr\/berry\/vous-recherchez\/\"},{\"@type\":\"ListItem\",\"position\":3,\"name\":\"Un magasin participant\"}]}]}<\/script>\n<!-- \/ Yoast SEO plugin. -->","yoast_head_json":{"title":"O\u00f9 d\u00e9penser ces ch\u00e8ques cadeaux F\u00e9d\u00e9bon 18","description":"Liste des commer\u00e7ants partenaires qui acceptent les ch\u00e8ques cadeaux f\u00e9d\u00e9bon 18","robots":{"index":"index","follow":"follow","max-snippet":"max-snippet:-1","max-image-preview":"max-image-preview:large","max-video-preview":"max-video-preview:-1"},"canonical":"https:\/\/www.fedebon.fr\/berry\/vous-recherchez\/un-magasin-participant\/","og_locale":"fr_FR","og_type":"article","og_title":"O\u00f9 d\u00e9penser ces ch\u00e8ques cadeaux F\u00e9d\u00e9bon 18","og_description":"Liste des commer\u00e7ants partenaires qui acceptent les ch\u00e8ques cadeaux f\u00e9d\u00e9bon 18","og_url":"https:\/\/www.fedebon.fr\/berry\/vous-recherchez\/un-magasin-participant\/","og_site_name":"F\u00e9d\u00e9bon Berry","article_modified_time":"2019-04-08T15:52:28+00:00","twitter_card":"summary","twitter_misc":{"Dur\u00e9e de lecture estim\u00e9e":"1 minute"},"schema":{"@context":"https:\/\/schema.org","@graph":[{"@type":"WebSite","@id":"https:\/\/www.fedebon.fr\/berry\/#website","url":"https:\/\/www.fedebon.fr\/berry\/","name":"F\u00e9d\u00e9bon Berry","description":"F\u00e9d\u00e9bon Berry est un ch\u00e8que cadeau mis \u00e0 la disposition des entreprises, collectivit\u00e9s, et des comit\u00e9s d&#039;entreprise.","potentialAction":[{"@type":"SearchAction","target":{"@type":"EntryPoint","urlTemplate":"https:\/\/www.fedebon.fr\/berry\/?s={search_term_string}"},"query-input":"required name=search_term_string"}],"inLanguage":"fr-FR"},{"@type":"WebPage","@id":"https:\/\/www.fedebon.fr\/berry\/vous-recherchez\/un-magasin-participant\/","url":"https:\/\/www.fedebon.fr\/berry\/vous-recherchez\/un-magasin-participant\/","name":"O\u00f9 d\u00e9penser ces ch\u00e8ques cadeaux F\u00e9d\u00e9bon 18","isPartOf":{"@id":"https:\/\/www.fedebon.fr\/berry\/#website"},"datePublished":"2016-09-02T15:41:46+00:00","dateModified":"2019-04-08T15:52:28+00:00","description":"Liste des commer\u00e7ants partenaires qui acceptent les ch\u00e8ques cadeaux f\u00e9d\u00e9bon 18","breadcrumb":{"@id":"https:\/\/www.fedebon.fr\/berry\/vous-recherchez\/un-magasin-participant\/#breadcrumb"},"inLanguage":"fr-FR","potentialAction":[{"@type":"ReadAction","target":["https:\/\/www.fedebon.fr\/berry\/vous-recherchez\/un-magasin-participant\/"]}]},{"@type":"BreadcrumbList","@id":"https:\/\/www.fedebon.fr\/berry\/vous-recherchez\/un-magasin-participant\/#breadcrumb","itemListElement":[{"@type":"ListItem","position":1,"name":"Accueil","item":"https:\/\/www.fedebon.fr\/berry\/"},{"@type":"ListItem","position":2,"name":"Vous recherchez","item":"https:\/\/www.fedebon.fr\/berry\/vous-recherchez\/"},{"@type":"ListItem","position":3,"name":"Un magasin participant"}]}]}},"_links":{"self":[{"href":"https:\/\/www.fedebon.fr\/berry\/wp-json\/wp\/v2\/pages\/36"}],"collection":[{"href":"https:\/\/www.fedebon.fr\/berry\/wp-json\/wp\/v2\/pages"}],"about":[{"href":"https:\/\/www.fedebon.fr\/berry\/wp-json\/wp\/v2\/types\/page"}],"author":[{"embeddable":true,"href":"https:\/\/www.fedebon.fr\/berry\/wp-json\/wp\/v2\/users\/1"}],"replies":[{"embeddable":true,"href":"https:\/\/www.fedebon.fr\/berry\/wp-json\/wp\/v2\/comments?post=36"}],"version-history":[{"count":6,"href":"https:\/\/www.fedebon.fr\/berry\/wp-json\/wp\/v2\/pages\/36\/revisions"}],"predecessor-version":[{"id":1269,"href":"https:\/\/www.fedebon.fr\/berry\/wp-json\/wp\/v2\/pages\/36\/revisions\/1269"}],"up":[{"embeddable":true,"href":"https:\/\/www.fedebon.fr\/berry\/wp-json\/wp\/v2\/pages\/34"}],"wp:attachment":[{"href":"https:\/\/www.fedebon.fr\/berry\/wp-json\/wp\/v2\/media?parent=36"}],"curies":[{"name":"wp","href":"https:\/\/api.w.org\/{rel}","templated":true}]}}