{"id":32,"date":"2016-09-02T17:41:15","date_gmt":"2016-09-02T15:41:15","guid":{"rendered":"http:\/\/www.fedebon.fr\/18\/?page_id=32"},"modified":"2020-03-05T15:52:42","modified_gmt":"2020-03-05T14:52:42","slug":"partenaires","status":"publish","type":"page","link":"https:\/\/www.fedebon.fr\/berry\/partenaires\/","title":{"rendered":"Partenaires"},"content":{"rendered":"<p>[vc_row][vc_column width=\u00a0\u00bb1\/2&Prime;][vc_single_image image=\u00a0\u00bb1662&Prime; img_size=\u00a0\u00bbmedium\u00a0\u00bb alignment=\u00a0\u00bbcenter\u00a0\u00bb css_animation=\u00a0\u00bbbottom-to-top\u00a0\u00bb][vc_column_text]<\/p>\n<p style=\"text-align: center\"><strong>Chambre de Commerce et d&rsquo;Industrie\u00a0du Cher<\/strong><\/p>\n<p style=\"text-align: center\"><a href=\"http:\/\/www.cher.cci.fr\/\">www.cher.cci.fr<\/a><\/p>\n<p>[\/vc_column_text][\/vc_column][vc_column width=\u00a0\u00bb1\/2&Prime;][vc_single_image image=\u00a0\u00bb1746&Prime; img_size=\u00a0\u00bbmedium\u00a0\u00bb alignment=\u00a0\u00bbcenter\u00a0\u00bb css_animation=\u00a0\u00bbbottom-to-top\u00a0\u00bb][vc_column_text]<\/p>\n<p style=\"text-align: center\"><strong>Chambre de Commerce et d&rsquo;Industrie\u00a0de l&rsquo;Indre<br \/>\n<\/strong><\/p>\n<p style=\"text-align: center\"><a href=\"https:\/\/www.indre.cci.fr\/\" target=\"_blank\">www.indre.cci.fr<\/a><\/p>\n<p>[\/vc_column_text][\/vc_column][\/vc_row]<\/p>\n","protected":false},"excerpt":{"rendered":"<p>[vc_row][vc_column width=\u00a0\u00bb1\/2&Prime;][vc_single_image image=\u00a0\u00bb1662&Prime; img_size=\u00a0\u00bbmedium\u00a0\u00bb alignment=\u00a0\u00bbcenter\u00a0\u00bb css_animation=\u00a0\u00bbbottom-to-top\u00a0\u00bb][vc_column_text] Chambre de Commerce et d&rsquo;Industrie\u00a0du Cher www.cher.cci.fr [\/vc_column_text][\/vc_column][vc_column width=\u00a0\u00bb1\/2&Prime;][vc_single_image image=\u00a0\u00bb1746&Prime; img_size=\u00a0\u00bbmedium\u00a0\u00bb alignment=\u00a0\u00bbcenter\u00a0\u00bb css_animation=\u00a0\u00bbbottom-to-top\u00a0\u00bb][vc_column_text] Chambre de Commerce et d&rsquo;Industrie\u00a0de l&rsquo;Indre www.indre.cci.fr [\/vc_column_text][\/vc_column][\/vc_row]<\/p>\n","protected":false},"author":1,"featured_media":0,"parent":0,"menu_order":0,"comment_status":"closed","ping_status":"closed","template":"","meta":[],"yoast_head":"<!-- This site is optimized with the Yoast SEO plugin v19.4 - https:\/\/yoast.com\/wordpress\/plugins\/seo\/ -->\n<title>Partenaires - F\u00e9d\u00e9bon Berry<\/title>\n<meta name=\"robots\" content=\"index, follow, max-snippet:-1, max-image-preview:large, max-video-preview:-1\" \/>\n<link rel=\"canonical\" href=\"https:\/\/www.fedebon.fr\/berry\/partenaires\/\" \/>\n<meta property=\"og:locale\" content=\"fr_FR\" \/>\n<meta property=\"og:type\" content=\"article\" \/>\n<meta property=\"og:title\" content=\"Partenaires - F\u00e9d\u00e9bon Berry\" \/>\n<meta property=\"og:description\" content=\"[vc_row][vc_column width=\u00a0\u00bb1\/2&Prime;][vc_single_image image=\u00a0\u00bb1662&Prime; img_size=\u00a0\u00bbmedium\u00a0\u00bb alignment=\u00a0\u00bbcenter\u00a0\u00bb css_animation=\u00a0\u00bbbottom-to-top\u00a0\u00bb][vc_column_text] Chambre de Commerce et d&rsquo;Industrie\u00a0du Cher www.cher.cci.fr [\/vc_column_text][\/vc_column][vc_column width=\u00a0\u00bb1\/2&Prime;][vc_single_image image=\u00a0\u00bb1746&Prime; img_size=\u00a0\u00bbmedium\u00a0\u00bb alignment=\u00a0\u00bbcenter\u00a0\u00bb css_animation=\u00a0\u00bbbottom-to-top\u00a0\u00bb][vc_column_text] Chambre de Commerce et d&rsquo;Industrie\u00a0de l&rsquo;Indre www.indre.cci.fr [\/vc_column_text][\/vc_column][\/vc_row]\" \/>\n<meta property=\"og:url\" content=\"https:\/\/www.fedebon.fr\/berry\/partenaires\/\" \/>\n<meta property=\"og:site_name\" content=\"F\u00e9d\u00e9bon Berry\" \/>\n<meta property=\"article:modified_time\" content=\"2020-03-05T14:52:42+00:00\" \/>\n<meta name=\"twitter:card\" content=\"summary\" \/>\n<script type=\"application\/ld+json\" class=\"yoast-schema-graph\">{\"@context\":\"https:\/\/schema.org\",\"@graph\":[{\"@type\":\"WebSite\",\"@id\":\"https:\/\/www.fedebon.fr\/berry\/#website\",\"url\":\"https:\/\/www.fedebon.fr\/berry\/\",\"name\":\"F\u00e9d\u00e9bon Berry\",\"description\":\"F\u00e9d\u00e9bon Berry est un ch\u00e8que cadeau mis \u00e0 la disposition des entreprises, collectivit\u00e9s, et des comit\u00e9s d&#039;entreprise.\",\"potentialAction\":[{\"@type\":\"SearchAction\",\"target\":{\"@type\":\"EntryPoint\",\"urlTemplate\":\"https:\/\/www.fedebon.fr\/berry\/?s={search_term_string}\"},\"query-input\":\"required name=search_term_string\"}],\"inLanguage\":\"fr-FR\"},{\"@type\":\"WebPage\",\"@id\":\"https:\/\/www.fedebon.fr\/berry\/partenaires\/\",\"url\":\"https:\/\/www.fedebon.fr\/berry\/partenaires\/\",\"name\":\"Partenaires - F\u00e9d\u00e9bon Berry\",\"isPartOf\":{\"@id\":\"https:\/\/www.fedebon.fr\/berry\/#website\"},\"datePublished\":\"2016-09-02T15:41:15+00:00\",\"dateModified\":\"2020-03-05T14:52:42+00:00\",\"breadcrumb\":{\"@id\":\"https:\/\/www.fedebon.fr\/berry\/partenaires\/#breadcrumb\"},\"inLanguage\":\"fr-FR\",\"potentialAction\":[{\"@type\":\"ReadAction\",\"target\":[\"https:\/\/www.fedebon.fr\/berry\/partenaires\/\"]}]},{\"@type\":\"BreadcrumbList\",\"@id\":\"https:\/\/www.fedebon.fr\/berry\/partenaires\/#breadcrumb\",\"itemListElement\":[{\"@type\":\"ListItem\",\"position\":1,\"name\":\"Accueil\",\"item\":\"https:\/\/www.fedebon.fr\/berry\/\"},{\"@type\":\"ListItem\",\"position\":2,\"name\":\"Partenaires\"}]}]}<\/script>\n<!-- \/ Yoast SEO plugin. -->","yoast_head_json":{"title":"Partenaires - F\u00e9d\u00e9bon Berry","robots":{"index":"index","follow":"follow","max-snippet":"max-snippet:-1","max-image-preview":"max-image-preview:large","max-video-preview":"max-video-preview:-1"},"canonical":"https:\/\/www.fedebon.fr\/berry\/partenaires\/","og_locale":"fr_FR","og_type":"article","og_title":"Partenaires - F\u00e9d\u00e9bon Berry","og_description":"[vc_row][vc_column width=\u00a0\u00bb1\/2&Prime;][vc_single_image image=\u00a0\u00bb1662&Prime; img_size=\u00a0\u00bbmedium\u00a0\u00bb alignment=\u00a0\u00bbcenter\u00a0\u00bb css_animation=\u00a0\u00bbbottom-to-top\u00a0\u00bb][vc_column_text] Chambre de Commerce et d&rsquo;Industrie\u00a0du Cher www.cher.cci.fr [\/vc_column_text][\/vc_column][vc_column width=\u00a0\u00bb1\/2&Prime;][vc_single_image image=\u00a0\u00bb1746&Prime; img_size=\u00a0\u00bbmedium\u00a0\u00bb alignment=\u00a0\u00bbcenter\u00a0\u00bb css_animation=\u00a0\u00bbbottom-to-top\u00a0\u00bb][vc_column_text] Chambre de Commerce et d&rsquo;Industrie\u00a0de l&rsquo;Indre www.indre.cci.fr [\/vc_column_text][\/vc_column][\/vc_row]","og_url":"https:\/\/www.fedebon.fr\/berry\/partenaires\/","og_site_name":"F\u00e9d\u00e9bon Berry","article_modified_time":"2020-03-05T14:52:42+00:00","twitter_card":"summary","schema":{"@context":"https:\/\/schema.org","@graph":[{"@type":"WebSite","@id":"https:\/\/www.fedebon.fr\/berry\/#website","url":"https:\/\/www.fedebon.fr\/berry\/","name":"F\u00e9d\u00e9bon Berry","description":"F\u00e9d\u00e9bon Berry est un ch\u00e8que cadeau mis \u00e0 la disposition des entreprises, collectivit\u00e9s, et des comit\u00e9s d&#039;entreprise.","potentialAction":[{"@type":"SearchAction","target":{"@type":"EntryPoint","urlTemplate":"https:\/\/www.fedebon.fr\/berry\/?s={search_term_string}"},"query-input":"required name=search_term_string"}],"inLanguage":"fr-FR"},{"@type":"WebPage","@id":"https:\/\/www.fedebon.fr\/berry\/partenaires\/","url":"https:\/\/www.fedebon.fr\/berry\/partenaires\/","name":"Partenaires - F\u00e9d\u00e9bon Berry","isPartOf":{"@id":"https:\/\/www.fedebon.fr\/berry\/#website"},"datePublished":"2016-09-02T15:41:15+00:00","dateModified":"2020-03-05T14:52:42+00:00","breadcrumb":{"@id":"https:\/\/www.fedebon.fr\/berry\/partenaires\/#breadcrumb"},"inLanguage":"fr-FR","potentialAction":[{"@type":"ReadAction","target":["https:\/\/www.fedebon.fr\/berry\/partenaires\/"]}]},{"@type":"BreadcrumbList","@id":"https:\/\/www.fedebon.fr\/berry\/partenaires\/#breadcrumb","itemListElement":[{"@type":"ListItem","position":1,"name":"Accueil","item":"https:\/\/www.fedebon.fr\/berry\/"},{"@type":"ListItem","position":2,"name":"Partenaires"}]}]}},"_links":{"self":[{"href":"https:\/\/www.fedebon.fr\/berry\/wp-json\/wp\/v2\/pages\/32"}],"collection":[{"href":"https:\/\/www.fedebon.fr\/berry\/wp-json\/wp\/v2\/pages"}],"about":[{"href":"https:\/\/www.fedebon.fr\/berry\/wp-json\/wp\/v2\/types\/page"}],"author":[{"embeddable":true,"href":"https:\/\/www.fedebon.fr\/berry\/wp-json\/wp\/v2\/users\/1"}],"replies":[{"embeddable":true,"href":"https:\/\/www.fedebon.fr\/berry\/wp-json\/wp\/v2\/comments?post=32"}],"version-history":[{"count":8,"href":"https:\/\/www.fedebon.fr\/berry\/wp-json\/wp\/v2\/pages\/32\/revisions"}],"predecessor-version":[{"id":1747,"href":"https:\/\/www.fedebon.fr\/berry\/wp-json\/wp\/v2\/pages\/32\/revisions\/1747"}],"wp:attachment":[{"href":"https:\/\/www.fedebon.fr\/berry\/wp-json\/wp\/v2\/media?parent=32"}],"curies":[{"name":"wp","href":"https:\/\/api.w.org\/{rel}","templated":true}]}}