{"id":30,"date":"2016-09-02T17:41:02","date_gmt":"2016-09-02T15:41:02","guid":{"rendered":"http:\/\/www.fedebon.fr\/18\/?page_id=30"},"modified":"2026-01-05T11:30:17","modified_gmt":"2026-01-05T10:30:17","slug":"mentions-legales","status":"publish","type":"page","link":"https:\/\/www.fedebon.fr\/berry\/mentions-legales\/","title":{"rendered":"Mentions l\u00e9gales"},"content":{"rendered":"<p><strong>Le site <a title=\"www.18.fedebon.com\" href=\"http:\/\/www.18.fedebon.com\/\">www.18.fedebon.com<\/a> est \u00e9dit\u00e9 par la CCI du Cher.<\/strong><br \/>\n<strong>Directeur de publication :<\/strong> Coralie Outreville, Directrice G\u00e9n\u00e9rale<\/p>\n<p><strong>Siren<\/strong> : 181 800 012<\/p>\n<p><strong>Adresse de la <\/strong><strong>CCI du Cher<\/strong><br \/>\n14 all\u00e9e Charles Path\u00e9 &#8211; BP 54 &#8211; 18 022 Bourges Cedex<br \/>\n<strong>T\u00e9l<\/strong>. 02.48.67.80.85\u00a0 &#8211;<br \/>\n<strong>Courriel<\/strong> : communication<a href=\"mailto:communication@cher.cci.fr\">@cher.cci.fr<\/a><\/p>\n<h3><strong>Cr\u00e9ation \/ Webmastering \/ Maintenance<\/strong><\/h3>\n<p>R\u00e9sonance communication SARL<br \/>\n5 place Davilla 11000 Carcassonne<br \/>\nT\u00e9l. : 04 68 76 00 31<\/p>\n<h3><strong>Le prestataire assurant l&rsquo;h\u00e9bergement est la soci\u00e9t\u00e9 OVH.<\/strong><\/h3>\n<p><strong>Adresse<\/strong> : 140, quai du sartel &#8211; 59100 Roubaix &#8211; <strong>T\u00e9l<\/strong>. : 0899 701 761<br \/>\n(1.349 Euros TTC l&rsquo;appel, et 0.337 Euros TTC\/mn)<\/p>\n<h2>Commentaires, remarques et suggestions<\/h2>\n<p>F\u00e9d\u00e9bon 18 ne garantit pas que ce site soit exempt de d\u00e9faut, d\u2019erreur ou d\u2019omission. L\u2019information qui y est contenue est destin\u00e9e \u00e0 vous apporter des indications g\u00e9n\u00e9rales et les mieux actualis\u00e9es possibles sur les sujets trait\u00e9s. F\u00e9d\u00e9bon Berry ne saurait en aucun cas \u00eatre tenu responsable des \u00e9ventuels d\u00e9fauts, erreurs ou omissions existant dans ce site, ni de l\u2019utilisation et de l\u2019interpr\u00e9tation de l\u2019information qu\u2019il contient.<\/p>\n<p>La pr\u00e9sente clause de r\u00e9serve juridique n\u2019a pas pour objet de limiter la responsabilit\u00e9 de F\u00e9d\u00e9bon Berry de mani\u00e8re contraire \u00e0 la l\u00e9gislation nationale applicable ni de l\u2019exclure dans les cas o\u00f9 elle peut \u00eatre engag\u00e9e en vertu de ladite l\u00e9gislation.<\/p>\n<p>Conform\u00e9ment \u00e0 la loi du 6 janvier 1978 relative \u00e0 l\u2019informatique, aux fichiers et aux libert\u00e9s, pour toute collecte d\u2019informations priv\u00e9es via le formulaire pr\u00e9sent sur ce site, vous disposez d\u2019un droit d\u2019acc\u00e8s, de modification, de rectification et de suppression des donn\u00e9es qui vous concernent.<\/p>\n<p>Pour l\u2019exercer, adressez-vous \u00e0 la CCI du Cher 14 all\u00e9e Charles Path\u00e9 &#8211; BP 54 &#8211; 18 022 Bourges Cedex<\/p>\n","protected":false},"excerpt":{"rendered":"<p>Le site www.18.fedebon.com est \u00e9dit\u00e9 par la CCI du Cher. Directeur de publication : Coralie Outreville, Directrice G\u00e9n\u00e9rale Siren : 181 800 012 Adresse de la CCI du Cher 14 all\u00e9e Charles Path\u00e9 &#8211; BP 54 &#8211; 18 022 Bourges Cedex T\u00e9l. 02.48.67.80.85\u00a0 &#8211; Courriel : communication@cher.cci.fr Cr\u00e9ation \/ Webmastering \/ Maintenance R\u00e9sonance communication SARL<\/p>\n","protected":false},"author":1,"featured_media":0,"parent":0,"menu_order":0,"comment_status":"closed","ping_status":"closed","template":"","meta":[],"yoast_head":"<!-- This site is optimized with the Yoast SEO plugin v19.4 - https:\/\/yoast.com\/wordpress\/plugins\/seo\/ -->\n<title>Mentions l\u00e9gales - F\u00e9d\u00e9bon Berry<\/title>\n<meta name=\"robots\" content=\"index, follow, max-snippet:-1, max-image-preview:large, max-video-preview:-1\" \/>\n<link rel=\"canonical\" href=\"https:\/\/www.fedebon.fr\/berry\/mentions-legales\/\" \/>\n<meta property=\"og:locale\" content=\"fr_FR\" \/>\n<meta property=\"og:type\" content=\"article\" \/>\n<meta property=\"og:title\" content=\"Mentions l\u00e9gales - F\u00e9d\u00e9bon Berry\" \/>\n<meta property=\"og:description\" content=\"Le site www.18.fedebon.com est \u00e9dit\u00e9 par la CCI du Cher. Directeur de publication : Coralie Outreville, Directrice G\u00e9n\u00e9rale Siren : 181 800 012 Adresse de la CCI du Cher 14 all\u00e9e Charles Path\u00e9 &#8211; BP 54 &#8211; 18 022 Bourges Cedex T\u00e9l. 02.48.67.80.85\u00a0 &#8211; Courriel : communication@cher.cci.fr Cr\u00e9ation \/ Webmastering \/ Maintenance R\u00e9sonance communication SARL\" \/>\n<meta property=\"og:url\" content=\"https:\/\/www.fedebon.fr\/berry\/mentions-legales\/\" \/>\n<meta property=\"og:site_name\" content=\"F\u00e9d\u00e9bon Berry\" \/>\n<meta property=\"article:modified_time\" content=\"2026-01-05T10:30:17+00:00\" \/>\n<meta name=\"twitter:card\" content=\"summary\" \/>\n<meta name=\"twitter:label1\" content=\"Dur\u00e9e de lecture estim\u00e9e\" \/>\n\t<meta name=\"twitter:data1\" content=\"2 minutes\" \/>\n<script type=\"application\/ld+json\" class=\"yoast-schema-graph\">{\"@context\":\"https:\/\/schema.org\",\"@graph\":[{\"@type\":\"WebSite\",\"@id\":\"https:\/\/www.fedebon.fr\/berry\/#website\",\"url\":\"https:\/\/www.fedebon.fr\/berry\/\",\"name\":\"F\u00e9d\u00e9bon Berry\",\"description\":\"F\u00e9d\u00e9bon Berry est un ch\u00e8que cadeau mis \u00e0 la disposition des entreprises, collectivit\u00e9s, et des comit\u00e9s d&#039;entreprise.\",\"potentialAction\":[{\"@type\":\"SearchAction\",\"target\":{\"@type\":\"EntryPoint\",\"urlTemplate\":\"https:\/\/www.fedebon.fr\/berry\/?s={search_term_string}\"},\"query-input\":\"required name=search_term_string\"}],\"inLanguage\":\"fr-FR\"},{\"@type\":\"WebPage\",\"@id\":\"https:\/\/www.fedebon.fr\/berry\/mentions-legales\/\",\"url\":\"https:\/\/www.fedebon.fr\/berry\/mentions-legales\/\",\"name\":\"Mentions l\u00e9gales - F\u00e9d\u00e9bon Berry\",\"isPartOf\":{\"@id\":\"https:\/\/www.fedebon.fr\/berry\/#website\"},\"datePublished\":\"2016-09-02T15:41:02+00:00\",\"dateModified\":\"2026-01-05T10:30:17+00:00\",\"breadcrumb\":{\"@id\":\"https:\/\/www.fedebon.fr\/berry\/mentions-legales\/#breadcrumb\"},\"inLanguage\":\"fr-FR\",\"potentialAction\":[{\"@type\":\"ReadAction\",\"target\":[\"https:\/\/www.fedebon.fr\/berry\/mentions-legales\/\"]}]},{\"@type\":\"BreadcrumbList\",\"@id\":\"https:\/\/www.fedebon.fr\/berry\/mentions-legales\/#breadcrumb\",\"itemListElement\":[{\"@type\":\"ListItem\",\"position\":1,\"name\":\"Accueil\",\"item\":\"https:\/\/www.fedebon.fr\/berry\/\"},{\"@type\":\"ListItem\",\"position\":2,\"name\":\"Mentions l\u00e9gales\"}]}]}<\/script>\n<!-- \/ Yoast SEO plugin. -->","yoast_head_json":{"title":"Mentions l\u00e9gales - F\u00e9d\u00e9bon Berry","robots":{"index":"index","follow":"follow","max-snippet":"max-snippet:-1","max-image-preview":"max-image-preview:large","max-video-preview":"max-video-preview:-1"},"canonical":"https:\/\/www.fedebon.fr\/berry\/mentions-legales\/","og_locale":"fr_FR","og_type":"article","og_title":"Mentions l\u00e9gales - F\u00e9d\u00e9bon Berry","og_description":"Le site www.18.fedebon.com est \u00e9dit\u00e9 par la CCI du Cher. Directeur de publication : Coralie Outreville, Directrice G\u00e9n\u00e9rale Siren : 181 800 012 Adresse de la CCI du Cher 14 all\u00e9e Charles Path\u00e9 &#8211; BP 54 &#8211; 18 022 Bourges Cedex T\u00e9l. 02.48.67.80.85\u00a0 &#8211; Courriel : communication@cher.cci.fr Cr\u00e9ation \/ Webmastering \/ Maintenance R\u00e9sonance communication SARL","og_url":"https:\/\/www.fedebon.fr\/berry\/mentions-legales\/","og_site_name":"F\u00e9d\u00e9bon Berry","article_modified_time":"2026-01-05T10:30:17+00:00","twitter_card":"summary","twitter_misc":{"Dur\u00e9e de lecture estim\u00e9e":"2 minutes"},"schema":{"@context":"https:\/\/schema.org","@graph":[{"@type":"WebSite","@id":"https:\/\/www.fedebon.fr\/berry\/#website","url":"https:\/\/www.fedebon.fr\/berry\/","name":"F\u00e9d\u00e9bon Berry","description":"F\u00e9d\u00e9bon Berry est un ch\u00e8que cadeau mis \u00e0 la disposition des entreprises, collectivit\u00e9s, et des comit\u00e9s d&#039;entreprise.","potentialAction":[{"@type":"SearchAction","target":{"@type":"EntryPoint","urlTemplate":"https:\/\/www.fedebon.fr\/berry\/?s={search_term_string}"},"query-input":"required name=search_term_string"}],"inLanguage":"fr-FR"},{"@type":"WebPage","@id":"https:\/\/www.fedebon.fr\/berry\/mentions-legales\/","url":"https:\/\/www.fedebon.fr\/berry\/mentions-legales\/","name":"Mentions l\u00e9gales - F\u00e9d\u00e9bon Berry","isPartOf":{"@id":"https:\/\/www.fedebon.fr\/berry\/#website"},"datePublished":"2016-09-02T15:41:02+00:00","dateModified":"2026-01-05T10:30:17+00:00","breadcrumb":{"@id":"https:\/\/www.fedebon.fr\/berry\/mentions-legales\/#breadcrumb"},"inLanguage":"fr-FR","potentialAction":[{"@type":"ReadAction","target":["https:\/\/www.fedebon.fr\/berry\/mentions-legales\/"]}]},{"@type":"BreadcrumbList","@id":"https:\/\/www.fedebon.fr\/berry\/mentions-legales\/#breadcrumb","itemListElement":[{"@type":"ListItem","position":1,"name":"Accueil","item":"https:\/\/www.fedebon.fr\/berry\/"},{"@type":"ListItem","position":2,"name":"Mentions l\u00e9gales"}]}]}},"_links":{"self":[{"href":"https:\/\/www.fedebon.fr\/berry\/wp-json\/wp\/v2\/pages\/30"}],"collection":[{"href":"https:\/\/www.fedebon.fr\/berry\/wp-json\/wp\/v2\/pages"}],"about":[{"href":"https:\/\/www.fedebon.fr\/berry\/wp-json\/wp\/v2\/types\/page"}],"author":[{"embeddable":true,"href":"https:\/\/www.fedebon.fr\/berry\/wp-json\/wp\/v2\/users\/1"}],"replies":[{"embeddable":true,"href":"https:\/\/www.fedebon.fr\/berry\/wp-json\/wp\/v2\/comments?post=30"}],"version-history":[{"count":8,"href":"https:\/\/www.fedebon.fr\/berry\/wp-json\/wp\/v2\/pages\/30\/revisions"}],"predecessor-version":[{"id":2274,"href":"https:\/\/www.fedebon.fr\/berry\/wp-json\/wp\/v2\/pages\/30\/revisions\/2274"}],"wp:attachment":[{"href":"https:\/\/www.fedebon.fr\/berry\/wp-json\/wp\/v2\/media?parent=30"}],"curies":[{"name":"wp","href":"https:\/\/api.w.org\/{rel}","templated":true}]}}