{"id":20,"date":"2016-09-02T17:39:42","date_gmt":"2016-09-02T15:39:42","guid":{"rendered":"http:\/\/www.fedebon.fr\/18\/?page_id=20"},"modified":"2026-04-09T10:30:05","modified_gmt":"2026-04-09T08:30:05","slug":"un-chef-dentreprise","status":"publish","type":"page","link":"https:\/\/www.fedebon.fr\/berry\/avantages-cheques-fedebon-18\/un-chef-dentreprise\/","title":{"rendered":"Un chef d&rsquo;entreprise"},"content":{"rendered":"<p>[vc_row][vc_column][vc_custom_heading icon=\u00a0\u00bbfa fa-briefcase\u00a0\u00bb icon_size=\u00a0\u00bb50&Prime; text=\u00a0\u00bbVous \u00eates un chef d&rsquo;entreprise\u00a0\u00bb google_fonts=\u00a0\u00bbfont_family:Montserrat%3Aregular%2C700|font_style:400%20regular%3A400%3Anormal\u00a0\u00bb subtitle=\u00a0\u00bbet vous souhaitez&#8230;\u00a0\u00bb][vc_row_inner el_id=\u00a0\u00bbfloatleft\u00a0\u00bb][vc_column_inner el_class=\u00a0\u00bbwidthmine\u00a0\u00bb width=\u00a0\u00bb1\/2&Prime;][vc_column_text]Bien mieux qu\u2019une prime, le ch\u00e8que cadeau<strong>\u00a0f\u00e9d\u00e9bon Berry est d\u00e9ductible et exon\u00e9r\u00e9 de charges sociales pour l\u2019entreprise<\/strong>\u00a0et\u00a0<strong>non imposable pour le salari\u00e9.<\/strong>\u00a0Les f\u00e9d\u00e9bon Berry peuvent \u00eatre offert \u00e0 tout moment de l\u2019ann\u00e9e, \u00e0 l\u2019occasion de nombreux \u00e9v\u00e9nements (No\u00ebl des salari\u00e9s et des enfants des salari\u00e9s, F\u00eates des m\u00e8res et des p\u00e8res, Rentr\u00e9e scolaire, Mariage, Naissance, Pacs, D\u00e9part \u00e0 la retraite\u2026).[\/vc_column_text][stm_icon_box hide_title_line=\u00a0\u00bbhide_title_line\u00a0\u00bb enable_hexagon=\u00a0\u00bbenable\u00a0\u00bb enable_hexagon_animation=\u00a0\u00bbenable\u00a0\u00bb v_align_middle=\u00a0\u00bbenable\u00a0\u00bb icon=\u00a0\u00bbstm-mans\u00a0\u00bb style=\u00a0\u00bbicon_left\u00a0\u00bb icon_size=\u00a0\u00bb32&Prime; icon_width=\u00a0\u00bb70&Prime; title=\u00a0\u00bbMotiver, stimuler ou r\u00e9compenser vos salari\u00e9s\u00a0\u00bb css=\u00a0\u00bb.vc_custom_1461664620535{margin-right: 30px !important;}\u00a0\u00bb][\/stm_icon_box][stm_icon_box hide_title_line=\u00a0\u00bbhide_title_line\u00a0\u00bb enable_hexagon=\u00a0\u00bbenable\u00a0\u00bb enable_hexagon_animation=\u00a0\u00bbenable\u00a0\u00bb v_align_middle=\u00a0\u00bbenable\u00a0\u00bb icon=\u00a0\u00bbstm-graph\u00a0\u00bb style=\u00a0\u00bbicon_left\u00a0\u00bb icon_size=\u00a0\u00bb32&Prime; icon_width=\u00a0\u00bb70&Prime; title=\u00a0\u00bbContribuer au d\u00e9veloppement de l&rsquo;\u00e9conomie du Berry\u00a0\u00bb][\/stm_icon_box][stm_icon_box hide_title_line=\u00a0\u00bbhide_title_line\u00a0\u00bb enable_hexagon=\u00a0\u00bbenable\u00a0\u00bb enable_hexagon_animation=\u00a0\u00bbenable\u00a0\u00bb v_align_middle=\u00a0\u00bbenable\u00a0\u00bb icon=\u00a0\u00bbfa fa-birthday-cake\u00a0\u00bb style=\u00a0\u00bbicon_left\u00a0\u00bb icon_size=\u00a0\u00bb32&Prime; icon_width=\u00a0\u00bb70&Prime; title=\u00a0\u00bbF\u00eater un \u00e9v\u00e9nement familial au sein de votre entreprise :\u00a0\u00bb]D\u00e9part \u00e0 la retraite, naissance, mariage&#8230;<\/p>\n<p>Sous r\u00e9serve du respect de certaines conditions &#8211; cf r\u00e9glementation Urssaf*[\/stm_icon_box][\/vc_column_inner][vc_column_inner width=\u00a0\u00bb1\/2&Prime;][vc_custom_heading text=\u00a0\u00bbF\u00e9d\u00e9bon Berry vous interesse ?\u00a0\u00bb google_fonts=\u00a0\u00bbfont_family:Montserrat%3Aregular%2C700|font_style:400%20regular%3A400%3Anormal\u00a0\u00bb][vc_cta h2=\u00a0\u00bbProposez ce mode de paiement \u00e0 vos salari\u00e9s.\u00a0\u00bb h2_font_container=\u00a0\u00bbfont_size:20px|color:%23000000|line_height:24px\u00a0\u00bb h2_use_theme_fonts=\u00a0\u00bbyes\u00a0\u00bb txt_align=\u00a0\u00bbcenter\u00a0\u00bb style=\u00a0\u00bbflat\u00a0\u00bb add_button=\u00a0\u00bbbottom\u00a0\u00bb btn_title=\u00a0\u00bbContactez-nous\u00a0\u00bb btn_style=\u00a0\u00bbflat\u00a0\u00bb btn_color=\u00a0\u00bbtheme_style_2&Prime; btn_align=\u00a0\u00bbcenter\u00a0\u00bb btn_i_icon_fontawesome=\u00a0\u00bbfa fa-arrow-right\u00a0\u00bb css_animation=\u00a0\u00bbappear\u00a0\u00bb use_custom_fonts_h2=\u00a0\u00bbtrue\u00a0\u00bb el_class=\u00a0\u00bbthird_bg_color\u00a0\u00bb css=\u00a0\u00bb.vc_custom_1473066634594{padding-top: 20px !important;padding-right: 20px !important;padding-bottom: 20px !important;padding-left: 20px !important;background-color: #f4f4f4 !important;border-radius: 5px !important;}\u00a0\u00bb btn_add_icon=\u00a0\u00bbtrue\u00a0\u00bb btn_button_block=\u00a0\u00bbtrue\u00a0\u00bb btn_link=\u00a0\u00bburl:http%3A%2F%2Fwww.fedebon.fr%2Fberry%2Fcontact%2F||\u00a0\u00bb][\/vc_cta][vc_column_text css_animation=\u00a0\u00bbtop-to-bottom\u00a0\u00bb css=\u00a0\u00bb.vc_custom_1554801898833{padding-top: 20px !important;padding-right: 20px !important;padding-bottom: 20px !important;padding-left: 20px !important;background-color: #243188 !important;border-radius: 5px !important;}\u00a0\u00bb]<\/p>\n<h3><span style=\"color: #ff0000\">Les avantages de F\u00e9d\u00e9bon\u00a0Berry<\/span><\/h3>\n<ul>\n<li><span style=\"color: #ffffff\">0% de charges sociales* (40% d&rsquo;\u00e9conomie par rapport \u00e0 une prime !)<\/span><\/li>\n<li><span style=\"color: #ffffff\">0% de frais de gestion ou frais de dossier<\/span><\/li>\n<li><span style=\"color: #ffffff\">0% d&rsquo;imposition pour les b\u00e9n\u00e9ficiaires<\/span><\/li>\n<li><span style=\"color: #ffffff\">Accept\u00e9 par les commer\u00e7ants et prestataires de service adh\u00e9rents<\/span><\/li>\n<\/ul>\n<p>[\/vc_column_text][\/vc_column_inner][\/vc_row_inner][\/vc_column][\/vc_row][vc_row][vc_column][vc_empty_space][vc_single_image image=\u00a0\u00bb1670&Prime; img_size=\u00a0\u00bbfull\u00a0\u00bb alignment=\u00a0\u00bbcenter\u00a0\u00bb onclick=\u00a0\u00bbzoom\u00a0\u00bb css_animation=\u00a0\u00bbappear\u00a0\u00bb][vc_text_separator title=\u00a0\u00bbInformations compl\u00e9mentaires\u00a0\u00bb style=\u00a0\u00bbdouble\u00a0\u00bb][vc_row_inner][vc_column_inner width=\u00a0\u00bb1\/2&Prime;][vc_column_text]<a href=\"https:\/\/www.fedebon.fr\/berry\/wp-content\/uploads\/sites\/6\/2025\/10\/BDC-FEDEBON-2025.pdf\">FEDEBON\u00a0Berry &#8211; Bon de commande<\/a><\/p>\n<p><a href=\"https:\/\/www.fedebon.fr\/berry\/wp-content\/uploads\/sites\/6\/2019\/04\/Convention-entreprises.pdf\">Convention entreprises<\/a>[\/vc_column_text][\/vc_column_inner][vc_column_inner width=\u00a0\u00bb1\/2&Prime;][vc_column_text]<a href=\"https:\/\/www.fedebon.fr\/berry\/wp-content\/uploads\/sites\/6\/2026\/04\/Legislation-des-bons-dachats-2026.pdf\" target=\"_blank\" rel=\"noopener\">L\u00e9gislation des bons d&rsquo;achats 2026<\/a><\/p>\n<p><a href=\"https:\/\/www.fedebon.fr\/berry\/wp-content\/uploads\/sites\/6\/2019\/04\/Convention-commer\u00e7ant.pdf\">Convention commer\u00e7ant<\/a>[\/vc_column_text][\/vc_column_inner][\/vc_row_inner][\/vc_column][\/vc_row][vc_row][vc_column][vc_empty_space][\/vc_column][\/vc_row][vc_row full_width=\u00a0\u00bbstretch_row\u00a0\u00bb css=\u00a0\u00bb.vc_custom_1466157462538{margin-bottom: -60px !important;background-color: #fbba00 !important;}\u00a0\u00bb el_class=\u00a0\u00bbthird_bg_color\u00a0\u00bb][vc_column css=\u00a0\u00bb.vc_custom_1465310797803{background-color: #fbba00 !important;}\u00a0\u00bb][vc_cta h2=\u00a0\u00bbBesoin d&rsquo;un renseignement ?\u00a0\u00bb h2_font_container=\u00a0\u00bbfont_size:20px|color:%23000000|line_height:24px\u00a0\u00bb h2_use_theme_fonts=\u00a0\u00bbyes\u00a0\u00bb shape=\u00a0\u00bbsquare\u00a0\u00bb style=\u00a0\u00bbflat\u00a0\u00bb add_button=\u00a0\u00bbright\u00a0\u00bb btn_title=\u00a0\u00bbNous contacter\u00a0\u00bb btn_style=\u00a0\u00bbflat\u00a0\u00bb btn_color=\u00a0\u00bbtheme_style_2&Prime; btn_align=\u00a0\u00bbright\u00a0\u00bb btn_i_align=\u00a0\u00bbright\u00a0\u00bb btn_i_icon_fontawesome=\u00a0\u00bbfa fa-arrow-right\u00a0\u00bb use_custom_fonts_h2=\u00a0\u00bbtrue\u00a0\u00bb btn_button_block=\u00a0\u00bbtrue\u00a0\u00bb btn_add_icon=\u00a0\u00bbtrue\u00a0\u00bb el_class=\u00a0\u00bbthird_bg_color\u00a0\u00bb css=\u00a0\u00bb.vc_custom_1473066684030{margin-bottom: 0px !important;background-color: #fbba00 !important;}\u00a0\u00bb btn_link=\u00a0\u00bburl:http%3A%2F%2Fwww.fedebon.fr%2Fberry%2Fcontact%2F||\u00a0\u00bb][\/vc_cta][\/vc_column][\/vc_row]<\/p>\n","protected":false},"excerpt":{"rendered":"<p>[vc_row][vc_column][vc_custom_heading icon=\u00a0\u00bbfa fa-briefcase\u00a0\u00bb icon_size=\u00a0\u00bb50&Prime; text=\u00a0\u00bbVous \u00eates un chef d&rsquo;entreprise\u00a0\u00bb google_fonts=\u00a0\u00bbfont_family:Montserrat%3Aregular%2C700|font_style:400%20regular%3A400%3Anormal\u00a0\u00bb subtitle=\u00a0\u00bbet vous souhaitez&#8230;\u00a0\u00bb][vc_row_inner el_id=\u00a0\u00bbfloatleft\u00a0\u00bb][vc_column_inner el_class=\u00a0\u00bbwidthmine\u00a0\u00bb width=\u00a0\u00bb1\/2&Prime;][vc_column_text]Bien mieux qu\u2019une prime, le ch\u00e8que cadeau\u00a0f\u00e9d\u00e9bon Berry est d\u00e9ductible et exon\u00e9r\u00e9 de charges sociales pour l\u2019entreprise\u00a0et\u00a0non imposable pour le salari\u00e9.\u00a0Les f\u00e9d\u00e9bon Berry peuvent \u00eatre offert \u00e0 tout moment de l\u2019ann\u00e9e, \u00e0 l\u2019occasion de nombreux \u00e9v\u00e9nements (No\u00ebl des salari\u00e9s et<\/p>\n","protected":false},"author":1,"featured_media":0,"parent":16,"menu_order":0,"comment_status":"closed","ping_status":"closed","template":"","meta":[],"yoast_head":"<!-- This site is optimized with the Yoast SEO plugin v19.4 - https:\/\/yoast.com\/wordpress\/plugins\/seo\/ -->\n<title>Ch\u00e8que cadeau F\u00e9d\u00e9bon 18 pour les chefs d&#039;entreprise<\/title>\n<meta name=\"description\" content=\"Comment utiliser les ch\u00e8ques cadeaux F\u00e9d\u00e9bon 18 quand vous \u00eates chef d&#039;entreprise\" \/>\n<meta name=\"robots\" content=\"index, follow, max-snippet:-1, max-image-preview:large, max-video-preview:-1\" \/>\n<link rel=\"canonical\" href=\"https:\/\/www.fedebon.fr\/berry\/avantages-cheques-fedebon-18\/un-chef-dentreprise\/\" \/>\n<meta property=\"og:locale\" content=\"fr_FR\" \/>\n<meta property=\"og:type\" content=\"article\" \/>\n<meta property=\"og:title\" content=\"Ch\u00e8que cadeau F\u00e9d\u00e9bon 18 pour les chefs d&#039;entreprise\" \/>\n<meta property=\"og:description\" content=\"Comment utiliser les ch\u00e8ques cadeaux F\u00e9d\u00e9bon 18 quand vous \u00eates chef d&#039;entreprise\" \/>\n<meta property=\"og:url\" content=\"https:\/\/www.fedebon.fr\/berry\/avantages-cheques-fedebon-18\/un-chef-dentreprise\/\" \/>\n<meta property=\"og:site_name\" content=\"F\u00e9d\u00e9bon Berry\" \/>\n<meta property=\"article:modified_time\" content=\"2026-04-09T08:30:05+00:00\" \/>\n<meta name=\"twitter:card\" content=\"summary\" \/>\n<meta name=\"twitter:label1\" content=\"Dur\u00e9e de lecture estim\u00e9e\" \/>\n\t<meta name=\"twitter:data1\" content=\"2 minutes\" \/>\n<script type=\"application\/ld+json\" class=\"yoast-schema-graph\">{\"@context\":\"https:\/\/schema.org\",\"@graph\":[{\"@type\":\"WebSite\",\"@id\":\"https:\/\/www.fedebon.fr\/berry\/#website\",\"url\":\"https:\/\/www.fedebon.fr\/berry\/\",\"name\":\"F\u00e9d\u00e9bon Berry\",\"description\":\"F\u00e9d\u00e9bon Berry est un ch\u00e8que cadeau mis \u00e0 la disposition des entreprises, collectivit\u00e9s, et des comit\u00e9s d&#039;entreprise.\",\"potentialAction\":[{\"@type\":\"SearchAction\",\"target\":{\"@type\":\"EntryPoint\",\"urlTemplate\":\"https:\/\/www.fedebon.fr\/berry\/?s={search_term_string}\"},\"query-input\":\"required name=search_term_string\"}],\"inLanguage\":\"fr-FR\"},{\"@type\":\"WebPage\",\"@id\":\"https:\/\/www.fedebon.fr\/berry\/avantages-cheques-fedebon-18\/un-chef-dentreprise\/\",\"url\":\"https:\/\/www.fedebon.fr\/berry\/avantages-cheques-fedebon-18\/un-chef-dentreprise\/\",\"name\":\"Ch\u00e8que cadeau F\u00e9d\u00e9bon 18 pour les chefs d'entreprise\",\"isPartOf\":{\"@id\":\"https:\/\/www.fedebon.fr\/berry\/#website\"},\"datePublished\":\"2016-09-02T15:39:42+00:00\",\"dateModified\":\"2026-04-09T08:30:05+00:00\",\"description\":\"Comment utiliser les ch\u00e8ques cadeaux F\u00e9d\u00e9bon 18 quand vous \u00eates chef d'entreprise\",\"breadcrumb\":{\"@id\":\"https:\/\/www.fedebon.fr\/berry\/avantages-cheques-fedebon-18\/un-chef-dentreprise\/#breadcrumb\"},\"inLanguage\":\"fr-FR\",\"potentialAction\":[{\"@type\":\"ReadAction\",\"target\":[\"https:\/\/www.fedebon.fr\/berry\/avantages-cheques-fedebon-18\/un-chef-dentreprise\/\"]}]},{\"@type\":\"BreadcrumbList\",\"@id\":\"https:\/\/www.fedebon.fr\/berry\/avantages-cheques-fedebon-18\/un-chef-dentreprise\/#breadcrumb\",\"itemListElement\":[{\"@type\":\"ListItem\",\"position\":1,\"name\":\"Accueil\",\"item\":\"https:\/\/www.fedebon.fr\/berry\/\"},{\"@type\":\"ListItem\",\"position\":2,\"name\":\"Les avantages des ch\u00e8ques F\u00e9d\u00e9bon Berry\",\"item\":\"https:\/\/www.fedebon.fr\/berry\/avantages-cheques-fedebon-18\/\"},{\"@type\":\"ListItem\",\"position\":3,\"name\":\"Un chef d&#8217;entreprise\"}]}]}<\/script>\n<!-- \/ Yoast SEO plugin. -->","yoast_head_json":{"title":"Ch\u00e8que cadeau F\u00e9d\u00e9bon 18 pour les chefs d'entreprise","description":"Comment utiliser les ch\u00e8ques cadeaux F\u00e9d\u00e9bon 18 quand vous \u00eates chef d'entreprise","robots":{"index":"index","follow":"follow","max-snippet":"max-snippet:-1","max-image-preview":"max-image-preview:large","max-video-preview":"max-video-preview:-1"},"canonical":"https:\/\/www.fedebon.fr\/berry\/avantages-cheques-fedebon-18\/un-chef-dentreprise\/","og_locale":"fr_FR","og_type":"article","og_title":"Ch\u00e8que cadeau F\u00e9d\u00e9bon 18 pour les chefs d'entreprise","og_description":"Comment utiliser les ch\u00e8ques cadeaux F\u00e9d\u00e9bon 18 quand vous \u00eates chef d'entreprise","og_url":"https:\/\/www.fedebon.fr\/berry\/avantages-cheques-fedebon-18\/un-chef-dentreprise\/","og_site_name":"F\u00e9d\u00e9bon Berry","article_modified_time":"2026-04-09T08:30:05+00:00","twitter_card":"summary","twitter_misc":{"Dur\u00e9e de lecture estim\u00e9e":"2 minutes"},"schema":{"@context":"https:\/\/schema.org","@graph":[{"@type":"WebSite","@id":"https:\/\/www.fedebon.fr\/berry\/#website","url":"https:\/\/www.fedebon.fr\/berry\/","name":"F\u00e9d\u00e9bon Berry","description":"F\u00e9d\u00e9bon Berry est un ch\u00e8que cadeau mis \u00e0 la disposition des entreprises, collectivit\u00e9s, et des comit\u00e9s d&#039;entreprise.","potentialAction":[{"@type":"SearchAction","target":{"@type":"EntryPoint","urlTemplate":"https:\/\/www.fedebon.fr\/berry\/?s={search_term_string}"},"query-input":"required name=search_term_string"}],"inLanguage":"fr-FR"},{"@type":"WebPage","@id":"https:\/\/www.fedebon.fr\/berry\/avantages-cheques-fedebon-18\/un-chef-dentreprise\/","url":"https:\/\/www.fedebon.fr\/berry\/avantages-cheques-fedebon-18\/un-chef-dentreprise\/","name":"Ch\u00e8que cadeau F\u00e9d\u00e9bon 18 pour les chefs d'entreprise","isPartOf":{"@id":"https:\/\/www.fedebon.fr\/berry\/#website"},"datePublished":"2016-09-02T15:39:42+00:00","dateModified":"2026-04-09T08:30:05+00:00","description":"Comment utiliser les ch\u00e8ques cadeaux F\u00e9d\u00e9bon 18 quand vous \u00eates chef d'entreprise","breadcrumb":{"@id":"https:\/\/www.fedebon.fr\/berry\/avantages-cheques-fedebon-18\/un-chef-dentreprise\/#breadcrumb"},"inLanguage":"fr-FR","potentialAction":[{"@type":"ReadAction","target":["https:\/\/www.fedebon.fr\/berry\/avantages-cheques-fedebon-18\/un-chef-dentreprise\/"]}]},{"@type":"BreadcrumbList","@id":"https:\/\/www.fedebon.fr\/berry\/avantages-cheques-fedebon-18\/un-chef-dentreprise\/#breadcrumb","itemListElement":[{"@type":"ListItem","position":1,"name":"Accueil","item":"https:\/\/www.fedebon.fr\/berry\/"},{"@type":"ListItem","position":2,"name":"Les avantages des ch\u00e8ques F\u00e9d\u00e9bon Berry","item":"https:\/\/www.fedebon.fr\/berry\/avantages-cheques-fedebon-18\/"},{"@type":"ListItem","position":3,"name":"Un chef d&#8217;entreprise"}]}]}},"_links":{"self":[{"href":"https:\/\/www.fedebon.fr\/berry\/wp-json\/wp\/v2\/pages\/20"}],"collection":[{"href":"https:\/\/www.fedebon.fr\/berry\/wp-json\/wp\/v2\/pages"}],"about":[{"href":"https:\/\/www.fedebon.fr\/berry\/wp-json\/wp\/v2\/types\/page"}],"author":[{"embeddable":true,"href":"https:\/\/www.fedebon.fr\/berry\/wp-json\/wp\/v2\/users\/1"}],"replies":[{"embeddable":true,"href":"https:\/\/www.fedebon.fr\/berry\/wp-json\/wp\/v2\/comments?post=20"}],"version-history":[{"count":26,"href":"https:\/\/www.fedebon.fr\/berry\/wp-json\/wp\/v2\/pages\/20\/revisions"}],"predecessor-version":[{"id":2289,"href":"https:\/\/www.fedebon.fr\/berry\/wp-json\/wp\/v2\/pages\/20\/revisions\/2289"}],"up":[{"embeddable":true,"href":"https:\/\/www.fedebon.fr\/berry\/wp-json\/wp\/v2\/pages\/16"}],"wp:attachment":[{"href":"https:\/\/www.fedebon.fr\/berry\/wp-json\/wp\/v2\/media?parent=20"}],"curies":[{"name":"wp","href":"https:\/\/api.w.org\/{rel}","templated":true}]}}