{"id":18,"date":"2016-09-02T17:39:24","date_gmt":"2016-09-02T15:39:24","guid":{"rendered":"http:\/\/www.fedebon.fr\/18\/?page_id=18"},"modified":"2026-04-09T10:29:46","modified_gmt":"2026-04-09T08:29:46","slug":"un-artisan","status":"publish","type":"page","link":"https:\/\/www.fedebon.fr\/berry\/avantages-cheques-fedebon-18\/un-artisan\/","title":{"rendered":"Un artisan"},"content":{"rendered":"<p>[vc_row][vc_column][vc_custom_heading icon=\u00a0\u00bbstm-truck\u00a0\u00bb icon_size=\u00a0\u00bb50&Prime; text=\u00a0\u00bbVous \u00eates artisan\u00a0\u00bb google_fonts=\u00a0\u00bbfont_family:Montserrat%3Aregular%2C700|font_style:400%20regular%3A400%3Anormal\u00a0\u00bb subtitle=\u00a0\u00bbet vous souhaitez&#8230;\u00a0\u00bb][vc_row_inner el_id=\u00a0\u00bbalignservice\u00a0\u00bb][vc_column_inner el_class=\u00a0\u00bbwidthmine\u00a0\u00bb width=\u00a0\u00bb1\/2&Prime;][vc_column_text]Bien mieux qu\u2019une prime, le ch\u00e8que cadeau<strong>\u00a0f\u00e9d\u00e9bon Berry est d\u00e9ductible et exon\u00e9r\u00e9 de charges sociales pour l\u2019entreprise<\/strong>\u00a0et\u00a0<strong>non imposable pour le salari\u00e9.<\/strong>\u00a0Les f\u00e9d\u00e9bon Berry peuvent \u00eatre offert \u00e0 tout moment de l\u2019ann\u00e9e, \u00e0 l\u2019occasion de nombreux \u00e9v\u00e9nements (No\u00ebl des salari\u00e9s et des enfants des salari\u00e9s, F\u00eates des m\u00e8res et des p\u00e8res, Rentr\u00e9e scolaire, Mariage, Naissance, Pacs, D\u00e9part \u00e0 la retraite\u2026).[\/vc_column_text][vc_empty_space][stm_icon_box hide_title_line=\u00a0\u00bbhide_title_line\u00a0\u00bb enable_hexagon=\u00a0\u00bbenable\u00a0\u00bb enable_hexagon_animation=\u00a0\u00bbenable\u00a0\u00bb v_align_middle=\u00a0\u00bbenable\u00a0\u00bb icon=\u00a0\u00bbstm-stats\u00a0\u00bb style=\u00a0\u00bbicon_left_transparent\u00a0\u00bb icon_size=\u00a0\u00bb32&Prime; icon_width=\u00a0\u00bb70&Prime; title=\u00a0\u00bbCapter de nouveaux acheteurs\u00a0\u00bb css=\u00a0\u00bb.vc_custom_1465302934664{margin-right: 30px !important;}\u00a0\u00bb][\/stm_icon_box][stm_icon_box hide_title_line=\u00a0\u00bbhide_title_line\u00a0\u00bb enable_hexagon=\u00a0\u00bbenable\u00a0\u00bb enable_hexagon_animation=\u00a0\u00bbenable\u00a0\u00bb v_align_middle=\u00a0\u00bbenable\u00a0\u00bb icon=\u00a0\u00bbfa fa-bullhorn\u00a0\u00bb style=\u00a0\u00bbicon_left\u00a0\u00bb icon_size=\u00a0\u00bb32&Prime; icon_width=\u00a0\u00bb70&Prime; title=\u00a0\u00bbEtre r\u00e9f\u00e9renc\u00e9 dans le plus grand r\u00e9seau du Cher et d&rsquo;Indre de commer\u00e7ants\u00a0\u00bb css=\u00a0\u00bb.vc_custom_1554801708611{margin-right: 30px !important;}\u00a0\u00bb][\/stm_icon_box][stm_icon_box hide_title_line=\u00a0\u00bbhide_title_line\u00a0\u00bb enable_hexagon=\u00a0\u00bbenable\u00a0\u00bb enable_hexagon_animation=\u00a0\u00bbenable\u00a0\u00bb v_align_middle=\u00a0\u00bbenable\u00a0\u00bb icon=\u00a0\u00bbstm-nokia\u00a0\u00bb style=\u00a0\u00bbicon_left_transparent\u00a0\u00bb icon_size=\u00a0\u00bb32&Prime; icon_width=\u00a0\u00bb70&Prime; title=\u00a0\u00bbFid\u00e9liser votre client\u00e8le\u00a0\u00bb css=\u00a0\u00bb.vc_custom_1465303031634{margin-right: 30px !important;}\u00a0\u00bb][\/stm_icon_box][stm_icon_box hide_title_line=\u00a0\u00bbhide_title_line\u00a0\u00bb enable_hexagon=\u00a0\u00bbenable\u00a0\u00bb enable_hexagon_animation=\u00a0\u00bbenable\u00a0\u00bb v_align_middle=\u00a0\u00bbenable\u00a0\u00bb icon=\u00a0\u00bbstm-graph\u00a0\u00bb style=\u00a0\u00bbicon_left_transparent\u00a0\u00bb icon_size=\u00a0\u00bb32&Prime; icon_width=\u00a0\u00bb70&Prime; title=\u00a0\u00bbAugmenter votre chiffre d&rsquo;affaires\u00a0\u00bb css=\u00a0\u00bb.vc_custom_1477466420667{margin-right: 30px !important;}\u00a0\u00bb][\/stm_icon_box][\/vc_column_inner][vc_column_inner width=\u00a0\u00bb1\/2&Prime;][vc_custom_heading text=\u00a0\u00bbF\u00e9d\u00e9bon Berry vous interesse ?\u00a0\u00bb google_fonts=\u00a0\u00bbfont_family:Montserrat%3Aregular%2C700|font_style:400%20regular%3A400%3Anormal\u00a0\u00bb][vc_cta h2=\u00a0\u00bbComment proposer ce mode de paiement \u00e0 vos clients ?\u00a0\u00bb h2_font_container=\u00a0\u00bbfont_size:20px|color:%230a0a0a|line_height:24px\u00a0\u00bb h2_use_theme_fonts=\u00a0\u00bbyes\u00a0\u00bb txt_align=\u00a0\u00bbcenter\u00a0\u00bb style=\u00a0\u00bbflat\u00a0\u00bb add_button=\u00a0\u00bbbottom\u00a0\u00bb btn_title=\u00a0\u00bbCCI Cher\u00a0\u00bb btn_style=\u00a0\u00bbflat\u00a0\u00bb btn_color=\u00a0\u00bbtheme_style_2&Prime; btn_align=\u00a0\u00bbcenter\u00a0\u00bb btn_i_icon_fontawesome=\u00a0\u00bbfa fa-map-marker\u00a0\u00bb css_animation=\u00a0\u00bbappear\u00a0\u00bb use_custom_fonts_h2=\u00a0\u00bbtrue\u00a0\u00bb btn_link=\u00a0\u00bburl:https%3A%2F%2Fwww.cher.cci.fr%2F||target:%20_blank\u00a0\u00bb btn_button_block=\u00a0\u00bbtrue\u00a0\u00bb btn_add_icon=\u00a0\u00bbtrue\u00a0\u00bb el_class=\u00a0\u00bbthird_bg_color\u00a0\u00bb css=\u00a0\u00bb.vc_custom_1554738535542{padding-top: 20px !important;padding-right: 20px !important;padding-bottom: 20px !important;padding-left: 20px !important;background-color: #f4f4f4 !important;border-radius: 5px !important;}\u00a0\u00bb]<strong>Si vous souhaitez accepter les ch\u00e8ques cadeaux F\u00e9d\u00e9bon Berry, il vous suffit de remplir la convention d\u2019adh\u00e9sion au dispositif en vous rapprochant aupr\u00e8s de la Chambre de Commerce et d\u2019Industrie du Cher.<\/strong>[\/vc_cta][vc_column_text css=\u00a0\u00bb.vc_custom_1554885402124{padding-top: 20px !important;padding-right: 20px !important;padding-bottom: 20px !important;padding-left: 20px !important;background-color: #243188 !important;border-radius: 5px !important;}\u00a0\u00bb]<\/p>\n<h3><span style=\"color: #ffffff\">Pour accepter les F\u00e9d\u00e9bon Berry, Il vous suffit de<\/span><\/h3>\n<ul>\n<li><span style=\"color: #ffffff\">Remplir la convention d&rsquo;adh\u00e9sion<\/span><\/li>\n<li><span style=\"color: #ffffff\">Vous engager \u00e0 accepter les ch\u00e8ques \u00a0cadeaux \u00a0F\u00e9d\u00e9bon Berry<\/span><\/li>\n<li><span style=\"color: #ffffff\">Coller la vitrophanie sur votre vitrine pour \u00eatre rep\u00e9rable<\/span><\/li>\n<\/ul>\n<p><img loading=\"lazy\" class=\"aligncenter wp-image-2234 size-full\" src=\"https:\/\/www.fedebon.fr\/11\/wp-content\/uploads\/sites\/2\/2016\/04\/montage.jpg\" alt=\"montage\" width=\"400\" height=\"148\" \/>[\/vc_column_text][\/vc_column_inner][\/vc_row_inner][\/vc_column][\/vc_row][vc_row][vc_column][vc_single_image image=\u00a0\u00bb1670&Prime; img_size=\u00a0\u00bbfull\u00a0\u00bb alignment=\u00a0\u00bbcenter\u00a0\u00bb css_animation=\u00a0\u00bbappear\u00a0\u00bb][vc_empty_space][vc_text_separator title=\u00a0\u00bbInformations compl\u00e9mentaires\u00a0\u00bb i_icon_fontawesome=\u00a0\u00bbfa fa-info-circle\u00a0\u00bb add_icon=\u00a0\u00bbtrue\u00a0\u00bb][vc_row_inner][vc_column_inner width=\u00a0\u00bb1\/2&Prime;][vc_column_text]<a href=\"https:\/\/www.fedebon.fr\/berry\/wp-content\/uploads\/sites\/6\/2025\/10\/BDC-FEDEBON-2025.pdf\">FEDEBON Berry &#8211; Bon de commande<\/a><\/p>\n<p><a href=\"https:\/\/www.fedebon.fr\/berry\/wp-content\/uploads\/sites\/6\/2016\/09\/Flyer-commer\u00e7ants.pdf\">FEDEBON Berry &#8211; D\u00e9pliant commer\u00e7ant\/artisan<\/a><\/p>\n<p><a href=\"https:\/\/www.fedebon.fr\/berry\/wp-content\/uploads\/sites\/6\/2019\/04\/Convention-entreprises.pdf\">Convention entreprises<\/a>[\/vc_column_text][\/vc_column_inner][vc_column_inner width=\u00a0\u00bb1\/2&Prime;][vc_column_text]<a href=\"https:\/\/www.fedebon.fr\/berry\/wp-content\/uploads\/sites\/6\/2026\/04\/Legislation-des-bons-dachats-2026.pdf\" target=\"_blank\" rel=\"noopener\">L\u00e9gislation des bons d&rsquo;achats 2026<\/a><\/p>\n<p><a href=\"https:\/\/www.fedebon.fr\/berry\/wp-content\/uploads\/sites\/6\/2019\/04\/Convention-commer\u00e7ant.pdf\">Convention commer\u00e7ant<\/a>[\/vc_column_text][\/vc_column_inner][\/vc_row_inner][\/vc_column][\/vc_row][vc_row][vc_column][vc_empty_space][\/vc_column][\/vc_row][vc_row full_width=\u00a0\u00bbstretch_row\u00a0\u00bb css=\u00a0\u00bb.vc_custom_1466157524387{margin-bottom: -60px !important;background-color: #fbba00 !important;}\u00a0\u00bb el_class=\u00a0\u00bbthird_bg_color\u00a0\u00bb][vc_column][vc_cta h2=\u00a0\u00bbBesoin d&rsquo;un renseignement ?\u00a0\u00bb h2_font_container=\u00a0\u00bbfont_size:20px|color:%23000000|line_height:24px\u00a0\u00bb h2_use_theme_fonts=\u00a0\u00bbyes\u00a0\u00bb shape=\u00a0\u00bbsquare\u00a0\u00bb style=\u00a0\u00bbflat\u00a0\u00bb add_button=\u00a0\u00bbright\u00a0\u00bb btn_title=\u00a0\u00bbNous contacter\u00a0\u00bb btn_style=\u00a0\u00bbflat\u00a0\u00bb btn_color=\u00a0\u00bbtheme_style_2&Prime; btn_align=\u00a0\u00bbright\u00a0\u00bb btn_i_align=\u00a0\u00bbright\u00a0\u00bb btn_i_icon_fontawesome=\u00a0\u00bbfa fa-arrow-right\u00a0\u00bb use_custom_fonts_h2=\u00a0\u00bbtrue\u00a0\u00bb btn_button_block=\u00a0\u00bbtrue\u00a0\u00bb btn_add_icon=\u00a0\u00bbtrue\u00a0\u00bb el_class=\u00a0\u00bbthird_bg_color\u00a0\u00bb css=\u00a0\u00bb.vc_custom_1473066008506{margin-bottom: 0px !important;background-color: #fbba00 !important;}\u00a0\u00bb btn_link=\u00a0\u00bburl:http%3A%2F%2Fwww.fedebon.fr%2Fberry%2Fcontact%2F||\u00a0\u00bb][\/vc_cta][\/vc_column][\/vc_row]<\/p>\n","protected":false},"excerpt":{"rendered":"<p>[vc_row][vc_column][vc_custom_heading icon=\u00a0\u00bbstm-truck\u00a0\u00bb icon_size=\u00a0\u00bb50&Prime; text=\u00a0\u00bbVous \u00eates artisan\u00a0\u00bb google_fonts=\u00a0\u00bbfont_family:Montserrat%3Aregular%2C700|font_style:400%20regular%3A400%3Anormal\u00a0\u00bb subtitle=\u00a0\u00bbet vous souhaitez&#8230;\u00a0\u00bb][vc_row_inner el_id=\u00a0\u00bbalignservice\u00a0\u00bb][vc_column_inner el_class=\u00a0\u00bbwidthmine\u00a0\u00bb width=\u00a0\u00bb1\/2&Prime;][vc_column_text]Bien mieux qu\u2019une prime, le ch\u00e8que cadeau\u00a0f\u00e9d\u00e9bon Berry est d\u00e9ductible et exon\u00e9r\u00e9 de charges sociales pour l\u2019entreprise\u00a0et\u00a0non imposable pour le salari\u00e9.\u00a0Les f\u00e9d\u00e9bon Berry peuvent \u00eatre offert \u00e0 tout moment de l\u2019ann\u00e9e, \u00e0 l\u2019occasion de nombreux \u00e9v\u00e9nements (No\u00ebl des salari\u00e9s et des enfants des<\/p>\n","protected":false},"author":1,"featured_media":0,"parent":16,"menu_order":0,"comment_status":"closed","ping_status":"closed","template":"","meta":[],"yoast_head":"<!-- This site is optimized with the Yoast SEO plugin v19.4 - https:\/\/yoast.com\/wordpress\/plugins\/seo\/ -->\n<title>Ch\u00e8que cadeau F\u00e9d\u00e9bon 18 pour les artisans<\/title>\n<meta name=\"description\" content=\"Comment utiliser les ch\u00e8ques cadeaux F\u00e9d\u00e9bon 18 quand vous \u00eates artisan\" \/>\n<meta name=\"robots\" content=\"index, follow, max-snippet:-1, max-image-preview:large, max-video-preview:-1\" \/>\n<link rel=\"canonical\" href=\"https:\/\/www.fedebon.fr\/berry\/avantages-cheques-fedebon-18\/un-artisan\/\" \/>\n<meta property=\"og:locale\" content=\"fr_FR\" \/>\n<meta property=\"og:type\" content=\"article\" \/>\n<meta property=\"og:title\" content=\"Ch\u00e8que cadeau F\u00e9d\u00e9bon 18 pour les artisans\" \/>\n<meta property=\"og:description\" content=\"Comment utiliser les ch\u00e8ques cadeaux F\u00e9d\u00e9bon 18 quand vous \u00eates artisan\" \/>\n<meta property=\"og:url\" content=\"https:\/\/www.fedebon.fr\/berry\/avantages-cheques-fedebon-18\/un-artisan\/\" \/>\n<meta property=\"og:site_name\" content=\"F\u00e9d\u00e9bon Berry\" \/>\n<meta property=\"article:modified_time\" content=\"2026-04-09T08:29:46+00:00\" \/>\n<meta property=\"og:image\" content=\"https:\/\/www.fedebon.fr\/11\/wp-content\/uploads\/sites\/2\/2016\/04\/montage.jpg\" \/>\n<meta name=\"twitter:card\" content=\"summary\" \/>\n<meta name=\"twitter:label1\" content=\"Dur\u00e9e de lecture estim\u00e9e\" \/>\n\t<meta name=\"twitter:data1\" content=\"2 minutes\" \/>\n<script type=\"application\/ld+json\" class=\"yoast-schema-graph\">{\"@context\":\"https:\/\/schema.org\",\"@graph\":[{\"@type\":\"WebSite\",\"@id\":\"https:\/\/www.fedebon.fr\/berry\/#website\",\"url\":\"https:\/\/www.fedebon.fr\/berry\/\",\"name\":\"F\u00e9d\u00e9bon Berry\",\"description\":\"F\u00e9d\u00e9bon Berry est un ch\u00e8que cadeau mis \u00e0 la disposition des entreprises, collectivit\u00e9s, et des comit\u00e9s d&#039;entreprise.\",\"potentialAction\":[{\"@type\":\"SearchAction\",\"target\":{\"@type\":\"EntryPoint\",\"urlTemplate\":\"https:\/\/www.fedebon.fr\/berry\/?s={search_term_string}\"},\"query-input\":\"required name=search_term_string\"}],\"inLanguage\":\"fr-FR\"},{\"@type\":\"WebPage\",\"@id\":\"https:\/\/www.fedebon.fr\/berry\/avantages-cheques-fedebon-18\/un-artisan\/\",\"url\":\"https:\/\/www.fedebon.fr\/berry\/avantages-cheques-fedebon-18\/un-artisan\/\",\"name\":\"Ch\u00e8que cadeau F\u00e9d\u00e9bon 18 pour les artisans\",\"isPartOf\":{\"@id\":\"https:\/\/www.fedebon.fr\/berry\/#website\"},\"datePublished\":\"2016-09-02T15:39:24+00:00\",\"dateModified\":\"2026-04-09T08:29:46+00:00\",\"description\":\"Comment utiliser les ch\u00e8ques cadeaux F\u00e9d\u00e9bon 18 quand vous \u00eates artisan\",\"breadcrumb\":{\"@id\":\"https:\/\/www.fedebon.fr\/berry\/avantages-cheques-fedebon-18\/un-artisan\/#breadcrumb\"},\"inLanguage\":\"fr-FR\",\"potentialAction\":[{\"@type\":\"ReadAction\",\"target\":[\"https:\/\/www.fedebon.fr\/berry\/avantages-cheques-fedebon-18\/un-artisan\/\"]}]},{\"@type\":\"BreadcrumbList\",\"@id\":\"https:\/\/www.fedebon.fr\/berry\/avantages-cheques-fedebon-18\/un-artisan\/#breadcrumb\",\"itemListElement\":[{\"@type\":\"ListItem\",\"position\":1,\"name\":\"Accueil\",\"item\":\"https:\/\/www.fedebon.fr\/berry\/\"},{\"@type\":\"ListItem\",\"position\":2,\"name\":\"Les avantages des ch\u00e8ques F\u00e9d\u00e9bon Berry\",\"item\":\"https:\/\/www.fedebon.fr\/berry\/avantages-cheques-fedebon-18\/\"},{\"@type\":\"ListItem\",\"position\":3,\"name\":\"Un artisan\"}]}]}<\/script>\n<!-- \/ Yoast SEO plugin. -->","yoast_head_json":{"title":"Ch\u00e8que cadeau F\u00e9d\u00e9bon 18 pour les artisans","description":"Comment utiliser les ch\u00e8ques cadeaux F\u00e9d\u00e9bon 18 quand vous \u00eates artisan","robots":{"index":"index","follow":"follow","max-snippet":"max-snippet:-1","max-image-preview":"max-image-preview:large","max-video-preview":"max-video-preview:-1"},"canonical":"https:\/\/www.fedebon.fr\/berry\/avantages-cheques-fedebon-18\/un-artisan\/","og_locale":"fr_FR","og_type":"article","og_title":"Ch\u00e8que cadeau F\u00e9d\u00e9bon 18 pour les artisans","og_description":"Comment utiliser les ch\u00e8ques cadeaux F\u00e9d\u00e9bon 18 quand vous \u00eates artisan","og_url":"https:\/\/www.fedebon.fr\/berry\/avantages-cheques-fedebon-18\/un-artisan\/","og_site_name":"F\u00e9d\u00e9bon Berry","article_modified_time":"2026-04-09T08:29:46+00:00","og_image":[{"url":"https:\/\/www.fedebon.fr\/11\/wp-content\/uploads\/sites\/2\/2016\/04\/montage.jpg"}],"twitter_card":"summary","twitter_misc":{"Dur\u00e9e de lecture estim\u00e9e":"2 minutes"},"schema":{"@context":"https:\/\/schema.org","@graph":[{"@type":"WebSite","@id":"https:\/\/www.fedebon.fr\/berry\/#website","url":"https:\/\/www.fedebon.fr\/berry\/","name":"F\u00e9d\u00e9bon Berry","description":"F\u00e9d\u00e9bon Berry est un ch\u00e8que cadeau mis \u00e0 la disposition des entreprises, collectivit\u00e9s, et des comit\u00e9s d&#039;entreprise.","potentialAction":[{"@type":"SearchAction","target":{"@type":"EntryPoint","urlTemplate":"https:\/\/www.fedebon.fr\/berry\/?s={search_term_string}"},"query-input":"required name=search_term_string"}],"inLanguage":"fr-FR"},{"@type":"WebPage","@id":"https:\/\/www.fedebon.fr\/berry\/avantages-cheques-fedebon-18\/un-artisan\/","url":"https:\/\/www.fedebon.fr\/berry\/avantages-cheques-fedebon-18\/un-artisan\/","name":"Ch\u00e8que cadeau F\u00e9d\u00e9bon 18 pour les artisans","isPartOf":{"@id":"https:\/\/www.fedebon.fr\/berry\/#website"},"datePublished":"2016-09-02T15:39:24+00:00","dateModified":"2026-04-09T08:29:46+00:00","description":"Comment utiliser les ch\u00e8ques cadeaux F\u00e9d\u00e9bon 18 quand vous \u00eates artisan","breadcrumb":{"@id":"https:\/\/www.fedebon.fr\/berry\/avantages-cheques-fedebon-18\/un-artisan\/#breadcrumb"},"inLanguage":"fr-FR","potentialAction":[{"@type":"ReadAction","target":["https:\/\/www.fedebon.fr\/berry\/avantages-cheques-fedebon-18\/un-artisan\/"]}]},{"@type":"BreadcrumbList","@id":"https:\/\/www.fedebon.fr\/berry\/avantages-cheques-fedebon-18\/un-artisan\/#breadcrumb","itemListElement":[{"@type":"ListItem","position":1,"name":"Accueil","item":"https:\/\/www.fedebon.fr\/berry\/"},{"@type":"ListItem","position":2,"name":"Les avantages des ch\u00e8ques F\u00e9d\u00e9bon Berry","item":"https:\/\/www.fedebon.fr\/berry\/avantages-cheques-fedebon-18\/"},{"@type":"ListItem","position":3,"name":"Un artisan"}]}]}},"_links":{"self":[{"href":"https:\/\/www.fedebon.fr\/berry\/wp-json\/wp\/v2\/pages\/18"}],"collection":[{"href":"https:\/\/www.fedebon.fr\/berry\/wp-json\/wp\/v2\/pages"}],"about":[{"href":"https:\/\/www.fedebon.fr\/berry\/wp-json\/wp\/v2\/types\/page"}],"author":[{"embeddable":true,"href":"https:\/\/www.fedebon.fr\/berry\/wp-json\/wp\/v2\/users\/1"}],"replies":[{"embeddable":true,"href":"https:\/\/www.fedebon.fr\/berry\/wp-json\/wp\/v2\/comments?post=18"}],"version-history":[{"count":37,"href":"https:\/\/www.fedebon.fr\/berry\/wp-json\/wp\/v2\/pages\/18\/revisions"}],"predecessor-version":[{"id":2288,"href":"https:\/\/www.fedebon.fr\/berry\/wp-json\/wp\/v2\/pages\/18\/revisions\/2288"}],"up":[{"embeddable":true,"href":"https:\/\/www.fedebon.fr\/berry\/wp-json\/wp\/v2\/pages\/16"}],"wp:attachment":[{"href":"https:\/\/www.fedebon.fr\/berry\/wp-json\/wp\/v2\/media?parent=18"}],"curies":[{"name":"wp","href":"https:\/\/api.w.org\/{rel}","templated":true}]}}