{"id":12,"date":"2016-09-02T17:38:36","date_gmt":"2016-09-02T15:38:36","guid":{"rendered":"http:\/\/www.fedebon.fr\/18\/?page_id=12"},"modified":"2019-04-09T11:31:12","modified_gmt":"2019-04-09T09:31:12","slug":"fedebon-18","status":"publish","type":"page","link":"https:\/\/www.fedebon.fr\/berry\/fedebon-18\/","title":{"rendered":"F\u00e9d\u00e9bon Berry"},"content":{"rendered":"<p>[vc_row][vc_column width=\u00a0\u00bb2\/3&Prime;][vc_custom_heading text=\u00a0\u00bbLe ch\u00e8que cadeau F\u00e9d\u00e9bon Berry\u00a0\u00bb google_fonts=\u00a0\u00bbfont_family:Montserrat%3Aregular%2C700|font_style:400%20regular%3A400%3Anormal\u00a0\u00bb][vc_single_image image=\u00a0\u00bb1282&Prime; img_size=\u00a0\u00bbfull\u00a0\u00bb alignment=\u00a0\u00bbcenter\u00a0\u00bb css_animation=\u00a0\u00bbtop-to-bottom\u00a0\u00bb][vc_column_text]<\/p>\n<h3>Simple et pratique, le ch\u00e8que cadeau F\u00e9d\u00e9bon Berry est compos\u00e9 de diff\u00e9rentes informations :<\/h3>\n<p>[\/vc_column_text][vc_row_inner][vc_column_inner width=\u00a0\u00bb1\/2&Prime;][vc_column_text]<img loading=\"lazy\" class=\"alignnone size-full wp-image-2426\" src=\"https:\/\/www.fedebon.fr\/11\/wp-content\/uploads\/sites\/2\/2016\/06\/1.gif\" alt=\"1\" width=\"25\" height=\"25\" \/> Le logo de votre entreprise<\/p>\n<p><img loading=\"lazy\" class=\"alignnone size-full wp-image-2425\" src=\"https:\/\/www.fedebon.fr\/11\/wp-content\/uploads\/sites\/2\/2016\/06\/2.gif\" alt=\"2\" width=\"25\" height=\"25\" \/> Le nom et le pr\u00e9nom du b\u00e9n\u00e9ficiaire<\/p>\n<p><img loading=\"lazy\" class=\"alignnone size-full wp-image-2431\" src=\"https:\/\/www.fedebon.fr\/11\/wp-content\/uploads\/sites\/2\/2016\/06\/3.gif\" alt=\"3\" width=\"25\" height=\"25\" \/> La valeur de votre\u00a0ch\u00e8que[\/vc_column_text][\/vc_column_inner][vc_column_inner width=\u00a0\u00bb1\/2&Prime;][vc_column_text]<img loading=\"lazy\" class=\"alignnone size-full wp-image-2430\" src=\"https:\/\/www.fedebon.fr\/11\/wp-content\/uploads\/sites\/2\/2016\/06\/4.gif\" alt=\"4\" width=\"25\" height=\"25\" \/>\u00a0Le code barre de votre ch\u00e8que<\/p>\n<p><img loading=\"lazy\" class=\"alignnone size-full wp-image-2429\" src=\"https:\/\/www.fedebon.fr\/11\/wp-content\/uploads\/sites\/2\/2016\/06\/5.gif\" alt=\"5\" width=\"25\" height=\"25\" \/> Un hologramme pour s\u00e9curiser le ch\u00e8que<\/p>\n<p>[\/vc_column_text][\/vc_column_inner][\/vc_row_inner][\/vc_column][vc_column width=\u00a0\u00bb1\/3&Prime;][vc_custom_heading text=\u00a0\u00bbF\u00e9d\u00e9bon Berry\u00a0\u00bb google_fonts=\u00a0\u00bbfont_family:Montserrat%3Aregular%2C700|font_style:400%20regular%3A400%3Anormal\u00a0\u00bb][vc_column_text]<\/p>\n<p style=\"text-align: justify;\"><strong><br \/>\nF\u00e9d\u00e9rer et promouvoir nos entreprises commerciales, dynamiser l\u2019\u00e9conomie locale.<\/strong><\/p>\n<p style=\"text-align: justify;\">En tant que partenaire incontournable des commer\u00e7ants et artisans du Cher et de l\u2019Indre, la CCI 18 a souhait\u00e9 initier F\u00e9d\u00e9bon Berry.<strong><br \/>\n<\/strong><\/p>\n<p>[\/vc_column_text][\/vc_column][\/vc_row][vc_row][vc_column][vc_empty_space][vc_row_inner][vc_column_inner width=\u00a0\u00bb1\/3&Prime;][stm_icon_box hide_title_line=\u00a0\u00bbhide_title_line\u00a0\u00bb enable_hexagon=\u00a0\u00bbenable\u00a0\u00bb enable_hexagon_animation=\u00a0\u00bbenable\u00a0\u00bb v_align_middle=\u00a0\u00bbenable\u00a0\u00bb icon=\u00a0\u00bbfa fa-gift\u00a0\u00bb style=\u00a0\u00bbicon_left\u00a0\u00bb icon_size=\u00a0\u00bb32&Prime; icon_width=\u00a0\u00bb70&Prime; title=\u00a0\u00bbComment offrir des F\u00e9d\u00e9bon ?\u00a0\u00bb]vous \u00eates un chef d\u2019entreprise, un responsable d\u2019une collectivit\u00e9 ou un membre d\u2019un comit\u00e9 d\u2019entreprise et vous souhaitez motiver ou r\u00e9compenser vos salari\u00e9s. Pour ne pas vous tromper et faire plaisir \u00e0 coup s\u00fbr\u00a0: choisissez d\u2019offrir des ch\u00e8ques cadeaux F\u00e9d\u00e9bon Berry.<\/p>\n<p>Vos collaborateurs, agents ou coll\u00e8gues salari\u00e9s pourront ainsi d\u00e9penser leurs ch\u00e8ques cadeaux en toute libert\u00e9 dans le commerce de leur choix\u00a0![\/stm_icon_box][vc_btn title=\u00a0\u00bbEn savoir plus\u00a0\u00bb size=\u00a0\u00bbsm\u00a0\u00bb align=\u00a0\u00bbcenter\u00a0\u00bb css_animation=\u00a0\u00bbappear\u00a0\u00bb link=\u00a0\u00bburl:http%3A%2F%2Fwww.fedebon.fr%2Fberry%2Favantages-cheques-fedebon-18%2F||\u00a0\u00bb][vc_empty_space][\/vc_column_inner][vc_column_inner width=\u00a0\u00bb1\/3&Prime;][stm_icon_box hide_title_line=\u00a0\u00bbhide_title_line\u00a0\u00bb enable_hexagon=\u00a0\u00bbenable\u00a0\u00bb enable_hexagon_animation=\u00a0\u00bbenable\u00a0\u00bb v_align_middle=\u00a0\u00bbenable\u00a0\u00bb icon=\u00a0\u00bbstm-check\u00a0\u00bb style=\u00a0\u00bbicon_left\u00a0\u00bb icon_size=\u00a0\u00bb32&Prime; icon_width=\u00a0\u00bb70&Prime; title=\u00a0\u00bbComment accepter des F\u00e9d\u00e9bon ?\u00a0\u00bb]Vous \u00eates commer\u00e7ant ou artisan et vous aimeriez pouvoir accepter les ch\u00e8ques cadeaux F\u00e9d\u00e9bon Berry. Une seule d\u00e9marche, contactez notre conseill\u00e8re F\u00e9d\u00e9bon \u00e0 la Chambre de Commerce et d\u2019Industrie du Cher.[\/stm_icon_box][vc_btn title=\u00a0\u00bbEn savoir plus\u00a0\u00bb size=\u00a0\u00bbsm\u00a0\u00bb align=\u00a0\u00bbcenter\u00a0\u00bb css_animation=\u00a0\u00bbappear\u00a0\u00bb link=\u00a0\u00bburl:http%3A%2F%2Fwww.fedebon.fr%2Fberry%2Favantages-cheques-fedebon-18%2F||\u00a0\u00bb][vc_empty_space][\/vc_column_inner][vc_column_inner width=\u00a0\u00bb1\/3&Prime;][stm_icon_box hide_title_line=\u00a0\u00bbhide_title_line\u00a0\u00bb enable_hexagon=\u00a0\u00bbenable\u00a0\u00bb enable_hexagon_animation=\u00a0\u00bbenable\u00a0\u00bb v_align_middle=\u00a0\u00bbenable\u00a0\u00bb icon=\u00a0\u00bbstm-cart\u00a0\u00bb style=\u00a0\u00bbicon_left\u00a0\u00bb icon_size=\u00a0\u00bb32&Prime; icon_width=\u00a0\u00bb70&Prime; title=\u00a0\u00bbO\u00f9 d\u00e9penser des F\u00e9d\u00e9bon ?\u00a0\u00bb]De nombreux commer\u00e7ants et prestataires de services du Cher et de l\u2019Indre acceptent les ch\u00e8ques cadeaux F\u00e9d\u00e9bon Berry.<\/p>\n<p>Consultez la liste des magasins participants faite votre choix en fonction de la ville ou de vos envies\u00a0!<\/p>\n<p>Chez un commer\u00e7ant ou artisan participant, remettez-lui en paiement de vos achats, vos ch\u00e8ques cadeaux apr\u00e8s avoir v\u00e9rifi\u00e9 qu\u2019ils sont en cours de validit\u00e9.[\/stm_icon_box][vc_btn title=\u00a0\u00bbEn savoir plus\u00a0\u00bb size=\u00a0\u00bbsm\u00a0\u00bb align=\u00a0\u00bbcenter\u00a0\u00bb css_animation=\u00a0\u00bbappear\u00a0\u00bb link=\u00a0\u00bburl:http%3A%2F%2Fwww.fedebon.fr%2Fberry%2Fvous-recherchez%2Fun-magasin-participant%2F||\u00a0\u00bb][vc_empty_space][\/vc_column_inner][\/vc_row_inner][\/vc_column][\/vc_row][vc_row full_width=\u00a0\u00bbstretch_row\u00a0\u00bb css=\u00a0\u00bb.vc_custom_1465305282158{margin-bottom: -60px !important;background-color: #fbba00 !important;}\u00a0\u00bb el_class=\u00a0\u00bbthird_bg_color\u00a0\u00bb][vc_column][vc_cta h2=\u00a0\u00bbBesoin d&rsquo;un renseignement ?\u00a0\u00bb h2_font_container=\u00a0\u00bbfont_size:30px|color:%23ffffff|line_height:24px\u00a0\u00bb h2_use_theme_fonts=\u00a0\u00bbyes\u00a0\u00bb shape=\u00a0\u00bbsquare\u00a0\u00bb style=\u00a0\u00bbflat\u00a0\u00bb add_button=\u00a0\u00bbright\u00a0\u00bb btn_title=\u00a0\u00bbNous contacter\u00a0\u00bb btn_style=\u00a0\u00bbflat\u00a0\u00bb btn_color=\u00a0\u00bbtheme_style_2&Prime; btn_align=\u00a0\u00bbright\u00a0\u00bb btn_i_align=\u00a0\u00bbright\u00a0\u00bb btn_i_icon_fontawesome=\u00a0\u00bbfa fa-arrow-right\u00a0\u00bb use_custom_fonts_h2=\u00a0\u00bbtrue\u00a0\u00bb btn_button_block=\u00a0\u00bbtrue\u00a0\u00bb btn_add_icon=\u00a0\u00bbtrue\u00a0\u00bb el_class=\u00a0\u00bbthird_bg_color\u00a0\u00bb css=\u00a0\u00bb.vc_custom_1473061921901{margin-bottom: 0px !important;background-color: #fbba00 !important;}\u00a0\u00bb btn_link=\u00a0\u00bburl:http%3A%2F%2Fwww.fedebon.fr%2Fberry%2Fcontact%2F||\u00a0\u00bb][\/vc_cta][\/vc_column][\/vc_row][vc_row][vc_column][vc_column_text]<\/p>\n<p>[\/vc_column_text][\/vc_column][\/vc_row]<\/p>\n","protected":false},"excerpt":{"rendered":"<p>[vc_row][vc_column width=\u00a0\u00bb2\/3&Prime;][vc_custom_heading text=\u00a0\u00bbLe ch\u00e8que cadeau F\u00e9d\u00e9bon Berry\u00a0\u00bb google_fonts=\u00a0\u00bbfont_family:Montserrat%3Aregular%2C700|font_style:400%20regular%3A400%3Anormal\u00a0\u00bb][vc_single_image image=\u00a0\u00bb1282&Prime; img_size=\u00a0\u00bbfull\u00a0\u00bb alignment=\u00a0\u00bbcenter\u00a0\u00bb css_animation=\u00a0\u00bbtop-to-bottom\u00a0\u00bb][vc_column_text] Simple et pratique, le ch\u00e8que cadeau F\u00e9d\u00e9bon Berry est compos\u00e9 de diff\u00e9rentes informations : [\/vc_column_text][vc_row_inner][vc_column_inner width=\u00a0\u00bb1\/2&Prime;][vc_column_text] Le logo de votre entreprise Le nom et le pr\u00e9nom du b\u00e9n\u00e9ficiaire La valeur de votre\u00a0ch\u00e8que[\/vc_column_text][\/vc_column_inner][vc_column_inner width=\u00a0\u00bb1\/2&Prime;][vc_column_text]\u00a0Le code barre de votre ch\u00e8que Un hologramme pour s\u00e9curiser le<\/p>\n","protected":false},"author":1,"featured_media":0,"parent":0,"menu_order":0,"comment_status":"closed","ping_status":"closed","template":"","meta":[],"yoast_head":"<!-- This site is optimized with the Yoast SEO plugin v19.4 - https:\/\/yoast.com\/wordpress\/plugins\/seo\/ -->\n<title>Le ch\u00e8que cadeau F\u00e9d\u00e9bon 18<\/title>\n<meta name=\"description\" content=\"Simple et pratique, le ch\u00e8que cadeau F\u00e9d\u00e9bon 18 est simple \u00e0 offrir, \u00e0 accepter par le commer\u00e7ant et \u00e0 d\u00e9penser.\" \/>\n<meta name=\"robots\" content=\"index, follow, max-snippet:-1, max-image-preview:large, max-video-preview:-1\" \/>\n<link rel=\"canonical\" href=\"https:\/\/www.fedebon.fr\/berry\/fedebon-18\/\" \/>\n<meta property=\"og:locale\" content=\"fr_FR\" \/>\n<meta property=\"og:type\" content=\"article\" \/>\n<meta property=\"og:title\" content=\"Le ch\u00e8que cadeau F\u00e9d\u00e9bon 18\" \/>\n<meta property=\"og:description\" content=\"Simple et pratique, le ch\u00e8que cadeau F\u00e9d\u00e9bon 18 est simple \u00e0 offrir, \u00e0 accepter par le commer\u00e7ant et \u00e0 d\u00e9penser.\" \/>\n<meta property=\"og:url\" content=\"https:\/\/www.fedebon.fr\/berry\/fedebon-18\/\" \/>\n<meta property=\"og:site_name\" content=\"F\u00e9d\u00e9bon Berry\" \/>\n<meta property=\"article:modified_time\" content=\"2019-04-09T09:31:12+00:00\" \/>\n<meta property=\"og:image\" content=\"https:\/\/www.fedebon.fr\/11\/wp-content\/uploads\/sites\/2\/2016\/06\/1.gif\" \/>\n<meta name=\"twitter:card\" content=\"summary\" \/>\n<meta name=\"twitter:label1\" content=\"Dur\u00e9e de lecture estim\u00e9e\" \/>\n\t<meta name=\"twitter:data1\" content=\"4 minutes\" \/>\n<script type=\"application\/ld+json\" class=\"yoast-schema-graph\">{\"@context\":\"https:\/\/schema.org\",\"@graph\":[{\"@type\":\"WebSite\",\"@id\":\"https:\/\/www.fedebon.fr\/berry\/#website\",\"url\":\"https:\/\/www.fedebon.fr\/berry\/\",\"name\":\"F\u00e9d\u00e9bon Berry\",\"description\":\"F\u00e9d\u00e9bon Berry est un ch\u00e8que cadeau mis \u00e0 la disposition des entreprises, collectivit\u00e9s, et des comit\u00e9s d&#039;entreprise.\",\"potentialAction\":[{\"@type\":\"SearchAction\",\"target\":{\"@type\":\"EntryPoint\",\"urlTemplate\":\"https:\/\/www.fedebon.fr\/berry\/?s={search_term_string}\"},\"query-input\":\"required name=search_term_string\"}],\"inLanguage\":\"fr-FR\"},{\"@type\":\"WebPage\",\"@id\":\"https:\/\/www.fedebon.fr\/berry\/fedebon-18\/\",\"url\":\"https:\/\/www.fedebon.fr\/berry\/fedebon-18\/\",\"name\":\"Le ch\u00e8que cadeau F\u00e9d\u00e9bon 18\",\"isPartOf\":{\"@id\":\"https:\/\/www.fedebon.fr\/berry\/#website\"},\"datePublished\":\"2016-09-02T15:38:36+00:00\",\"dateModified\":\"2019-04-09T09:31:12+00:00\",\"description\":\"Simple et pratique, le ch\u00e8que cadeau F\u00e9d\u00e9bon 18 est simple \u00e0 offrir, \u00e0 accepter par le commer\u00e7ant et \u00e0 d\u00e9penser.\",\"breadcrumb\":{\"@id\":\"https:\/\/www.fedebon.fr\/berry\/fedebon-18\/#breadcrumb\"},\"inLanguage\":\"fr-FR\",\"potentialAction\":[{\"@type\":\"ReadAction\",\"target\":[\"https:\/\/www.fedebon.fr\/berry\/fedebon-18\/\"]}]},{\"@type\":\"BreadcrumbList\",\"@id\":\"https:\/\/www.fedebon.fr\/berry\/fedebon-18\/#breadcrumb\",\"itemListElement\":[{\"@type\":\"ListItem\",\"position\":1,\"name\":\"Accueil\",\"item\":\"https:\/\/www.fedebon.fr\/berry\/\"},{\"@type\":\"ListItem\",\"position\":2,\"name\":\"F\u00e9d\u00e9bon Berry\"}]}]}<\/script>\n<!-- \/ Yoast SEO plugin. -->","yoast_head_json":{"title":"Le ch\u00e8que cadeau F\u00e9d\u00e9bon 18","description":"Simple et pratique, le ch\u00e8que cadeau F\u00e9d\u00e9bon 18 est simple \u00e0 offrir, \u00e0 accepter par le commer\u00e7ant et \u00e0 d\u00e9penser.","robots":{"index":"index","follow":"follow","max-snippet":"max-snippet:-1","max-image-preview":"max-image-preview:large","max-video-preview":"max-video-preview:-1"},"canonical":"https:\/\/www.fedebon.fr\/berry\/fedebon-18\/","og_locale":"fr_FR","og_type":"article","og_title":"Le ch\u00e8que cadeau F\u00e9d\u00e9bon 18","og_description":"Simple et pratique, le ch\u00e8que cadeau F\u00e9d\u00e9bon 18 est simple \u00e0 offrir, \u00e0 accepter par le commer\u00e7ant et \u00e0 d\u00e9penser.","og_url":"https:\/\/www.fedebon.fr\/berry\/fedebon-18\/","og_site_name":"F\u00e9d\u00e9bon Berry","article_modified_time":"2019-04-09T09:31:12+00:00","og_image":[{"url":"https:\/\/www.fedebon.fr\/11\/wp-content\/uploads\/sites\/2\/2016\/06\/1.gif"}],"twitter_card":"summary","twitter_misc":{"Dur\u00e9e de lecture estim\u00e9e":"4 minutes"},"schema":{"@context":"https:\/\/schema.org","@graph":[{"@type":"WebSite","@id":"https:\/\/www.fedebon.fr\/berry\/#website","url":"https:\/\/www.fedebon.fr\/berry\/","name":"F\u00e9d\u00e9bon Berry","description":"F\u00e9d\u00e9bon Berry est un ch\u00e8que cadeau mis \u00e0 la disposition des entreprises, collectivit\u00e9s, et des comit\u00e9s d&#039;entreprise.","potentialAction":[{"@type":"SearchAction","target":{"@type":"EntryPoint","urlTemplate":"https:\/\/www.fedebon.fr\/berry\/?s={search_term_string}"},"query-input":"required name=search_term_string"}],"inLanguage":"fr-FR"},{"@type":"WebPage","@id":"https:\/\/www.fedebon.fr\/berry\/fedebon-18\/","url":"https:\/\/www.fedebon.fr\/berry\/fedebon-18\/","name":"Le ch\u00e8que cadeau F\u00e9d\u00e9bon 18","isPartOf":{"@id":"https:\/\/www.fedebon.fr\/berry\/#website"},"datePublished":"2016-09-02T15:38:36+00:00","dateModified":"2019-04-09T09:31:12+00:00","description":"Simple et pratique, le ch\u00e8que cadeau F\u00e9d\u00e9bon 18 est simple \u00e0 offrir, \u00e0 accepter par le commer\u00e7ant et \u00e0 d\u00e9penser.","breadcrumb":{"@id":"https:\/\/www.fedebon.fr\/berry\/fedebon-18\/#breadcrumb"},"inLanguage":"fr-FR","potentialAction":[{"@type":"ReadAction","target":["https:\/\/www.fedebon.fr\/berry\/fedebon-18\/"]}]},{"@type":"BreadcrumbList","@id":"https:\/\/www.fedebon.fr\/berry\/fedebon-18\/#breadcrumb","itemListElement":[{"@type":"ListItem","position":1,"name":"Accueil","item":"https:\/\/www.fedebon.fr\/berry\/"},{"@type":"ListItem","position":2,"name":"F\u00e9d\u00e9bon Berry"}]}]}},"_links":{"self":[{"href":"https:\/\/www.fedebon.fr\/berry\/wp-json\/wp\/v2\/pages\/12"}],"collection":[{"href":"https:\/\/www.fedebon.fr\/berry\/wp-json\/wp\/v2\/pages"}],"about":[{"href":"https:\/\/www.fedebon.fr\/berry\/wp-json\/wp\/v2\/types\/page"}],"author":[{"embeddable":true,"href":"https:\/\/www.fedebon.fr\/berry\/wp-json\/wp\/v2\/users\/1"}],"replies":[{"embeddable":true,"href":"https:\/\/www.fedebon.fr\/berry\/wp-json\/wp\/v2\/comments?post=12"}],"version-history":[{"count":17,"href":"https:\/\/www.fedebon.fr\/berry\/wp-json\/wp\/v2\/pages\/12\/revisions"}],"predecessor-version":[{"id":1348,"href":"https:\/\/www.fedebon.fr\/berry\/wp-json\/wp\/v2\/pages\/12\/revisions\/1348"}],"wp:attachment":[{"href":"https:\/\/www.fedebon.fr\/berry\/wp-json\/wp\/v2\/media?parent=12"}],"curies":[{"name":"wp","href":"https:\/\/api.w.org\/{rel}","templated":true}]}}