{"id":67,"date":"2021-10-29T09:47:35","date_gmt":"2021-10-29T07:47:35","guid":{"rendered":"https:\/\/www.fedebon.fr\/48\/?page_id=67"},"modified":"2025-11-05T10:03:56","modified_gmt":"2025-11-05T09:03:56","slug":"contact","status":"publish","type":"page","link":"https:\/\/www.fedebon.fr\/48\/contact\/","title":{"rendered":"Contact"},"content":{"rendered":"<p>[vc_row][vc_column width=\u00a0\u00bb1\/2&Prime;][vc_column_text css_animation=\u00a0\u00bbleft-to-right\u00a0\u00bb]<\/p>\n<h2><strong>Renseignements<\/strong><\/h2>\n<p>Nous sommes \u00e0 votre disposition pour vous informer, vous conseiller,<br \/>\npr\u00e9parer votre commande et la livrer dans les meilleurs d\u00e9lais.[\/vc_column_text][vc_column_text css_animation=\u00a0\u00bbleft-to-right\u00a0\u00bb]<\/p>\n<h2><strong>Votre contact commercial<\/strong><\/h2>\n<p>Emeline DEL TORCHIO<\/p>\n<p>T\u00e9l : 04 66 49 00 33 \u2013 07 64 47 33 55<\/p>\n<p>fedebon48@outlook.fr[\/vc_column_text][\/vc_column][vc_column width=\u00a0\u00bb1\/2&Prime;][vc_column_text]<\/p>\n<h2>Formulaire<\/h2>\n<p>[\/vc_column_text][vc_column_text]<div role=\"form\" class=\"wpcf7\" id=\"wpcf7-f69-o1\" lang=\"fr-FR\" dir=\"ltr\">\n<div class=\"screen-reader-response\"><p role=\"status\" aria-live=\"polite\" aria-atomic=\"true\"><\/p> <ul><\/ul><\/div>\n<form action=\"\/48\/wp-json\/wp\/v2\/pages\/67#wpcf7-f69-o1\" method=\"post\" class=\"wpcf7-form init\" novalidate=\"novalidate\" data-status=\"init\">\n<div style=\"display: none;\">\n<input type=\"hidden\" name=\"_wpcf7\" value=\"69\" \/>\n<input type=\"hidden\" name=\"_wpcf7_version\" value=\"5.5.6.1\" \/>\n<input type=\"hidden\" name=\"_wpcf7_locale\" value=\"fr_FR\" \/>\n<input type=\"hidden\" name=\"_wpcf7_unit_tag\" value=\"wpcf7-f69-o1\" \/>\n<input type=\"hidden\" name=\"_wpcf7_container_post\" value=\"0\" \/>\n<input type=\"hidden\" name=\"_wpcf7_posted_data_hash\" value=\"\" \/>\n<\/div>\n<p>Votre nom & pr\u00e9nom (obligatoire)<br \/>\n    <span class=\"wpcf7-form-control-wrap your-name\"><input type=\"text\" name=\"your-name\" value=\"\" size=\"40\" class=\"wpcf7-form-control wpcf7-text wpcf7-validates-as-required\" aria-required=\"true\" aria-invalid=\"false\" \/><\/span> <\/p>\n<p>Votre email (obligatoire)<br \/>\n    <span class=\"wpcf7-form-control-wrap your-email\"><input type=\"email\" name=\"your-email\" value=\"\" size=\"40\" class=\"wpcf7-form-control wpcf7-text wpcf7-email wpcf7-validates-as-required wpcf7-validates-as-email\" aria-required=\"true\" aria-invalid=\"false\" \/><\/span> <\/p>\n<p>Votre t\u00e9l\u00e9phone (obligatoire)<br \/>\n  <span class=\"wpcf7-form-control-wrap tel-908\"><input type=\"tel\" name=\"tel-908\" value=\"\" size=\"40\" class=\"wpcf7-form-control wpcf7-text wpcf7-tel wpcf7-validates-as-required wpcf7-validates-as-tel\" aria-required=\"true\" aria-invalid=\"false\" \/><\/span> <\/p>\n<p>Votre message<br \/>\n    <span class=\"wpcf7-form-control-wrap your-message\"><textarea name=\"your-message\" cols=\"40\" rows=\"10\" class=\"wpcf7-form-control wpcf7-textarea\" aria-invalid=\"false\"><\/textarea><\/span> <\/p>\n<p><span class=\"wpcf7-form-control-wrap wpgdprc\"><span class=\"wpcf7-form-control wpcf7-validates-as-required wpcf7-wpgdprc\"><span class=\"wpcf7-list-item\"><input type=\"checkbox\" name=\"wpgdprc\" value=\"1\" aria-required=\"true\" aria-invalid=\"false\" \/><span class=\"wpcf7-list-item-label\">En utilisant ce formulaire vous autorisez Fedebon 48 \u00e0 utiliser vos informations pour r\u00e9pondre \u00e0 votre demande.<\/span><\/span><\/span><\/span><\/p>\n<p><input type=\"submit\" value=\"Envoyer\" class=\"wpcf7-form-control has-spinner wpcf7-submit\" \/><\/p>\n<div class=\"wpcf7-response-output\" aria-hidden=\"true\"><\/div><\/form><\/div>[\/vc_column_text][\/vc_column][\/vc_row]<\/p>\n","protected":false},"excerpt":{"rendered":"<p>[vc_row][vc_column width=\u00a0\u00bb1\/2&Prime;][vc_column_text css_animation=\u00a0\u00bbleft-to-right\u00a0\u00bb] Renseignements Nous sommes \u00e0 votre disposition pour vous informer, vous conseiller, pr\u00e9parer votre commande et la livrer dans les meilleurs d\u00e9lais.[\/vc_column_text][vc_column_text css_animation=\u00a0\u00bbleft-to-right\u00a0\u00bb] Votre contact commercial Emeline DEL TORCHIO T\u00e9l : 04 66 49 00 33 \u2013 07 64 47 33 55 fedebon48@outlook.fr[\/vc_column_text][\/vc_column][vc_column width=\u00a0\u00bb1\/2&Prime;][vc_column_text] Formulaire [\/vc_column_text][vc_column_text][\/vc_column_text][\/vc_column][\/vc_row]<\/p>\n","protected":false},"author":1,"featured_media":0,"parent":0,"menu_order":0,"comment_status":"closed","ping_status":"closed","template":"","meta":[],"yoast_head":"<!-- This site is optimized with the Yoast SEO plugin v19.4 - https:\/\/yoast.com\/wordpress\/plugins\/seo\/ -->\n<title>Contact - F\u00e9d\u00e9bon 48<\/title>\n<meta name=\"robots\" content=\"index, follow, max-snippet:-1, max-image-preview:large, max-video-preview:-1\" \/>\n<link rel=\"canonical\" href=\"https:\/\/www.fedebon.fr\/48\/contact\/\" \/>\n<meta property=\"og:locale\" content=\"fr_FR\" \/>\n<meta property=\"og:type\" content=\"article\" \/>\n<meta property=\"og:title\" content=\"Contact - F\u00e9d\u00e9bon 48\" \/>\n<meta property=\"og:description\" content=\"[vc_row][vc_column width=\u00a0\u00bb1\/2&Prime;][vc_column_text css_animation=\u00a0\u00bbleft-to-right\u00a0\u00bb] Renseignements Nous sommes \u00e0 votre disposition pour vous informer, vous conseiller, pr\u00e9parer votre commande et la livrer dans les meilleurs d\u00e9lais.[\/vc_column_text][vc_column_text css_animation=\u00a0\u00bbleft-to-right\u00a0\u00bb] Votre contact commercial Emeline DEL TORCHIO T\u00e9l : 04 66 49 00 33 \u2013 07 64 47 33 55 fedebon48@outlook.fr[\/vc_column_text][\/vc_column][vc_column width=\u00a0\u00bb1\/2&Prime;][vc_column_text] Formulaire [\/vc_column_text][vc_column_text][\/vc_column_text][\/vc_column][\/vc_row]\" \/>\n<meta property=\"og:url\" content=\"https:\/\/www.fedebon.fr\/48\/contact\/\" \/>\n<meta property=\"og:site_name\" content=\"F\u00e9d\u00e9bon 48\" \/>\n<meta property=\"article:publisher\" content=\"https:\/\/www.facebook.com\/Fedebon11-1564123283891006\/\" \/>\n<meta property=\"article:modified_time\" content=\"2025-11-05T09:03:56+00:00\" \/>\n<meta property=\"og:image\" content=\"http:\/\/www.fedebon.fr\/11\/wp-content\/uploads\/sites\/2\/2016\/09\/fedebon11-carre.png\" \/>\n<meta name=\"twitter:label1\" content=\"Dur\u00e9e de lecture estim\u00e9e\" \/>\n\t<meta name=\"twitter:data1\" content=\"1 minute\" \/>\n<script type=\"application\/ld+json\" class=\"yoast-schema-graph\">{\"@context\":\"https:\/\/schema.org\",\"@graph\":[{\"@type\":\"WebSite\",\"@id\":\"https:\/\/www.fedebon.fr\/48\/#website\",\"url\":\"https:\/\/www.fedebon.fr\/48\/\",\"name\":\"F\u00e9d\u00e9bon 48\",\"description\":\"F\u00e9d\u00e9bon 48 est un ch\u00e8que cadeau mis \u00e0 la disposition des entreprises, collectivit\u00e9s, et des comit\u00e9s d&#039;entreprise.\",\"potentialAction\":[{\"@type\":\"SearchAction\",\"target\":{\"@type\":\"EntryPoint\",\"urlTemplate\":\"https:\/\/www.fedebon.fr\/48\/?s={search_term_string}\"},\"query-input\":\"required name=search_term_string\"}],\"inLanguage\":\"fr-FR\"},{\"@type\":\"WebPage\",\"@id\":\"https:\/\/www.fedebon.fr\/48\/contact\/\",\"url\":\"https:\/\/www.fedebon.fr\/48\/contact\/\",\"name\":\"Contact - F\u00e9d\u00e9bon 48\",\"isPartOf\":{\"@id\":\"https:\/\/www.fedebon.fr\/48\/#website\"},\"datePublished\":\"2021-10-29T07:47:35+00:00\",\"dateModified\":\"2025-11-05T09:03:56+00:00\",\"breadcrumb\":{\"@id\":\"https:\/\/www.fedebon.fr\/48\/contact\/#breadcrumb\"},\"inLanguage\":\"fr-FR\",\"potentialAction\":[{\"@type\":\"ReadAction\",\"target\":[\"https:\/\/www.fedebon.fr\/48\/contact\/\"]}]},{\"@type\":\"BreadcrumbList\",\"@id\":\"https:\/\/www.fedebon.fr\/48\/contact\/#breadcrumb\",\"itemListElement\":[{\"@type\":\"ListItem\",\"position\":1,\"name\":\"Accueil\",\"item\":\"https:\/\/www.fedebon.fr\/48\/\"},{\"@type\":\"ListItem\",\"position\":2,\"name\":\"Contact\"}]}]}<\/script>\n<!-- \/ Yoast SEO plugin. -->","yoast_head_json":{"title":"Contact - F\u00e9d\u00e9bon 48","robots":{"index":"index","follow":"follow","max-snippet":"max-snippet:-1","max-image-preview":"max-image-preview:large","max-video-preview":"max-video-preview:-1"},"canonical":"https:\/\/www.fedebon.fr\/48\/contact\/","og_locale":"fr_FR","og_type":"article","og_title":"Contact - F\u00e9d\u00e9bon 48","og_description":"[vc_row][vc_column width=\u00a0\u00bb1\/2&Prime;][vc_column_text css_animation=\u00a0\u00bbleft-to-right\u00a0\u00bb] Renseignements Nous sommes \u00e0 votre disposition pour vous informer, vous conseiller, pr\u00e9parer votre commande et la livrer dans les meilleurs d\u00e9lais.[\/vc_column_text][vc_column_text css_animation=\u00a0\u00bbleft-to-right\u00a0\u00bb] Votre contact commercial Emeline DEL TORCHIO T\u00e9l : 04 66 49 00 33 \u2013 07 64 47 33 55 fedebon48@outlook.fr[\/vc_column_text][\/vc_column][vc_column width=\u00a0\u00bb1\/2&Prime;][vc_column_text] Formulaire [\/vc_column_text][vc_column_text][\/vc_column_text][\/vc_column][\/vc_row]","og_url":"https:\/\/www.fedebon.fr\/48\/contact\/","og_site_name":"F\u00e9d\u00e9bon 48","article_publisher":"https:\/\/www.facebook.com\/Fedebon11-1564123283891006\/","article_modified_time":"2025-11-05T09:03:56+00:00","og_image":[{"url":"http:\/\/www.fedebon.fr\/11\/wp-content\/uploads\/sites\/2\/2016\/09\/fedebon11-carre.png"}],"twitter_misc":{"Dur\u00e9e de lecture estim\u00e9e":"1 minute"},"schema":{"@context":"https:\/\/schema.org","@graph":[{"@type":"WebSite","@id":"https:\/\/www.fedebon.fr\/48\/#website","url":"https:\/\/www.fedebon.fr\/48\/","name":"F\u00e9d\u00e9bon 48","description":"F\u00e9d\u00e9bon 48 est un ch\u00e8que cadeau mis \u00e0 la disposition des entreprises, collectivit\u00e9s, et des comit\u00e9s d&#039;entreprise.","potentialAction":[{"@type":"SearchAction","target":{"@type":"EntryPoint","urlTemplate":"https:\/\/www.fedebon.fr\/48\/?s={search_term_string}"},"query-input":"required name=search_term_string"}],"inLanguage":"fr-FR"},{"@type":"WebPage","@id":"https:\/\/www.fedebon.fr\/48\/contact\/","url":"https:\/\/www.fedebon.fr\/48\/contact\/","name":"Contact - F\u00e9d\u00e9bon 48","isPartOf":{"@id":"https:\/\/www.fedebon.fr\/48\/#website"},"datePublished":"2021-10-29T07:47:35+00:00","dateModified":"2025-11-05T09:03:56+00:00","breadcrumb":{"@id":"https:\/\/www.fedebon.fr\/48\/contact\/#breadcrumb"},"inLanguage":"fr-FR","potentialAction":[{"@type":"ReadAction","target":["https:\/\/www.fedebon.fr\/48\/contact\/"]}]},{"@type":"BreadcrumbList","@id":"https:\/\/www.fedebon.fr\/48\/contact\/#breadcrumb","itemListElement":[{"@type":"ListItem","position":1,"name":"Accueil","item":"https:\/\/www.fedebon.fr\/48\/"},{"@type":"ListItem","position":2,"name":"Contact"}]}]}},"_links":{"self":[{"href":"https:\/\/www.fedebon.fr\/48\/wp-json\/wp\/v2\/pages\/67"}],"collection":[{"href":"https:\/\/www.fedebon.fr\/48\/wp-json\/wp\/v2\/pages"}],"about":[{"href":"https:\/\/www.fedebon.fr\/48\/wp-json\/wp\/v2\/types\/page"}],"author":[{"embeddable":true,"href":"https:\/\/www.fedebon.fr\/48\/wp-json\/wp\/v2\/users\/1"}],"replies":[{"embeddable":true,"href":"https:\/\/www.fedebon.fr\/48\/wp-json\/wp\/v2\/comments?post=67"}],"version-history":[{"count":7,"href":"https:\/\/www.fedebon.fr\/48\/wp-json\/wp\/v2\/pages\/67\/revisions"}],"predecessor-version":[{"id":860,"href":"https:\/\/www.fedebon.fr\/48\/wp-json\/wp\/v2\/pages\/67\/revisions\/860"}],"wp:attachment":[{"href":"https:\/\/www.fedebon.fr\/48\/wp-json\/wp\/v2\/media?parent=67"}],"curies":[{"name":"wp","href":"https:\/\/api.w.org\/{rel}","templated":true}]}}