{"id":49,"date":"2021-10-28T16:52:13","date_gmt":"2021-10-28T14:52:13","guid":{"rendered":"https:\/\/www.fedebon.fr\/48\/?page_id=49"},"modified":"2025-11-05T10:09:21","modified_gmt":"2025-11-05T09:09:21","slug":"un-salarie","status":"publish","type":"page","link":"https:\/\/www.fedebon.fr\/48\/les-avantages-des-cheques-fedebon48\/un-salarie\/","title":{"rendered":"Un salari\u00e9"},"content":{"rendered":"<p>[vc_row][vc_column][vc_custom_heading icon=\u00a0\u00bbfa fa-male\u00a0\u00bb icon_size=\u00a0\u00bb50&Prime; text=\u00a0\u00bbVous \u00eates collaborateur, agent ou salari\u00e9\u00a0\u00bb google_fonts=\u00a0\u00bbfont_family:Montserrat%3Aregular%2C700|font_style:400%20regular%3A400%3Anormal\u00a0\u00bb subtitle=\u00a0\u00bbet vous souhaitez utiliser vos ch\u00e8ques cadeaux offerts par votre employeur ou votre Comit\u00e9 d&rsquo;Entreprise\u00a0\u00bb][\/vc_column][\/vc_row][vc_row][vc_column][vc_column_text]<\/p>\n<h3>Les F\u00e9d\u00e9bon 48 sont accept\u00e9s :<\/h3>\n<p>[\/vc_column_text][vc_row_inner][vc_column_inner width=\u00a0\u00bb1\/4&Prime;][vc_column_text]<\/p>\n<ul>\n<li>Alimentation g\u00e9n\u00e9rale (produits dits \u00ab\u00a0de luxe\u00a0\u00bb)<\/li>\n<li>Am\u00e9nagements int\u00e9rieurs\u00a0et ext\u00e9rieurs<\/li>\n<li>Arts de la table<\/li>\n<li>Auto \u00e9cole<\/li>\n<li>Bar &#8211; Brasserie<\/li>\n<li>Bijouterie &#8211;\u00a0 Horlogerie<\/li>\n<li>Boucherie, Charcuterie<\/li>\n<li>Boulangerie, P\u00e2tisserie, Confiserie<\/li>\n<li>Cadeaux, Souvenirs<\/li>\n<li>Centre thermal<\/li>\n<\/ul>\n<p>[\/vc_column_text][\/vc_column_inner][vc_column_inner width=\u00a0\u00bb1\/4&Prime;][vc_column_text]<\/p>\n<ul>\n<li>Chasse &#8211; P\u00eache<\/li>\n<li>Chaussures &#8211; Cordonnerie<\/li>\n<li>Coiffure et accessoires<\/li>\n<li>Coutellerie<\/li>\n<li>Electrom\u00e9nager &#8211; TV &#8211; Hifi &#8211;\u00a0Vid\u00e9o &#8211; T\u00e9l\u00e9phonie &#8211; Informatique &#8211; D\u00e9pannage<\/li>\n<li>Epicerie<\/li>\n<li>Esth\u00e9tique<\/li>\n<li>Fleurs &#8211; Jardinerie<\/li>\n<li>Fromagerie<\/li>\n<li>Fruits et l\u00e9gumes<\/li>\n<li>H\u00f4tellerie<\/li>\n<\/ul>\n<p>[\/vc_column_text][\/vc_column_inner][vc_column_inner width=\u00a0\u00bb1\/4&Prime;][vc_column_text]<\/p>\n<ul>\n<li>Imprimerie<\/li>\n<li>Jouets &#8211;\u00a0 jeux<\/li>\n<li>Laverie<\/li>\n<li>Librairie &#8211; Papeterie &#8211; Presse<\/li>\n<li>Linge de maison<\/li>\n<li>Lingerie fine<\/li>\n<li>Loisirs<\/li>\n<li>Maroquinerie et accessoires<\/li>\n<li>Mercerie &#8211; Loisirs cr\u00e9atifs<\/li>\n<li>Meubles &#8211; D\u00e9coration<\/li>\n<li>Motos &#8211; cycles<\/li>\n<li>Optique<\/li>\n<\/ul>\n<p>[\/vc_column_text][\/vc_column_inner][vc_column_inner width=\u00a0\u00bb1\/4&Prime;][vc_column_text]<\/p>\n<ul>\n<li>Parapharmacie &#8211; Mat\u00e9riel m\u00e9dical<\/li>\n<li>Parfumerie<\/li>\n<li>Photographie<\/li>\n<li>Poissonnerie<\/li>\n<li>Pr\u00eat-\u00e0-porter<\/li>\n<li>Pr\u00eat-\u00e0-porter enfants &#8211;\u00a0Pu\u00e9riculture<\/li>\n<li>Pr\u00eat-\u00e0-porter sport<\/li>\n<li>Quincaillerie &#8211; Bricolage<\/li>\n<li>Restaurant<\/li>\n<li>Salon de th\u00e9<\/li>\n<li>Traiteur &#8211; Plats \u00e0 emporter<\/li>\n<li>Vins et spiritueux<\/li>\n<\/ul>\n<p>[\/vc_column_text][\/vc_column_inner][\/vc_row_inner][\/vc_column][\/vc_row][vc_row][vc_column][vc_empty_space][vc_cta h2=\u00a0\u00bbTrouver un magasin participant\u00a0\u00bb txt_align=\u00a0\u00bbcenter\u00a0\u00bb add_button=\u00a0\u00bbbottom\u00a0\u00bb btn_title=\u00a0\u00bbListes des magasins\u00a0\u00bb btn_align=\u00a0\u00bbcenter\u00a0\u00bb add_icon=\u00a0\u00bbtop\u00a0\u00bb i_icon_fontawesome=\u00a0\u00bbstm-stm14_fax\u00a0\u00bb i_color=\u00a0\u00bborange\u00a0\u00bb css_animation=\u00a0\u00bbtop-to-bottom\u00a0\u00bb btn_button_block=\u00a0\u00bbtrue\u00a0\u00bb btn_add_icon=\u00a0\u00bbtrue\u00a0\u00bb i_link=\u00a0\u00bburl:https%3A%2F%2Fwww.fedebon.fr%2F48%2Fvous-recherchez%2Fun-magasin-participant%2F||\u00a0\u00bb btn_link=\u00a0\u00bburl:https%3A%2F%2Fwww.fedebon.fr%2F48%2Fwp-content%2Fuploads%2Fsites%2F9%2F2025%2F11%2FLISTE-Generale.pdf\u00a0\u00bb][\/vc_cta][vc_message css_animation=\u00a0\u00bbbottom-to-top\u00a0\u00bb]<strong>Les ch\u00e8ques cadeaux ont une dur\u00e9e de validit\u00e9 de 1 an pr\u00e9cis\u00e9e sur chacun d&rsquo;eux.<\/strong><\/p>\n<p>Ils sont utilisables, en partie ou en totalit\u00e9, pour l&rsquo;achat que vous souhaitez r\u00e9aliser.[\/vc_message][\/vc_column][\/vc_row][vc_row][vc_column][vc_empty_space][\/vc_column][\/vc_row][vc_row full_width=\u00a0\u00bbstretch_row\u00a0\u00bb css=\u00a0\u00bb.vc_custom_1465310442331{margin-bottom: -60px !important;background-color: #fbba00 !important;}\u00a0\u00bb el_class=\u00a0\u00bbthird_bg_color\u00a0\u00bb][vc_column][vc_cta h2=\u00a0\u00bbBesoin d&rsquo;un renseignement ?\u00a0\u00bb h2_font_container=\u00a0\u00bbfont_size:20px|color:%23000000|line_height:24px\u00a0\u00bb h2_use_theme_fonts=\u00a0\u00bbyes\u00a0\u00bb shape=\u00a0\u00bbsquare\u00a0\u00bb style=\u00a0\u00bbflat\u00a0\u00bb add_button=\u00a0\u00bbright\u00a0\u00bb btn_title=\u00a0\u00bbNous contacter\u00a0\u00bb btn_style=\u00a0\u00bbflat\u00a0\u00bb btn_color=\u00a0\u00bbtheme_style_2&Prime; btn_align=\u00a0\u00bbright\u00a0\u00bb btn_i_align=\u00a0\u00bbright\u00a0\u00bb btn_i_icon_fontawesome=\u00a0\u00bbfa fa-arrow-right\u00a0\u00bb use_custom_fonts_h2=\u00a0\u00bbtrue\u00a0\u00bb btn_button_block=\u00a0\u00bbtrue\u00a0\u00bb btn_add_icon=\u00a0\u00bbtrue\u00a0\u00bb el_class=\u00a0\u00bbthird_bg_color\u00a0\u00bb css=\u00a0\u00bb.vc_custom_1465310436064{margin-bottom: 0px !important;background-color: #fbba00 !important;}\u00a0\u00bb btn_link=\u00a0\u00bburl:https%3A%2F%2Fwww.fedebon.fr%2F48%2Fcontact%2F||\u00a0\u00bb][\/vc_cta][\/vc_column][\/vc_row]<\/p>\n","protected":false},"excerpt":{"rendered":"<p>[vc_row][vc_column][vc_custom_heading icon=\u00a0\u00bbfa fa-male\u00a0\u00bb icon_size=\u00a0\u00bb50&Prime; text=\u00a0\u00bbVous \u00eates collaborateur, agent ou salari\u00e9\u00a0\u00bb google_fonts=\u00a0\u00bbfont_family:Montserrat%3Aregular%2C700|font_style:400%20regular%3A400%3Anormal\u00a0\u00bb subtitle=\u00a0\u00bbet vous souhaitez utiliser vos ch\u00e8ques cadeaux offerts par votre employeur ou votre Comit\u00e9 d&rsquo;Entreprise\u00a0\u00bb][\/vc_column][\/vc_row][vc_row][vc_column][vc_column_text] Les F\u00e9d\u00e9bon 48 sont accept\u00e9s : [\/vc_column_text][vc_row_inner][vc_column_inner width=\u00a0\u00bb1\/4&Prime;][vc_column_text] Alimentation g\u00e9n\u00e9rale (produits dits \u00ab\u00a0de luxe\u00a0\u00bb) Am\u00e9nagements int\u00e9rieurs\u00a0et ext\u00e9rieurs Arts de la table Auto \u00e9cole Bar &#8211; Brasserie Bijouterie &#8211;\u00a0 Horlogerie<\/p>\n","protected":false},"author":1,"featured_media":0,"parent":29,"menu_order":0,"comment_status":"closed","ping_status":"closed","template":"","meta":[],"yoast_head":"<!-- This site is optimized with the Yoast SEO plugin v19.4 - https:\/\/yoast.com\/wordpress\/plugins\/seo\/ -->\n<title>Un salari\u00e9 - F\u00e9d\u00e9bon 48<\/title>\n<meta name=\"robots\" content=\"index, follow, max-snippet:-1, max-image-preview:large, max-video-preview:-1\" \/>\n<link rel=\"canonical\" href=\"https:\/\/www.fedebon.fr\/48\/les-avantages-des-cheques-fedebon48\/un-salarie\/\" \/>\n<meta property=\"og:locale\" content=\"fr_FR\" \/>\n<meta property=\"og:type\" content=\"article\" \/>\n<meta property=\"og:title\" content=\"Un salari\u00e9 - F\u00e9d\u00e9bon 48\" \/>\n<meta property=\"og:description\" content=\"[vc_row][vc_column][vc_custom_heading icon=\u00a0\u00bbfa fa-male\u00a0\u00bb icon_size=\u00a0\u00bb50&Prime; text=\u00a0\u00bbVous \u00eates collaborateur, agent ou salari\u00e9\u00a0\u00bb google_fonts=\u00a0\u00bbfont_family:Montserrat%3Aregular%2C700|font_style:400%20regular%3A400%3Anormal\u00a0\u00bb subtitle=\u00a0\u00bbet vous souhaitez utiliser vos ch\u00e8ques cadeaux offerts par votre employeur ou votre Comit\u00e9 d&rsquo;Entreprise\u00a0\u00bb][\/vc_column][\/vc_row][vc_row][vc_column][vc_column_text] Les F\u00e9d\u00e9bon 48 sont accept\u00e9s : [\/vc_column_text][vc_row_inner][vc_column_inner width=\u00a0\u00bb1\/4&Prime;][vc_column_text] Alimentation g\u00e9n\u00e9rale (produits dits \u00ab\u00a0de luxe\u00a0\u00bb) Am\u00e9nagements int\u00e9rieurs\u00a0et ext\u00e9rieurs Arts de la table Auto \u00e9cole Bar &#8211; Brasserie Bijouterie &#8211;\u00a0 Horlogerie\" \/>\n<meta property=\"og:url\" content=\"https:\/\/www.fedebon.fr\/48\/les-avantages-des-cheques-fedebon48\/un-salarie\/\" \/>\n<meta property=\"og:site_name\" content=\"F\u00e9d\u00e9bon 48\" \/>\n<meta property=\"article:publisher\" content=\"https:\/\/www.facebook.com\/Fedebon11-1564123283891006\/\" \/>\n<meta property=\"article:modified_time\" content=\"2025-11-05T09:09:21+00:00\" \/>\n<meta property=\"og:image\" content=\"http:\/\/www.fedebon.fr\/11\/wp-content\/uploads\/sites\/2\/2016\/09\/fedebon11-carre.png\" \/>\n<meta name=\"twitter:label1\" content=\"Dur\u00e9e de lecture estim\u00e9e\" \/>\n\t<meta name=\"twitter:data1\" content=\"1 minute\" \/>\n<script type=\"application\/ld+json\" class=\"yoast-schema-graph\">{\"@context\":\"https:\/\/schema.org\",\"@graph\":[{\"@type\":\"WebSite\",\"@id\":\"https:\/\/www.fedebon.fr\/48\/#website\",\"url\":\"https:\/\/www.fedebon.fr\/48\/\",\"name\":\"F\u00e9d\u00e9bon 48\",\"description\":\"F\u00e9d\u00e9bon 48 est un ch\u00e8que cadeau mis \u00e0 la disposition des entreprises, collectivit\u00e9s, et des comit\u00e9s d&#039;entreprise.\",\"potentialAction\":[{\"@type\":\"SearchAction\",\"target\":{\"@type\":\"EntryPoint\",\"urlTemplate\":\"https:\/\/www.fedebon.fr\/48\/?s={search_term_string}\"},\"query-input\":\"required name=search_term_string\"}],\"inLanguage\":\"fr-FR\"},{\"@type\":\"WebPage\",\"@id\":\"https:\/\/www.fedebon.fr\/48\/les-avantages-des-cheques-fedebon48\/un-salarie\/\",\"url\":\"https:\/\/www.fedebon.fr\/48\/les-avantages-des-cheques-fedebon48\/un-salarie\/\",\"name\":\"Un salari\u00e9 - F\u00e9d\u00e9bon 48\",\"isPartOf\":{\"@id\":\"https:\/\/www.fedebon.fr\/48\/#website\"},\"datePublished\":\"2021-10-28T14:52:13+00:00\",\"dateModified\":\"2025-11-05T09:09:21+00:00\",\"breadcrumb\":{\"@id\":\"https:\/\/www.fedebon.fr\/48\/les-avantages-des-cheques-fedebon48\/un-salarie\/#breadcrumb\"},\"inLanguage\":\"fr-FR\",\"potentialAction\":[{\"@type\":\"ReadAction\",\"target\":[\"https:\/\/www.fedebon.fr\/48\/les-avantages-des-cheques-fedebon48\/un-salarie\/\"]}]},{\"@type\":\"BreadcrumbList\",\"@id\":\"https:\/\/www.fedebon.fr\/48\/les-avantages-des-cheques-fedebon48\/un-salarie\/#breadcrumb\",\"itemListElement\":[{\"@type\":\"ListItem\",\"position\":1,\"name\":\"Accueil\",\"item\":\"https:\/\/www.fedebon.fr\/48\/\"},{\"@type\":\"ListItem\",\"position\":2,\"name\":\"Les avantages des ch\u00e8ques-cadeaux F\u00e9d\u00e9bon 48\",\"item\":\"https:\/\/www.fedebon.fr\/48\/les-avantages-des-cheques-fedebon48\/\"},{\"@type\":\"ListItem\",\"position\":3,\"name\":\"Un salari\u00e9\"}]}]}<\/script>\n<!-- \/ Yoast SEO plugin. -->","yoast_head_json":{"title":"Un salari\u00e9 - F\u00e9d\u00e9bon 48","robots":{"index":"index","follow":"follow","max-snippet":"max-snippet:-1","max-image-preview":"max-image-preview:large","max-video-preview":"max-video-preview:-1"},"canonical":"https:\/\/www.fedebon.fr\/48\/les-avantages-des-cheques-fedebon48\/un-salarie\/","og_locale":"fr_FR","og_type":"article","og_title":"Un salari\u00e9 - F\u00e9d\u00e9bon 48","og_description":"[vc_row][vc_column][vc_custom_heading icon=\u00a0\u00bbfa fa-male\u00a0\u00bb icon_size=\u00a0\u00bb50&Prime; text=\u00a0\u00bbVous \u00eates collaborateur, agent ou salari\u00e9\u00a0\u00bb google_fonts=\u00a0\u00bbfont_family:Montserrat%3Aregular%2C700|font_style:400%20regular%3A400%3Anormal\u00a0\u00bb subtitle=\u00a0\u00bbet vous souhaitez utiliser vos ch\u00e8ques cadeaux offerts par votre employeur ou votre Comit\u00e9 d&rsquo;Entreprise\u00a0\u00bb][\/vc_column][\/vc_row][vc_row][vc_column][vc_column_text] Les F\u00e9d\u00e9bon 48 sont accept\u00e9s : [\/vc_column_text][vc_row_inner][vc_column_inner width=\u00a0\u00bb1\/4&Prime;][vc_column_text] Alimentation g\u00e9n\u00e9rale (produits dits \u00ab\u00a0de luxe\u00a0\u00bb) Am\u00e9nagements int\u00e9rieurs\u00a0et ext\u00e9rieurs Arts de la table Auto \u00e9cole Bar &#8211; Brasserie Bijouterie &#8211;\u00a0 Horlogerie","og_url":"https:\/\/www.fedebon.fr\/48\/les-avantages-des-cheques-fedebon48\/un-salarie\/","og_site_name":"F\u00e9d\u00e9bon 48","article_publisher":"https:\/\/www.facebook.com\/Fedebon11-1564123283891006\/","article_modified_time":"2025-11-05T09:09:21+00:00","og_image":[{"url":"http:\/\/www.fedebon.fr\/11\/wp-content\/uploads\/sites\/2\/2016\/09\/fedebon11-carre.png"}],"twitter_misc":{"Dur\u00e9e de lecture estim\u00e9e":"1 minute"},"schema":{"@context":"https:\/\/schema.org","@graph":[{"@type":"WebSite","@id":"https:\/\/www.fedebon.fr\/48\/#website","url":"https:\/\/www.fedebon.fr\/48\/","name":"F\u00e9d\u00e9bon 48","description":"F\u00e9d\u00e9bon 48 est un ch\u00e8que cadeau mis \u00e0 la disposition des entreprises, collectivit\u00e9s, et des comit\u00e9s d&#039;entreprise.","potentialAction":[{"@type":"SearchAction","target":{"@type":"EntryPoint","urlTemplate":"https:\/\/www.fedebon.fr\/48\/?s={search_term_string}"},"query-input":"required name=search_term_string"}],"inLanguage":"fr-FR"},{"@type":"WebPage","@id":"https:\/\/www.fedebon.fr\/48\/les-avantages-des-cheques-fedebon48\/un-salarie\/","url":"https:\/\/www.fedebon.fr\/48\/les-avantages-des-cheques-fedebon48\/un-salarie\/","name":"Un salari\u00e9 - F\u00e9d\u00e9bon 48","isPartOf":{"@id":"https:\/\/www.fedebon.fr\/48\/#website"},"datePublished":"2021-10-28T14:52:13+00:00","dateModified":"2025-11-05T09:09:21+00:00","breadcrumb":{"@id":"https:\/\/www.fedebon.fr\/48\/les-avantages-des-cheques-fedebon48\/un-salarie\/#breadcrumb"},"inLanguage":"fr-FR","potentialAction":[{"@type":"ReadAction","target":["https:\/\/www.fedebon.fr\/48\/les-avantages-des-cheques-fedebon48\/un-salarie\/"]}]},{"@type":"BreadcrumbList","@id":"https:\/\/www.fedebon.fr\/48\/les-avantages-des-cheques-fedebon48\/un-salarie\/#breadcrumb","itemListElement":[{"@type":"ListItem","position":1,"name":"Accueil","item":"https:\/\/www.fedebon.fr\/48\/"},{"@type":"ListItem","position":2,"name":"Les avantages des ch\u00e8ques-cadeaux F\u00e9d\u00e9bon 48","item":"https:\/\/www.fedebon.fr\/48\/les-avantages-des-cheques-fedebon48\/"},{"@type":"ListItem","position":3,"name":"Un salari\u00e9"}]}]}},"_links":{"self":[{"href":"https:\/\/www.fedebon.fr\/48\/wp-json\/wp\/v2\/pages\/49"}],"collection":[{"href":"https:\/\/www.fedebon.fr\/48\/wp-json\/wp\/v2\/pages"}],"about":[{"href":"https:\/\/www.fedebon.fr\/48\/wp-json\/wp\/v2\/types\/page"}],"author":[{"embeddable":true,"href":"https:\/\/www.fedebon.fr\/48\/wp-json\/wp\/v2\/users\/1"}],"replies":[{"embeddable":true,"href":"https:\/\/www.fedebon.fr\/48\/wp-json\/wp\/v2\/comments?post=49"}],"version-history":[{"count":9,"href":"https:\/\/www.fedebon.fr\/48\/wp-json\/wp\/v2\/pages\/49\/revisions"}],"predecessor-version":[{"id":864,"href":"https:\/\/www.fedebon.fr\/48\/wp-json\/wp\/v2\/pages\/49\/revisions\/864"}],"up":[{"embeddable":true,"href":"https:\/\/www.fedebon.fr\/48\/wp-json\/wp\/v2\/pages\/29"}],"wp:attachment":[{"href":"https:\/\/www.fedebon.fr\/48\/wp-json\/wp\/v2\/media?parent=49"}],"curies":[{"name":"wp","href":"https:\/\/api.w.org\/{rel}","templated":true}]}}