{"id":452,"date":"2021-11-09T16:32:02","date_gmt":"2021-11-09T15:32:02","guid":{"rendered":"https:\/\/www.fedebon.fr\/48\/?page_id=452"},"modified":"2021-11-09T16:33:26","modified_gmt":"2021-11-09T15:33:26","slug":"formulaire-dacces-aux-informations","status":"publish","type":"page","link":"https:\/\/www.fedebon.fr\/48\/formulaire-dacces-aux-informations\/","title":{"rendered":"Formulaire d\u2019acc\u00e8s aux informations"},"content":{"rendered":"<p>F\u00e9d\u00e9bon 48 s\u2019engage \u00e0 ce que la collecte et le traitement de vos donn\u00e9es, effectu\u00e9s \u00e0 partir du site https:\/\/www.fedebon.fr\/48, soient conformes au r\u00e8glement g\u00e9n\u00e9ral sur la protection des donn\u00e9es (RGPD) et \u00e0 la loi Informatique et Libert\u00e9s.<\/p>\n<p>Remplissez le formulaire ci-dessous. Nous vous r\u00e9pondrons rapidement.<\/p>\n<div role=\"form\" class=\"wpcf7\" id=\"wpcf7-f454-o1\" lang=\"fr-FR\" dir=\"ltr\">\n<div class=\"screen-reader-response\"><p role=\"status\" aria-live=\"polite\" aria-atomic=\"true\"><\/p> <ul><\/ul><\/div>\n<form action=\"\/48\/wp-json\/wp\/v2\/pages\/452#wpcf7-f454-o1\" method=\"post\" class=\"wpcf7-form init\" novalidate=\"novalidate\" data-status=\"init\">\n<div style=\"display: none;\">\n<input type=\"hidden\" name=\"_wpcf7\" value=\"454\" \/>\n<input type=\"hidden\" name=\"_wpcf7_version\" value=\"5.5.6.1\" \/>\n<input type=\"hidden\" name=\"_wpcf7_locale\" value=\"fr_FR\" \/>\n<input type=\"hidden\" name=\"_wpcf7_unit_tag\" value=\"wpcf7-f454-o1\" \/>\n<input type=\"hidden\" name=\"_wpcf7_container_post\" value=\"0\" \/>\n<input type=\"hidden\" name=\"_wpcf7_posted_data_hash\" value=\"\" \/>\n<\/div>\n<p>Nom <span style=\"color: #ff0000;\">*<\/span><br \/>\n    <span class=\"wpcf7-form-control-wrap your-name\"><input type=\"text\" name=\"your-name\" value=\"\" size=\"40\" class=\"wpcf7-form-control wpcf7-text wpcf7-validates-as-required\" aria-required=\"true\" aria-invalid=\"false\" \/><\/span> <\/p>\n<p>Email <span style=\"color: #ff0000;\">*<\/span><br \/>\n    <span class=\"wpcf7-form-control-wrap your-email\"><input type=\"email\" name=\"your-email\" value=\"\" size=\"40\" class=\"wpcf7-form-control wpcf7-text wpcf7-email wpcf7-validates-as-required wpcf7-validates-as-email\" aria-required=\"true\" aria-invalid=\"false\" \/><\/span> <\/p>\n<p><span class=\"wpcf7-form-control-wrap menu-520\"><select name=\"menu-520\" class=\"wpcf7-form-control wpcf7-select wpcf7-validates-as-required\" aria-required=\"true\" aria-invalid=\"false\"><option value=\"Acc\u00e9der \u00e0 mes donn\u00e9es\">Acc\u00e9der \u00e0 mes donn\u00e9es<\/option><option value=\"Modification de mes donn\u00e9es\">Modification de mes donn\u00e9es<\/option><option value=\"Suppression de mes donn\u00e9es\">Suppression de mes donn\u00e9es<\/option><option value=\"Portabilit\u00e9 de mes donn\u00e9es\">Portabilit\u00e9 de mes donn\u00e9es<\/option><\/select><\/span><\/p>\n<p><span class=\"wpcf7-form-control-wrap wpgdprc\"><span class=\"wpcf7-form-control wpcf7-validates-as-required wpcf7-wpgdprc\"><span class=\"wpcf7-list-item\"><input type=\"checkbox\" name=\"wpgdprc\" value=\"1\" aria-required=\"true\" aria-invalid=\"false\" \/><span class=\"wpcf7-list-item-label\">En utilisant ce formulaire vous autorisez Fedebon 48 \u00e0 utiliser vos informations pour r\u00e9pondre \u00e0 votre demande.<\/span><\/span><\/span><\/span><\/p>\n<p><input type=\"submit\" value=\"ENVOYER\" class=\"wpcf7-form-control has-spinner wpcf7-submit\" \/><\/p>\n<div class=\"wpcf7-response-output\" aria-hidden=\"true\"><\/div><\/form><\/div>\n","protected":false},"excerpt":{"rendered":"<p>F\u00e9d\u00e9bon 48 s\u2019engage \u00e0 ce que la collecte et le traitement de vos donn\u00e9es, effectu\u00e9s \u00e0 partir du site https:\/\/www.fedebon.fr\/48, soient conformes au r\u00e8glement g\u00e9n\u00e9ral sur la protection des donn\u00e9es (RGPD) et \u00e0 la loi Informatique et Libert\u00e9s. Remplissez le formulaire ci-dessous. Nous vous r\u00e9pondrons rapidement.<\/p>\n","protected":false},"author":1,"featured_media":0,"parent":0,"menu_order":0,"comment_status":"closed","ping_status":"closed","template":"","meta":[],"yoast_head":"<!-- This site is optimized with the Yoast SEO plugin v19.4 - https:\/\/yoast.com\/wordpress\/plugins\/seo\/ -->\n<title>Formulaire d\u2019acc\u00e8s aux informations - F\u00e9d\u00e9bon 48<\/title>\n<meta name=\"robots\" content=\"index, follow, max-snippet:-1, max-image-preview:large, max-video-preview:-1\" \/>\n<link rel=\"canonical\" href=\"https:\/\/www.fedebon.fr\/48\/formulaire-dacces-aux-informations\/\" \/>\n<meta property=\"og:locale\" content=\"fr_FR\" \/>\n<meta property=\"og:type\" content=\"article\" \/>\n<meta property=\"og:title\" content=\"Formulaire d\u2019acc\u00e8s aux informations - F\u00e9d\u00e9bon 48\" \/>\n<meta property=\"og:description\" content=\"F\u00e9d\u00e9bon 48 s\u2019engage \u00e0 ce que la collecte et le traitement de vos donn\u00e9es, effectu\u00e9s \u00e0 partir du site https:\/\/www.fedebon.fr\/48, soient conformes au r\u00e8glement g\u00e9n\u00e9ral sur la protection des donn\u00e9es (RGPD) et \u00e0 la loi Informatique et Libert\u00e9s. Remplissez le formulaire ci-dessous. Nous vous r\u00e9pondrons rapidement.\" \/>\n<meta property=\"og:url\" content=\"https:\/\/www.fedebon.fr\/48\/formulaire-dacces-aux-informations\/\" \/>\n<meta property=\"og:site_name\" content=\"F\u00e9d\u00e9bon 48\" \/>\n<meta property=\"article:publisher\" content=\"https:\/\/www.facebook.com\/Fedebon11-1564123283891006\/\" \/>\n<meta property=\"article:modified_time\" content=\"2021-11-09T15:33:26+00:00\" \/>\n<meta property=\"og:image\" content=\"http:\/\/www.fedebon.fr\/11\/wp-content\/uploads\/sites\/2\/2016\/09\/fedebon11-carre.png\" \/>\n<meta name=\"twitter:label1\" content=\"Dur\u00e9e de lecture estim\u00e9e\" \/>\n\t<meta name=\"twitter:data1\" content=\"1 minute\" \/>\n<script type=\"application\/ld+json\" class=\"yoast-schema-graph\">{\"@context\":\"https:\/\/schema.org\",\"@graph\":[{\"@type\":\"WebSite\",\"@id\":\"https:\/\/www.fedebon.fr\/48\/#website\",\"url\":\"https:\/\/www.fedebon.fr\/48\/\",\"name\":\"F\u00e9d\u00e9bon 48\",\"description\":\"F\u00e9d\u00e9bon 48 est un ch\u00e8que cadeau mis \u00e0 la disposition des entreprises, collectivit\u00e9s, et des comit\u00e9s d&#039;entreprise.\",\"potentialAction\":[{\"@type\":\"SearchAction\",\"target\":{\"@type\":\"EntryPoint\",\"urlTemplate\":\"https:\/\/www.fedebon.fr\/48\/?s={search_term_string}\"},\"query-input\":\"required name=search_term_string\"}],\"inLanguage\":\"fr-FR\"},{\"@type\":\"WebPage\",\"@id\":\"https:\/\/www.fedebon.fr\/48\/formulaire-dacces-aux-informations\/\",\"url\":\"https:\/\/www.fedebon.fr\/48\/formulaire-dacces-aux-informations\/\",\"name\":\"Formulaire d\u2019acc\u00e8s aux informations - F\u00e9d\u00e9bon 48\",\"isPartOf\":{\"@id\":\"https:\/\/www.fedebon.fr\/48\/#website\"},\"datePublished\":\"2021-11-09T15:32:02+00:00\",\"dateModified\":\"2021-11-09T15:33:26+00:00\",\"breadcrumb\":{\"@id\":\"https:\/\/www.fedebon.fr\/48\/formulaire-dacces-aux-informations\/#breadcrumb\"},\"inLanguage\":\"fr-FR\",\"potentialAction\":[{\"@type\":\"ReadAction\",\"target\":[\"https:\/\/www.fedebon.fr\/48\/formulaire-dacces-aux-informations\/\"]}]},{\"@type\":\"BreadcrumbList\",\"@id\":\"https:\/\/www.fedebon.fr\/48\/formulaire-dacces-aux-informations\/#breadcrumb\",\"itemListElement\":[{\"@type\":\"ListItem\",\"position\":1,\"name\":\"Accueil\",\"item\":\"https:\/\/www.fedebon.fr\/48\/\"},{\"@type\":\"ListItem\",\"position\":2,\"name\":\"Formulaire d\u2019acc\u00e8s aux informations\"}]}]}<\/script>\n<!-- \/ Yoast SEO plugin. -->","yoast_head_json":{"title":"Formulaire d\u2019acc\u00e8s aux informations - F\u00e9d\u00e9bon 48","robots":{"index":"index","follow":"follow","max-snippet":"max-snippet:-1","max-image-preview":"max-image-preview:large","max-video-preview":"max-video-preview:-1"},"canonical":"https:\/\/www.fedebon.fr\/48\/formulaire-dacces-aux-informations\/","og_locale":"fr_FR","og_type":"article","og_title":"Formulaire d\u2019acc\u00e8s aux informations - F\u00e9d\u00e9bon 48","og_description":"F\u00e9d\u00e9bon 48 s\u2019engage \u00e0 ce que la collecte et le traitement de vos donn\u00e9es, effectu\u00e9s \u00e0 partir du site https:\/\/www.fedebon.fr\/48, soient conformes au r\u00e8glement g\u00e9n\u00e9ral sur la protection des donn\u00e9es (RGPD) et \u00e0 la loi Informatique et Libert\u00e9s. Remplissez le formulaire ci-dessous. Nous vous r\u00e9pondrons rapidement.","og_url":"https:\/\/www.fedebon.fr\/48\/formulaire-dacces-aux-informations\/","og_site_name":"F\u00e9d\u00e9bon 48","article_publisher":"https:\/\/www.facebook.com\/Fedebon11-1564123283891006\/","article_modified_time":"2021-11-09T15:33:26+00:00","og_image":[{"url":"http:\/\/www.fedebon.fr\/11\/wp-content\/uploads\/sites\/2\/2016\/09\/fedebon11-carre.png"}],"twitter_misc":{"Dur\u00e9e de lecture estim\u00e9e":"1 minute"},"schema":{"@context":"https:\/\/schema.org","@graph":[{"@type":"WebSite","@id":"https:\/\/www.fedebon.fr\/48\/#website","url":"https:\/\/www.fedebon.fr\/48\/","name":"F\u00e9d\u00e9bon 48","description":"F\u00e9d\u00e9bon 48 est un ch\u00e8que cadeau mis \u00e0 la disposition des entreprises, collectivit\u00e9s, et des comit\u00e9s d&#039;entreprise.","potentialAction":[{"@type":"SearchAction","target":{"@type":"EntryPoint","urlTemplate":"https:\/\/www.fedebon.fr\/48\/?s={search_term_string}"},"query-input":"required name=search_term_string"}],"inLanguage":"fr-FR"},{"@type":"WebPage","@id":"https:\/\/www.fedebon.fr\/48\/formulaire-dacces-aux-informations\/","url":"https:\/\/www.fedebon.fr\/48\/formulaire-dacces-aux-informations\/","name":"Formulaire d\u2019acc\u00e8s aux informations - F\u00e9d\u00e9bon 48","isPartOf":{"@id":"https:\/\/www.fedebon.fr\/48\/#website"},"datePublished":"2021-11-09T15:32:02+00:00","dateModified":"2021-11-09T15:33:26+00:00","breadcrumb":{"@id":"https:\/\/www.fedebon.fr\/48\/formulaire-dacces-aux-informations\/#breadcrumb"},"inLanguage":"fr-FR","potentialAction":[{"@type":"ReadAction","target":["https:\/\/www.fedebon.fr\/48\/formulaire-dacces-aux-informations\/"]}]},{"@type":"BreadcrumbList","@id":"https:\/\/www.fedebon.fr\/48\/formulaire-dacces-aux-informations\/#breadcrumb","itemListElement":[{"@type":"ListItem","position":1,"name":"Accueil","item":"https:\/\/www.fedebon.fr\/48\/"},{"@type":"ListItem","position":2,"name":"Formulaire d\u2019acc\u00e8s aux informations"}]}]}},"_links":{"self":[{"href":"https:\/\/www.fedebon.fr\/48\/wp-json\/wp\/v2\/pages\/452"}],"collection":[{"href":"https:\/\/www.fedebon.fr\/48\/wp-json\/wp\/v2\/pages"}],"about":[{"href":"https:\/\/www.fedebon.fr\/48\/wp-json\/wp\/v2\/types\/page"}],"author":[{"embeddable":true,"href":"https:\/\/www.fedebon.fr\/48\/wp-json\/wp\/v2\/users\/1"}],"replies":[{"embeddable":true,"href":"https:\/\/www.fedebon.fr\/48\/wp-json\/wp\/v2\/comments?post=452"}],"version-history":[{"count":2,"href":"https:\/\/www.fedebon.fr\/48\/wp-json\/wp\/v2\/pages\/452\/revisions"}],"predecessor-version":[{"id":455,"href":"https:\/\/www.fedebon.fr\/48\/wp-json\/wp\/v2\/pages\/452\/revisions\/455"}],"wp:attachment":[{"href":"https:\/\/www.fedebon.fr\/48\/wp-json\/wp\/v2\/media?parent=452"}],"curies":[{"name":"wp","href":"https:\/\/api.w.org\/{rel}","templated":true}]}}