{"id":449,"date":"2021-11-09T16:30:51","date_gmt":"2021-11-09T15:30:51","guid":{"rendered":"https:\/\/www.fedebon.fr\/48\/?page_id=449"},"modified":"2021-11-23T15:00:44","modified_gmt":"2021-11-23T14:00:44","slug":"protection-des-donnees","status":"publish","type":"page","link":"https:\/\/www.fedebon.fr\/48\/protection-des-donnees\/","title":{"rendered":"Protection des donn\u00e9es"},"content":{"rendered":"<p>[vc_row][vc_column][vc_column_text]<\/p>\n<h2>Conformit\u00e9 RGPD<\/h2>\n<p><strong>F\u00e9d\u00e9bon 48 s&rsquo;engage \u00e0 ce que la collecte et le traitement de vos donn\u00e9es, effectu\u00e9s \u00e0 partir du site https:\/\/www.fedebon.fr\/48 soient conformes au r\u00e8glement g\u00e9n\u00e9ral sur la protection des donn\u00e9es (RGPD) et \u00e0 la loi Informatique et Libert\u00e9s.<\/strong><\/p>\n<p>Chaque formulaire\u00a0ou t\u00e9l\u00e9service limite la collecte des donn\u00e9es personnelles au strict n\u00e9cessaire afin de respecter la minimisation des donn\u00e9es et indique :<\/p>\n<ul>\n<li>quels sont les objectifs du recueil de ces donn\u00e9es ;<\/li>\n<li>si ces donn\u00e9es sont obligatoires ou facultatives pour la gestion de votre demande ;<\/li>\n<li>qui pourra en prendre connaissance: uniquement <strong>F\u00e9d\u00e9bon 48<\/strong><\/li>\n<\/ul>\n<p>Les donn\u00e9es personnelles recueillies dans le cadre des services propos\u00e9s sur https:\/\/www.fedebon.fr\/48 sont trait\u00e9es selon des protocoles s\u00e9curis\u00e9s et permettent \u00e0 <strong>F\u00e9d\u00e9bon 48<\/strong>\u00a0de g\u00e9rer les demandes re\u00e7ues dans ses applications informatiques (Emails, CRM).<\/p>\n<p>Pour toute information ou exercice de vos droits Informatique et Libert\u00e9s sur les traitements de donn\u00e9es personnelles g\u00e9r\u00e9s par <strong>F\u00e9d\u00e9bon 48<\/strong>, vous pouvez contacter son d\u00e9l\u00e9gu\u00e9 \u00e0 la protection des donn\u00e9es (DPO) :<\/p>\n<ul>\n<li><a href=\"\/48\/formulaire-dacces-aux-informations\">par ce formulaire<\/a><\/li>\n<li>ou par courrier sign\u00e9 et accompagn\u00e9 de la copie d\u2019un titre d\u2019identit\u00e9 et d&rsquo;un email \u00e0 l&rsquo;adresse suivante : 16 BD DU SOUBEYRAN 48000 MENDE<\/li>\n<\/ul>\n<h2>Dur\u00e9e de conservation des donn\u00e9es<\/h2>\n<table cellspacing=\"0\" cellpadding=\"10\">\n<tbody>\n<tr>\n<th colspan=\"2\">Dur\u00e9es d&rsquo;utilit\u00e9 administrative (DUA) applicables aux formulaires ou t\u00e9l\u00e9services g\u00e9r\u00e9es par <strong>F\u00e9d\u00e9bon 48<\/strong>.<br \/>\nLa DUA couvre la dur\u00e9e de conservation en base active et en archives internes.<\/th>\n<\/tr>\n<tr>\n<td><\/td>\n<td><\/td>\n<\/tr>\n<tr>\n<th>Proc\u00e9dure<\/th>\n<th>DUA des informations collect\u00e9es dans le cadre de la proc\u00e9dure<\/th>\n<\/tr>\n<tr>\n<td>Demande d&rsquo;information (formulaire de contact, demande de devis et rendez-vous)<\/td>\n<td>3 ans apr\u00e8s la cl\u00f4ture de la demande<\/td>\n<\/tr>\n<tr>\n<td>Gestion des donn\u00e9es clients<\/td>\n<td>\u00a05 ans apr\u00e8s la cl\u00f4ture du dossier client<\/td>\n<\/tr>\n<tr>\n<td>Donn\u00e9es de ressources humaines<\/td>\n<td>10 ans apr\u00e8s la cl\u00f4ture du dossier<\/td>\n<\/tr>\n<\/tbody>\n<\/table>\n<h2><a href=\"\/48\/informations-relatives-aux-cookies\/\">A propos des cookies\u00a0<\/a><\/h2>\n<p>[\/vc_column_text][\/vc_column][\/vc_row]<\/p>\n","protected":false},"excerpt":{"rendered":"<p>[vc_row][vc_column][vc_column_text] Conformit\u00e9 RGPD F\u00e9d\u00e9bon 48 s&rsquo;engage \u00e0 ce que la collecte et le traitement de vos donn\u00e9es, effectu\u00e9s \u00e0 partir du site https:\/\/www.fedebon.fr\/48 soient conformes au r\u00e8glement g\u00e9n\u00e9ral sur la protection des donn\u00e9es (RGPD) et \u00e0 la loi Informatique et Libert\u00e9s. Chaque formulaire\u00a0ou t\u00e9l\u00e9service limite la collecte des donn\u00e9es personnelles au strict n\u00e9cessaire afin de<\/p>\n","protected":false},"author":1,"featured_media":0,"parent":0,"menu_order":0,"comment_status":"closed","ping_status":"closed","template":"","meta":[],"yoast_head":"<!-- This site is optimized with the Yoast SEO plugin v19.4 - https:\/\/yoast.com\/wordpress\/plugins\/seo\/ -->\n<title>Protection des donn\u00e9es - F\u00e9d\u00e9bon 48<\/title>\n<meta name=\"robots\" content=\"index, follow, max-snippet:-1, max-image-preview:large, max-video-preview:-1\" \/>\n<link rel=\"canonical\" href=\"https:\/\/www.fedebon.fr\/48\/protection-des-donnees\/\" \/>\n<meta property=\"og:locale\" content=\"fr_FR\" \/>\n<meta property=\"og:type\" content=\"article\" \/>\n<meta property=\"og:title\" content=\"Protection des donn\u00e9es - F\u00e9d\u00e9bon 48\" \/>\n<meta property=\"og:description\" content=\"[vc_row][vc_column][vc_column_text] Conformit\u00e9 RGPD F\u00e9d\u00e9bon 48 s&rsquo;engage \u00e0 ce que la collecte et le traitement de vos donn\u00e9es, effectu\u00e9s \u00e0 partir du site https:\/\/www.fedebon.fr\/48 soient conformes au r\u00e8glement g\u00e9n\u00e9ral sur la protection des donn\u00e9es (RGPD) et \u00e0 la loi Informatique et Libert\u00e9s. Chaque formulaire\u00a0ou t\u00e9l\u00e9service limite la collecte des donn\u00e9es personnelles au strict n\u00e9cessaire afin de\" \/>\n<meta property=\"og:url\" content=\"https:\/\/www.fedebon.fr\/48\/protection-des-donnees\/\" \/>\n<meta property=\"og:site_name\" content=\"F\u00e9d\u00e9bon 48\" \/>\n<meta property=\"article:publisher\" content=\"https:\/\/www.facebook.com\/Fedebon11-1564123283891006\/\" \/>\n<meta property=\"article:modified_time\" content=\"2021-11-23T14:00:44+00:00\" \/>\n<meta property=\"og:image\" content=\"http:\/\/www.fedebon.fr\/11\/wp-content\/uploads\/sites\/2\/2016\/09\/fedebon11-carre.png\" \/>\n<meta name=\"twitter:label1\" content=\"Dur\u00e9e de lecture estim\u00e9e\" \/>\n\t<meta name=\"twitter:data1\" content=\"2 minutes\" \/>\n<script type=\"application\/ld+json\" class=\"yoast-schema-graph\">{\"@context\":\"https:\/\/schema.org\",\"@graph\":[{\"@type\":\"WebSite\",\"@id\":\"https:\/\/www.fedebon.fr\/48\/#website\",\"url\":\"https:\/\/www.fedebon.fr\/48\/\",\"name\":\"F\u00e9d\u00e9bon 48\",\"description\":\"F\u00e9d\u00e9bon 48 est un ch\u00e8que cadeau mis \u00e0 la disposition des entreprises, collectivit\u00e9s, et des comit\u00e9s d&#039;entreprise.\",\"potentialAction\":[{\"@type\":\"SearchAction\",\"target\":{\"@type\":\"EntryPoint\",\"urlTemplate\":\"https:\/\/www.fedebon.fr\/48\/?s={search_term_string}\"},\"query-input\":\"required name=search_term_string\"}],\"inLanguage\":\"fr-FR\"},{\"@type\":\"WebPage\",\"@id\":\"https:\/\/www.fedebon.fr\/48\/protection-des-donnees\/\",\"url\":\"https:\/\/www.fedebon.fr\/48\/protection-des-donnees\/\",\"name\":\"Protection des donn\u00e9es - F\u00e9d\u00e9bon 48\",\"isPartOf\":{\"@id\":\"https:\/\/www.fedebon.fr\/48\/#website\"},\"datePublished\":\"2021-11-09T15:30:51+00:00\",\"dateModified\":\"2021-11-23T14:00:44+00:00\",\"breadcrumb\":{\"@id\":\"https:\/\/www.fedebon.fr\/48\/protection-des-donnees\/#breadcrumb\"},\"inLanguage\":\"fr-FR\",\"potentialAction\":[{\"@type\":\"ReadAction\",\"target\":[\"https:\/\/www.fedebon.fr\/48\/protection-des-donnees\/\"]}]},{\"@type\":\"BreadcrumbList\",\"@id\":\"https:\/\/www.fedebon.fr\/48\/protection-des-donnees\/#breadcrumb\",\"itemListElement\":[{\"@type\":\"ListItem\",\"position\":1,\"name\":\"Accueil\",\"item\":\"https:\/\/www.fedebon.fr\/48\/\"},{\"@type\":\"ListItem\",\"position\":2,\"name\":\"Protection des donn\u00e9es\"}]}]}<\/script>\n<!-- \/ Yoast SEO plugin. -->","yoast_head_json":{"title":"Protection des donn\u00e9es - F\u00e9d\u00e9bon 48","robots":{"index":"index","follow":"follow","max-snippet":"max-snippet:-1","max-image-preview":"max-image-preview:large","max-video-preview":"max-video-preview:-1"},"canonical":"https:\/\/www.fedebon.fr\/48\/protection-des-donnees\/","og_locale":"fr_FR","og_type":"article","og_title":"Protection des donn\u00e9es - F\u00e9d\u00e9bon 48","og_description":"[vc_row][vc_column][vc_column_text] Conformit\u00e9 RGPD F\u00e9d\u00e9bon 48 s&rsquo;engage \u00e0 ce que la collecte et le traitement de vos donn\u00e9es, effectu\u00e9s \u00e0 partir du site https:\/\/www.fedebon.fr\/48 soient conformes au r\u00e8glement g\u00e9n\u00e9ral sur la protection des donn\u00e9es (RGPD) et \u00e0 la loi Informatique et Libert\u00e9s. Chaque formulaire\u00a0ou t\u00e9l\u00e9service limite la collecte des donn\u00e9es personnelles au strict n\u00e9cessaire afin de","og_url":"https:\/\/www.fedebon.fr\/48\/protection-des-donnees\/","og_site_name":"F\u00e9d\u00e9bon 48","article_publisher":"https:\/\/www.facebook.com\/Fedebon11-1564123283891006\/","article_modified_time":"2021-11-23T14:00:44+00:00","og_image":[{"url":"http:\/\/www.fedebon.fr\/11\/wp-content\/uploads\/sites\/2\/2016\/09\/fedebon11-carre.png"}],"twitter_misc":{"Dur\u00e9e de lecture estim\u00e9e":"2 minutes"},"schema":{"@context":"https:\/\/schema.org","@graph":[{"@type":"WebSite","@id":"https:\/\/www.fedebon.fr\/48\/#website","url":"https:\/\/www.fedebon.fr\/48\/","name":"F\u00e9d\u00e9bon 48","description":"F\u00e9d\u00e9bon 48 est un ch\u00e8que cadeau mis \u00e0 la disposition des entreprises, collectivit\u00e9s, et des comit\u00e9s d&#039;entreprise.","potentialAction":[{"@type":"SearchAction","target":{"@type":"EntryPoint","urlTemplate":"https:\/\/www.fedebon.fr\/48\/?s={search_term_string}"},"query-input":"required name=search_term_string"}],"inLanguage":"fr-FR"},{"@type":"WebPage","@id":"https:\/\/www.fedebon.fr\/48\/protection-des-donnees\/","url":"https:\/\/www.fedebon.fr\/48\/protection-des-donnees\/","name":"Protection des donn\u00e9es - F\u00e9d\u00e9bon 48","isPartOf":{"@id":"https:\/\/www.fedebon.fr\/48\/#website"},"datePublished":"2021-11-09T15:30:51+00:00","dateModified":"2021-11-23T14:00:44+00:00","breadcrumb":{"@id":"https:\/\/www.fedebon.fr\/48\/protection-des-donnees\/#breadcrumb"},"inLanguage":"fr-FR","potentialAction":[{"@type":"ReadAction","target":["https:\/\/www.fedebon.fr\/48\/protection-des-donnees\/"]}]},{"@type":"BreadcrumbList","@id":"https:\/\/www.fedebon.fr\/48\/protection-des-donnees\/#breadcrumb","itemListElement":[{"@type":"ListItem","position":1,"name":"Accueil","item":"https:\/\/www.fedebon.fr\/48\/"},{"@type":"ListItem","position":2,"name":"Protection des donn\u00e9es"}]}]}},"_links":{"self":[{"href":"https:\/\/www.fedebon.fr\/48\/wp-json\/wp\/v2\/pages\/449"}],"collection":[{"href":"https:\/\/www.fedebon.fr\/48\/wp-json\/wp\/v2\/pages"}],"about":[{"href":"https:\/\/www.fedebon.fr\/48\/wp-json\/wp\/v2\/types\/page"}],"author":[{"embeddable":true,"href":"https:\/\/www.fedebon.fr\/48\/wp-json\/wp\/v2\/users\/1"}],"replies":[{"embeddable":true,"href":"https:\/\/www.fedebon.fr\/48\/wp-json\/wp\/v2\/comments?post=449"}],"version-history":[{"count":3,"href":"https:\/\/www.fedebon.fr\/48\/wp-json\/wp\/v2\/pages\/449\/revisions"}],"predecessor-version":[{"id":483,"href":"https:\/\/www.fedebon.fr\/48\/wp-json\/wp\/v2\/pages\/449\/revisions\/483"}],"wp:attachment":[{"href":"https:\/\/www.fedebon.fr\/48\/wp-json\/wp\/v2\/media?parent=449"}],"curies":[{"name":"wp","href":"https:\/\/api.w.org\/{rel}","templated":true}]}}