{"id":134,"date":"2016-08-29T16:55:26","date_gmt":"2016-08-29T14:55:26","guid":{"rendered":"http:\/\/www.fedebon.fr\/28\/?post_type=product&#038;p=134"},"modified":"2018-10-01T17:16:40","modified_gmt":"2018-10-01T15:16:40","slug":"carnet-plaisir-doffrir","status":"publish","type":"product","link":"https:\/\/www.fedebon.fr\/28\/produit\/carnet-plaisir-doffrir\/","title":{"rendered":"Carnet Plaisir d&rsquo;Offrir"},"content":{"rendered":"<p>Vous pouvez cr\u00e9er votre propre carnet constitu\u00e9 de bons\u00a0de 1\u20ac et 10\u20ac.<\/p>\n<p>Vous pouvez \u00e9galement faire en sorte qu&rsquo;ils soient nominatifs, pour cela envoyez un fichier au format .CSV avec les informations n\u00e9cessaires.<\/p>\n","protected":false},"excerpt":{"rendered":"<p><strong><span style=\"color: #ff0000;\">Vous pouvez cr\u00e9er votre propre carnet constitu\u00e9 de bons\u00a0de 1\u20ac et 10\u20ac.<\/span><\/strong><\/p>\n","protected":false},"featured_media":206,"comment_status":"closed","ping_status":"closed","template":"","meta":[],"product_cat":[110],"product_tag":[],"yoast_head":"<!-- This site is optimized with the Yoast SEO plugin v19.4 - https:\/\/yoast.com\/wordpress\/plugins\/seo\/ -->\n<title>Carnet Plaisir d&#039;Offrir - F\u00e9d\u00e9bon 28<\/title>\n<meta name=\"robots\" content=\"index, follow, max-snippet:-1, max-image-preview:large, max-video-preview:-1\" \/>\n<link rel=\"canonical\" href=\"https:\/\/www.fedebon.fr\/28\/produit\/carnet-plaisir-doffrir\/\" \/>\n<meta property=\"og:locale\" content=\"fr_FR\" \/>\n<meta property=\"og:type\" content=\"article\" \/>\n<meta property=\"og:title\" content=\"Carnet Plaisir d&#039;Offrir - F\u00e9d\u00e9bon 28\" \/>\n<meta property=\"og:description\" content=\"Vous pouvez cr\u00e9er votre propre carnet constitu\u00e9 de bons\u00a0de 1\u20ac et 10\u20ac.\" \/>\n<meta property=\"og:url\" content=\"https:\/\/www.fedebon.fr\/28\/produit\/carnet-plaisir-doffrir\/\" \/>\n<meta property=\"og:site_name\" content=\"F\u00e9d\u00e9bon 28\" \/>\n<meta property=\"article:modified_time\" content=\"2018-10-01T15:16:40+00:00\" \/>\n<meta property=\"og:image\" content=\"https:\/\/www.fedebon.fr\/28\/wp-content\/uploads\/sites\/3\/2016\/08\/offrirbp.jpg\" \/>\n\t<meta property=\"og:image:width\" content=\"600\" \/>\n\t<meta property=\"og:image:height\" content=\"283\" \/>\n\t<meta property=\"og:image:type\" content=\"image\/jpeg\" \/>\n<meta name=\"twitter:card\" content=\"summary\" \/>\n<script type=\"application\/ld+json\" class=\"yoast-schema-graph\">{\"@context\":\"https:\/\/schema.org\",\"@graph\":[{\"@type\":\"WebSite\",\"@id\":\"https:\/\/www.fedebon.fr\/28\/#website\",\"url\":\"https:\/\/www.fedebon.fr\/28\/\",\"name\":\"F\u00e9d\u00e9bon 28\",\"description\":\"F\u00e9d\u00e9bon 28 est un ch\u00e8que cadeau mis \u00e0 la disposition des entreprises, collectivit\u00e9s, et des comit\u00e9s d&#039;entreprise.\",\"potentialAction\":[{\"@type\":\"SearchAction\",\"target\":{\"@type\":\"EntryPoint\",\"urlTemplate\":\"https:\/\/www.fedebon.fr\/28\/?s={search_term_string}\"},\"query-input\":\"required name=search_term_string\"}],\"inLanguage\":\"fr-FR\"},{\"@type\":\"WebPage\",\"@id\":\"https:\/\/www.fedebon.fr\/28\/produit\/carnet-plaisir-doffrir\/\",\"url\":\"https:\/\/www.fedebon.fr\/28\/produit\/carnet-plaisir-doffrir\/\",\"name\":\"Carnet Plaisir d'Offrir - F\u00e9d\u00e9bon 28\",\"isPartOf\":{\"@id\":\"https:\/\/www.fedebon.fr\/28\/#website\"},\"datePublished\":\"2016-08-29T14:55:26+00:00\",\"dateModified\":\"2018-10-01T15:16:40+00:00\",\"breadcrumb\":{\"@id\":\"https:\/\/www.fedebon.fr\/28\/produit\/carnet-plaisir-doffrir\/#breadcrumb\"},\"inLanguage\":\"fr-FR\",\"potentialAction\":[{\"@type\":\"ReadAction\",\"target\":[\"https:\/\/www.fedebon.fr\/28\/produit\/carnet-plaisir-doffrir\/\"]}]},{\"@type\":\"BreadcrumbList\",\"@id\":\"https:\/\/www.fedebon.fr\/28\/produit\/carnet-plaisir-doffrir\/#breadcrumb\",\"itemListElement\":[{\"@type\":\"ListItem\",\"position\":1,\"name\":\"Accueil\",\"item\":\"https:\/\/www.fedebon.fr\/28\/\"},{\"@type\":\"ListItem\",\"position\":2,\"name\":\"Boutique\",\"item\":\"https:\/\/www.fedebon.fr\/28\/boutique\/\"},{\"@type\":\"ListItem\",\"position\":3,\"name\":\"Carnet Plaisir d&rsquo;Offrir\"}]}]}<\/script>\n<!-- \/ Yoast SEO plugin. -->","yoast_head_json":{"title":"Carnet Plaisir d'Offrir - F\u00e9d\u00e9bon 28","robots":{"index":"index","follow":"follow","max-snippet":"max-snippet:-1","max-image-preview":"max-image-preview:large","max-video-preview":"max-video-preview:-1"},"canonical":"https:\/\/www.fedebon.fr\/28\/produit\/carnet-plaisir-doffrir\/","og_locale":"fr_FR","og_type":"article","og_title":"Carnet Plaisir d'Offrir - F\u00e9d\u00e9bon 28","og_description":"Vous pouvez cr\u00e9er votre propre carnet constitu\u00e9 de bons\u00a0de 1\u20ac et 10\u20ac.","og_url":"https:\/\/www.fedebon.fr\/28\/produit\/carnet-plaisir-doffrir\/","og_site_name":"F\u00e9d\u00e9bon 28","article_modified_time":"2018-10-01T15:16:40+00:00","og_image":[{"width":600,"height":283,"url":"https:\/\/www.fedebon.fr\/28\/wp-content\/uploads\/sites\/3\/2016\/08\/offrirbp.jpg","type":"image\/jpeg"}],"twitter_card":"summary","schema":{"@context":"https:\/\/schema.org","@graph":[{"@type":"WebSite","@id":"https:\/\/www.fedebon.fr\/28\/#website","url":"https:\/\/www.fedebon.fr\/28\/","name":"F\u00e9d\u00e9bon 28","description":"F\u00e9d\u00e9bon 28 est un ch\u00e8que cadeau mis \u00e0 la disposition des entreprises, collectivit\u00e9s, et des comit\u00e9s d&#039;entreprise.","potentialAction":[{"@type":"SearchAction","target":{"@type":"EntryPoint","urlTemplate":"https:\/\/www.fedebon.fr\/28\/?s={search_term_string}"},"query-input":"required name=search_term_string"}],"inLanguage":"fr-FR"},{"@type":"WebPage","@id":"https:\/\/www.fedebon.fr\/28\/produit\/carnet-plaisir-doffrir\/","url":"https:\/\/www.fedebon.fr\/28\/produit\/carnet-plaisir-doffrir\/","name":"Carnet Plaisir d'Offrir - F\u00e9d\u00e9bon 28","isPartOf":{"@id":"https:\/\/www.fedebon.fr\/28\/#website"},"datePublished":"2016-08-29T14:55:26+00:00","dateModified":"2018-10-01T15:16:40+00:00","breadcrumb":{"@id":"https:\/\/www.fedebon.fr\/28\/produit\/carnet-plaisir-doffrir\/#breadcrumb"},"inLanguage":"fr-FR","potentialAction":[{"@type":"ReadAction","target":["https:\/\/www.fedebon.fr\/28\/produit\/carnet-plaisir-doffrir\/"]}]},{"@type":"BreadcrumbList","@id":"https:\/\/www.fedebon.fr\/28\/produit\/carnet-plaisir-doffrir\/#breadcrumb","itemListElement":[{"@type":"ListItem","position":1,"name":"Accueil","item":"https:\/\/www.fedebon.fr\/28\/"},{"@type":"ListItem","position":2,"name":"Boutique","item":"https:\/\/www.fedebon.fr\/28\/boutique\/"},{"@type":"ListItem","position":3,"name":"Carnet Plaisir d&rsquo;Offrir"}]}]}},"_links":{"self":[{"href":"https:\/\/www.fedebon.fr\/28\/wp-json\/wp\/v2\/product\/134"}],"collection":[{"href":"https:\/\/www.fedebon.fr\/28\/wp-json\/wp\/v2\/product"}],"about":[{"href":"https:\/\/www.fedebon.fr\/28\/wp-json\/wp\/v2\/types\/product"}],"replies":[{"embeddable":true,"href":"https:\/\/www.fedebon.fr\/28\/wp-json\/wp\/v2\/comments?post=134"}],"wp:featuredmedia":[{"embeddable":true,"href":"https:\/\/www.fedebon.fr\/28\/wp-json\/wp\/v2\/media\/206"}],"wp:attachment":[{"href":"https:\/\/www.fedebon.fr\/28\/wp-json\/wp\/v2\/media?parent=134"}],"wp:term":[{"taxonomy":"product_cat","embeddable":true,"href":"https:\/\/www.fedebon.fr\/28\/wp-json\/wp\/v2\/product_cat?post=134"},{"taxonomy":"product_tag","embeddable":true,"href":"https:\/\/www.fedebon.fr\/28\/wp-json\/wp\/v2\/product_tag?post=134"}],"curies":[{"name":"wp","href":"https:\/\/api.w.org\/{rel}","templated":true}]}}