{"id":46,"date":"2016-08-29T14:32:14","date_gmt":"2016-08-29T12:32:14","guid":{"rendered":"http:\/\/www.fedebon.fr\/28\/?page_id=46"},"modified":"2019-07-25T10:00:05","modified_gmt":"2019-07-25T08:00:05","slug":"partenaires","status":"publish","type":"page","link":"https:\/\/www.fedebon.fr\/28\/partenaires\/","title":{"rendered":"Partenaires"},"content":{"rendered":"<p>[vc_row][vc_column][vc_single_image image=\u00a0\u00bb2691&Prime; img_size=\u00a0\u00bbmedium\u00a0\u00bb alignment=\u00a0\u00bbcenter\u00a0\u00bb css_animation=\u00a0\u00bbbottom-to-top\u00a0\u00bb][vc_column_text]<\/p>\n<p style=\"text-align: center\"><strong>Chambre de Commerce et d&rsquo;Industrie\u00a0d&rsquo;Eure-et-Loir<\/strong><\/p>\n<p style=\"text-align: center\"><a href=\"http:\/\/www.cci28.fr\/\" target=\"_blank\">http:\/\/www.cci28.fr\/<\/a><\/p>\n<p>[\/vc_column_text][\/vc_column][\/vc_row]<\/p>\n","protected":false},"excerpt":{"rendered":"<p>[vc_row][vc_column][vc_single_image image=\u00a0\u00bb2691&Prime; img_size=\u00a0\u00bbmedium\u00a0\u00bb alignment=\u00a0\u00bbcenter\u00a0\u00bb css_animation=\u00a0\u00bbbottom-to-top\u00a0\u00bb][vc_column_text] Chambre de Commerce et d&rsquo;Industrie\u00a0d&rsquo;Eure-et-Loir http:\/\/www.cci28.fr\/ [\/vc_column_text][\/vc_column][\/vc_row]<\/p>\n","protected":false},"author":1,"featured_media":0,"parent":0,"menu_order":0,"comment_status":"closed","ping_status":"closed","template":"","meta":[],"yoast_head":"<!-- This site is optimized with the Yoast SEO plugin v19.4 - https:\/\/yoast.com\/wordpress\/plugins\/seo\/ -->\n<title>Partenaires - F\u00e9d\u00e9bon 28<\/title>\n<meta name=\"robots\" content=\"index, follow, max-snippet:-1, max-image-preview:large, max-video-preview:-1\" \/>\n<link rel=\"canonical\" href=\"https:\/\/www.fedebon.fr\/28\/partenaires\/\" \/>\n<meta property=\"og:locale\" content=\"fr_FR\" \/>\n<meta property=\"og:type\" content=\"article\" \/>\n<meta property=\"og:title\" content=\"Partenaires - F\u00e9d\u00e9bon 28\" \/>\n<meta property=\"og:description\" content=\"[vc_row][vc_column][vc_single_image image=\u00a0\u00bb2691&Prime; img_size=\u00a0\u00bbmedium\u00a0\u00bb alignment=\u00a0\u00bbcenter\u00a0\u00bb css_animation=\u00a0\u00bbbottom-to-top\u00a0\u00bb][vc_column_text] Chambre de Commerce et d&rsquo;Industrie\u00a0d&rsquo;Eure-et-Loir http:\/\/www.cci28.fr\/ [\/vc_column_text][\/vc_column][\/vc_row]\" \/>\n<meta property=\"og:url\" content=\"https:\/\/www.fedebon.fr\/28\/partenaires\/\" \/>\n<meta property=\"og:site_name\" content=\"F\u00e9d\u00e9bon 28\" \/>\n<meta property=\"article:modified_time\" content=\"2019-07-25T08:00:05+00:00\" \/>\n<meta name=\"twitter:card\" content=\"summary\" \/>\n<script type=\"application\/ld+json\" class=\"yoast-schema-graph\">{\"@context\":\"https:\/\/schema.org\",\"@graph\":[{\"@type\":\"WebSite\",\"@id\":\"https:\/\/www.fedebon.fr\/28\/#website\",\"url\":\"https:\/\/www.fedebon.fr\/28\/\",\"name\":\"F\u00e9d\u00e9bon 28\",\"description\":\"F\u00e9d\u00e9bon 28 est un ch\u00e8que cadeau mis \u00e0 la disposition des entreprises, collectivit\u00e9s, et des comit\u00e9s d&#039;entreprise.\",\"potentialAction\":[{\"@type\":\"SearchAction\",\"target\":{\"@type\":\"EntryPoint\",\"urlTemplate\":\"https:\/\/www.fedebon.fr\/28\/?s={search_term_string}\"},\"query-input\":\"required name=search_term_string\"}],\"inLanguage\":\"fr-FR\"},{\"@type\":\"WebPage\",\"@id\":\"https:\/\/www.fedebon.fr\/28\/partenaires\/\",\"url\":\"https:\/\/www.fedebon.fr\/28\/partenaires\/\",\"name\":\"Partenaires - F\u00e9d\u00e9bon 28\",\"isPartOf\":{\"@id\":\"https:\/\/www.fedebon.fr\/28\/#website\"},\"datePublished\":\"2016-08-29T12:32:14+00:00\",\"dateModified\":\"2019-07-25T08:00:05+00:00\",\"breadcrumb\":{\"@id\":\"https:\/\/www.fedebon.fr\/28\/partenaires\/#breadcrumb\"},\"inLanguage\":\"fr-FR\",\"potentialAction\":[{\"@type\":\"ReadAction\",\"target\":[\"https:\/\/www.fedebon.fr\/28\/partenaires\/\"]}]},{\"@type\":\"BreadcrumbList\",\"@id\":\"https:\/\/www.fedebon.fr\/28\/partenaires\/#breadcrumb\",\"itemListElement\":[{\"@type\":\"ListItem\",\"position\":1,\"name\":\"Accueil\",\"item\":\"https:\/\/www.fedebon.fr\/28\/\"},{\"@type\":\"ListItem\",\"position\":2,\"name\":\"Partenaires\"}]}]}<\/script>\n<!-- \/ Yoast SEO plugin. -->","yoast_head_json":{"title":"Partenaires - F\u00e9d\u00e9bon 28","robots":{"index":"index","follow":"follow","max-snippet":"max-snippet:-1","max-image-preview":"max-image-preview:large","max-video-preview":"max-video-preview:-1"},"canonical":"https:\/\/www.fedebon.fr\/28\/partenaires\/","og_locale":"fr_FR","og_type":"article","og_title":"Partenaires - F\u00e9d\u00e9bon 28","og_description":"[vc_row][vc_column][vc_single_image image=\u00a0\u00bb2691&Prime; img_size=\u00a0\u00bbmedium\u00a0\u00bb alignment=\u00a0\u00bbcenter\u00a0\u00bb css_animation=\u00a0\u00bbbottom-to-top\u00a0\u00bb][vc_column_text] Chambre de Commerce et d&rsquo;Industrie\u00a0d&rsquo;Eure-et-Loir http:\/\/www.cci28.fr\/ [\/vc_column_text][\/vc_column][\/vc_row]","og_url":"https:\/\/www.fedebon.fr\/28\/partenaires\/","og_site_name":"F\u00e9d\u00e9bon 28","article_modified_time":"2019-07-25T08:00:05+00:00","twitter_card":"summary","schema":{"@context":"https:\/\/schema.org","@graph":[{"@type":"WebSite","@id":"https:\/\/www.fedebon.fr\/28\/#website","url":"https:\/\/www.fedebon.fr\/28\/","name":"F\u00e9d\u00e9bon 28","description":"F\u00e9d\u00e9bon 28 est un ch\u00e8que cadeau mis \u00e0 la disposition des entreprises, collectivit\u00e9s, et des comit\u00e9s d&#039;entreprise.","potentialAction":[{"@type":"SearchAction","target":{"@type":"EntryPoint","urlTemplate":"https:\/\/www.fedebon.fr\/28\/?s={search_term_string}"},"query-input":"required name=search_term_string"}],"inLanguage":"fr-FR"},{"@type":"WebPage","@id":"https:\/\/www.fedebon.fr\/28\/partenaires\/","url":"https:\/\/www.fedebon.fr\/28\/partenaires\/","name":"Partenaires - F\u00e9d\u00e9bon 28","isPartOf":{"@id":"https:\/\/www.fedebon.fr\/28\/#website"},"datePublished":"2016-08-29T12:32:14+00:00","dateModified":"2019-07-25T08:00:05+00:00","breadcrumb":{"@id":"https:\/\/www.fedebon.fr\/28\/partenaires\/#breadcrumb"},"inLanguage":"fr-FR","potentialAction":[{"@type":"ReadAction","target":["https:\/\/www.fedebon.fr\/28\/partenaires\/"]}]},{"@type":"BreadcrumbList","@id":"https:\/\/www.fedebon.fr\/28\/partenaires\/#breadcrumb","itemListElement":[{"@type":"ListItem","position":1,"name":"Accueil","item":"https:\/\/www.fedebon.fr\/28\/"},{"@type":"ListItem","position":2,"name":"Partenaires"}]}]}},"_links":{"self":[{"href":"https:\/\/www.fedebon.fr\/28\/wp-json\/wp\/v2\/pages\/46"}],"collection":[{"href":"https:\/\/www.fedebon.fr\/28\/wp-json\/wp\/v2\/pages"}],"about":[{"href":"https:\/\/www.fedebon.fr\/28\/wp-json\/wp\/v2\/types\/page"}],"author":[{"embeddable":true,"href":"https:\/\/www.fedebon.fr\/28\/wp-json\/wp\/v2\/users\/1"}],"replies":[{"embeddable":true,"href":"https:\/\/www.fedebon.fr\/28\/wp-json\/wp\/v2\/comments?post=46"}],"version-history":[{"count":8,"href":"https:\/\/www.fedebon.fr\/28\/wp-json\/wp\/v2\/pages\/46\/revisions"}],"predecessor-version":[{"id":2694,"href":"https:\/\/www.fedebon.fr\/28\/wp-json\/wp\/v2\/pages\/46\/revisions\/2694"}],"wp:attachment":[{"href":"https:\/\/www.fedebon.fr\/28\/wp-json\/wp\/v2\/media?parent=46"}],"curies":[{"name":"wp","href":"https:\/\/api.w.org\/{rel}","templated":true}]}}