{"id":30,"date":"2016-08-29T14:09:26","date_gmt":"2016-08-29T12:09:26","guid":{"rendered":"http:\/\/www.fedebon.fr\/28\/?page_id=30"},"modified":"2026-01-06T11:25:56","modified_gmt":"2026-01-06T10:25:56","slug":"mentions-legales","status":"publish","type":"page","link":"https:\/\/www.fedebon.fr\/28\/mentions-legales\/","title":{"rendered":"Mentions l\u00e9gales"},"content":{"rendered":"<p>Le site www.fedebon.com\/28 est \u00e9dit\u00e9 par la CCI Eure-et-Loir.<\/p>\n<p><strong>Directeur de publication<\/strong> : Bruno ROCQUAIN, Pr\u00e9sident de la CCI.<\/p>\n<p><strong>Siren<\/strong> : 182 800 011 00104<\/p>\n<p>Adresse de la CCI d&rsquo;Eure-et-Loir<br \/>\n5bis avenue Marcel Proust &#8211; BP 20062 &#8211; 28002 CHARTRES\u00a0CEDEX<\/p>\n<p><strong>T\u00e9l<\/strong>. 02 37 84 28 68<\/p>\n<p><strong>Courriel<\/strong> : <a href=\"mailto:commerce@cci28.fr\">commerce@cci28.fr<\/a><\/p>\n<h3><strong>Cr\u00e9ation \/ Webmastering \/ Maintenance<\/strong><\/h3>\n<p>R\u00e9sonance communication SARL<br \/>\n5 place Davilla 11000 Carcassonne<br \/>\nT\u00e9l. : 04 68 76 00 31<\/p>\n<h3><strong>Le prestataire assurant l&rsquo;h\u00e9bergement est la soci\u00e9t\u00e9 OVH.<\/strong><\/h3>\n<p><strong>Adresse<\/strong> : 140, quai du sartel &#8211; 59100 Roubaix &#8211; <strong>T\u00e9l<\/strong>. : 0899 701 761<br \/>\n(1.349 Euros TTC l&rsquo;appel, et 0.337 Euros TTC\/mn)<\/p>\n<h2>Commentaires, remarques et suggestions<\/h2>\n<p>F\u00e9d\u00e9bon 28\u00a0ne garantit pas que ce site soit exempt de d\u00e9faut, d\u2019erreur ou d\u2019omission. L\u2019information qui y est contenue est destin\u00e9e \u00e0 vous apporter des indications g\u00e9n\u00e9rales et les mieux actualis\u00e9es possibles sur les sujets trait\u00e9s.\u00a0F\u00e9d\u00e9bon 28\u00a0ne saurait en aucun cas \u00eatre tenu responsable des \u00e9ventuels d\u00e9fauts, erreurs ou omissions existant dans ce site, ni de l\u2019utilisation et de l\u2019interpr\u00e9tation de l\u2019information qu\u2019il contient.<\/p>\n<p>La pr\u00e9sente clause de r\u00e9serve juridique n\u2019a pas pour objet de limiter la responsabilit\u00e9 de F\u00e9d\u00e9bon 28\u00a0de mani\u00e8re contraire \u00e0 la l\u00e9gislation nationale applicable ni de l\u2019exclure dans les cas o\u00f9 elle peut \u00eatre engag\u00e9e en vertu de ladite l\u00e9gislation.<\/p>\n<p>Conform\u00e9ment \u00e0 la loi du 6 janvier 1978 relative \u00e0 l\u2019informatique, aux fichiers et aux libert\u00e9s, pour toute collecte d\u2019informations priv\u00e9es via le formulaire pr\u00e9sent sur ce site, vous disposez d\u2019un droit d\u2019acc\u00e8s, de modification, de rectification et de suppression des donn\u00e9es qui vous concernent.<\/p>\n<p>Pour l\u2019exercer, adressez-vous \u00e0 F\u00e9d\u00e9bon 28, 5bis avenue Marcel Proust \u2013 BP 20062 \u2013 28002 CHARTRES\u00a0CEDEX<\/p>\n","protected":false},"excerpt":{"rendered":"<p>Le site www.fedebon.com\/28 est \u00e9dit\u00e9 par la CCI Eure-et-Loir. Directeur de publication : Bruno ROCQUAIN, Pr\u00e9sident de la CCI. Siren : 182 800 011 00104 Adresse de la CCI d&rsquo;Eure-et-Loir 5bis avenue Marcel Proust &#8211; BP 20062 &#8211; 28002 CHARTRES\u00a0CEDEX T\u00e9l. 02 37 84 28 68 Courriel : commerce@cci28.fr Cr\u00e9ation \/ Webmastering \/ Maintenance R\u00e9sonance<\/p>\n","protected":false},"author":1,"featured_media":0,"parent":0,"menu_order":0,"comment_status":"closed","ping_status":"closed","template":"","meta":[],"yoast_head":"<!-- This site is optimized with the Yoast SEO plugin v19.4 - https:\/\/yoast.com\/wordpress\/plugins\/seo\/ -->\n<title>Mentions l\u00e9gales - F\u00e9d\u00e9bon 28<\/title>\n<meta name=\"robots\" content=\"index, follow, max-snippet:-1, max-image-preview:large, max-video-preview:-1\" \/>\n<link rel=\"canonical\" href=\"https:\/\/www.fedebon.fr\/28\/mentions-legales\/\" \/>\n<meta property=\"og:locale\" content=\"fr_FR\" \/>\n<meta property=\"og:type\" content=\"article\" \/>\n<meta property=\"og:title\" content=\"Mentions l\u00e9gales - F\u00e9d\u00e9bon 28\" \/>\n<meta property=\"og:description\" content=\"Le site www.fedebon.com\/28 est \u00e9dit\u00e9 par la CCI Eure-et-Loir. Directeur de publication : Bruno ROCQUAIN, Pr\u00e9sident de la CCI. Siren : 182 800 011 00104 Adresse de la CCI d&rsquo;Eure-et-Loir 5bis avenue Marcel Proust &#8211; BP 20062 &#8211; 28002 CHARTRES\u00a0CEDEX T\u00e9l. 02 37 84 28 68 Courriel : commerce@cci28.fr Cr\u00e9ation \/ Webmastering \/ Maintenance R\u00e9sonance\" \/>\n<meta property=\"og:url\" content=\"https:\/\/www.fedebon.fr\/28\/mentions-legales\/\" \/>\n<meta property=\"og:site_name\" content=\"F\u00e9d\u00e9bon 28\" \/>\n<meta property=\"article:modified_time\" content=\"2026-01-06T10:25:56+00:00\" \/>\n<meta name=\"twitter:card\" content=\"summary\" \/>\n<meta name=\"twitter:label1\" content=\"Dur\u00e9e de lecture estim\u00e9e\" \/>\n\t<meta name=\"twitter:data1\" content=\"2 minutes\" \/>\n<script type=\"application\/ld+json\" class=\"yoast-schema-graph\">{\"@context\":\"https:\/\/schema.org\",\"@graph\":[{\"@type\":\"WebSite\",\"@id\":\"https:\/\/www.fedebon.fr\/28\/#website\",\"url\":\"https:\/\/www.fedebon.fr\/28\/\",\"name\":\"F\u00e9d\u00e9bon 28\",\"description\":\"F\u00e9d\u00e9bon 28 est un ch\u00e8que cadeau mis \u00e0 la disposition des entreprises, collectivit\u00e9s, et des comit\u00e9s d&#039;entreprise.\",\"potentialAction\":[{\"@type\":\"SearchAction\",\"target\":{\"@type\":\"EntryPoint\",\"urlTemplate\":\"https:\/\/www.fedebon.fr\/28\/?s={search_term_string}\"},\"query-input\":\"required name=search_term_string\"}],\"inLanguage\":\"fr-FR\"},{\"@type\":\"WebPage\",\"@id\":\"https:\/\/www.fedebon.fr\/28\/mentions-legales\/\",\"url\":\"https:\/\/www.fedebon.fr\/28\/mentions-legales\/\",\"name\":\"Mentions l\u00e9gales - F\u00e9d\u00e9bon 28\",\"isPartOf\":{\"@id\":\"https:\/\/www.fedebon.fr\/28\/#website\"},\"datePublished\":\"2016-08-29T12:09:26+00:00\",\"dateModified\":\"2026-01-06T10:25:56+00:00\",\"breadcrumb\":{\"@id\":\"https:\/\/www.fedebon.fr\/28\/mentions-legales\/#breadcrumb\"},\"inLanguage\":\"fr-FR\",\"potentialAction\":[{\"@type\":\"ReadAction\",\"target\":[\"https:\/\/www.fedebon.fr\/28\/mentions-legales\/\"]}]},{\"@type\":\"BreadcrumbList\",\"@id\":\"https:\/\/www.fedebon.fr\/28\/mentions-legales\/#breadcrumb\",\"itemListElement\":[{\"@type\":\"ListItem\",\"position\":1,\"name\":\"Accueil\",\"item\":\"https:\/\/www.fedebon.fr\/28\/\"},{\"@type\":\"ListItem\",\"position\":2,\"name\":\"Mentions l\u00e9gales\"}]}]}<\/script>\n<!-- \/ Yoast SEO plugin. -->","yoast_head_json":{"title":"Mentions l\u00e9gales - F\u00e9d\u00e9bon 28","robots":{"index":"index","follow":"follow","max-snippet":"max-snippet:-1","max-image-preview":"max-image-preview:large","max-video-preview":"max-video-preview:-1"},"canonical":"https:\/\/www.fedebon.fr\/28\/mentions-legales\/","og_locale":"fr_FR","og_type":"article","og_title":"Mentions l\u00e9gales - F\u00e9d\u00e9bon 28","og_description":"Le site www.fedebon.com\/28 est \u00e9dit\u00e9 par la CCI Eure-et-Loir. Directeur de publication : Bruno ROCQUAIN, Pr\u00e9sident de la CCI. Siren : 182 800 011 00104 Adresse de la CCI d&rsquo;Eure-et-Loir 5bis avenue Marcel Proust &#8211; BP 20062 &#8211; 28002 CHARTRES\u00a0CEDEX T\u00e9l. 02 37 84 28 68 Courriel : commerce@cci28.fr Cr\u00e9ation \/ Webmastering \/ Maintenance R\u00e9sonance","og_url":"https:\/\/www.fedebon.fr\/28\/mentions-legales\/","og_site_name":"F\u00e9d\u00e9bon 28","article_modified_time":"2026-01-06T10:25:56+00:00","twitter_card":"summary","twitter_misc":{"Dur\u00e9e de lecture estim\u00e9e":"2 minutes"},"schema":{"@context":"https:\/\/schema.org","@graph":[{"@type":"WebSite","@id":"https:\/\/www.fedebon.fr\/28\/#website","url":"https:\/\/www.fedebon.fr\/28\/","name":"F\u00e9d\u00e9bon 28","description":"F\u00e9d\u00e9bon 28 est un ch\u00e8que cadeau mis \u00e0 la disposition des entreprises, collectivit\u00e9s, et des comit\u00e9s d&#039;entreprise.","potentialAction":[{"@type":"SearchAction","target":{"@type":"EntryPoint","urlTemplate":"https:\/\/www.fedebon.fr\/28\/?s={search_term_string}"},"query-input":"required name=search_term_string"}],"inLanguage":"fr-FR"},{"@type":"WebPage","@id":"https:\/\/www.fedebon.fr\/28\/mentions-legales\/","url":"https:\/\/www.fedebon.fr\/28\/mentions-legales\/","name":"Mentions l\u00e9gales - F\u00e9d\u00e9bon 28","isPartOf":{"@id":"https:\/\/www.fedebon.fr\/28\/#website"},"datePublished":"2016-08-29T12:09:26+00:00","dateModified":"2026-01-06T10:25:56+00:00","breadcrumb":{"@id":"https:\/\/www.fedebon.fr\/28\/mentions-legales\/#breadcrumb"},"inLanguage":"fr-FR","potentialAction":[{"@type":"ReadAction","target":["https:\/\/www.fedebon.fr\/28\/mentions-legales\/"]}]},{"@type":"BreadcrumbList","@id":"https:\/\/www.fedebon.fr\/28\/mentions-legales\/#breadcrumb","itemListElement":[{"@type":"ListItem","position":1,"name":"Accueil","item":"https:\/\/www.fedebon.fr\/28\/"},{"@type":"ListItem","position":2,"name":"Mentions l\u00e9gales"}]}]}},"_links":{"self":[{"href":"https:\/\/www.fedebon.fr\/28\/wp-json\/wp\/v2\/pages\/30"}],"collection":[{"href":"https:\/\/www.fedebon.fr\/28\/wp-json\/wp\/v2\/pages"}],"about":[{"href":"https:\/\/www.fedebon.fr\/28\/wp-json\/wp\/v2\/types\/page"}],"author":[{"embeddable":true,"href":"https:\/\/www.fedebon.fr\/28\/wp-json\/wp\/v2\/users\/1"}],"replies":[{"embeddable":true,"href":"https:\/\/www.fedebon.fr\/28\/wp-json\/wp\/v2\/comments?post=30"}],"version-history":[{"count":7,"href":"https:\/\/www.fedebon.fr\/28\/wp-json\/wp\/v2\/pages\/30\/revisions"}],"predecessor-version":[{"id":3169,"href":"https:\/\/www.fedebon.fr\/28\/wp-json\/wp\/v2\/pages\/30\/revisions\/3169"}],"wp:attachment":[{"href":"https:\/\/www.fedebon.fr\/28\/wp-json\/wp\/v2\/media?parent=30"}],"curies":[{"name":"wp","href":"https:\/\/api.w.org\/{rel}","templated":true}]}}