{"id":2831,"date":"2020-10-09T11:42:53","date_gmt":"2020-10-09T09:42:53","guid":{"rendered":"https:\/\/www.fedebon.fr\/28\/?page_id=2831"},"modified":"2020-10-09T13:56:27","modified_gmt":"2020-10-09T11:56:27","slug":"avantages-cheques-fedebon-28un-particulier-acheteur","status":"publish","type":"page","link":"https:\/\/www.fedebon.fr\/28\/avantages-cheques-fedebon-28\/avantages-cheques-fedebon-28un-particulier-acheteur\/","title":{"rendered":"un particulier acheteur"},"content":{"rendered":"<p>[vc_row][vc_column][vc_custom_heading icon=\u00a0\u00bbstm-mans\u00a0\u00bb icon_size=\u00a0\u00bb50&Prime; text=\u00a0\u00bbvous \u00eates un particulier\u00a0\u00bb google_fonts=\u00a0\u00bbfont_family:Montserrat%3Aregular%2C700|font_style:400%20regular%3A400%3Anormal\u00a0\u00bb subtitle=\u00a0\u00bbet vous souhaitez&#8230;\u00a0\u00bb][\/vc_column][\/vc_row][vc_row][vc_column][vc_column_text]Offrir des ch\u00e8ques cadeaux <strong>F\u00e9d\u00e9bon 28<\/strong> \u00e0 vos proches.<\/p>\n<p>Vous cherchez un cadeau pour un proche mais vous ne connaissez pas ces go\u00fbts et ces besoins ? Avec les F\u00e9d\u00e9bon 28, vous lui permettrez de se faire plaisir et de choisir parmi les 700 commer\u00e7ants eur\u00e9liens les acceptant.<\/p>\n<p>Quelque soit l&rsquo;\u00e9v\u00e9nement, vous \u00eates certain de faire plaisir.<\/p>\n<p>N&rsquo;attendez plus pour en offrir.[\/vc_column_text][\/vc_column][\/vc_row][vc_row][vc_column][vc_empty_space][\/vc_column][\/vc_row][vc_row][vc_column][vc_column_text]<a href=\"https:\/\/www.fedebon.fr\/28\/wp-content\/uploads\/sites\/3\/2020\/10\/BDC-FEDEBON28-2020-PART.pdf\">FEDEBON 28 &#8211; Bon de commande<\/a>[\/vc_column_text][\/vc_column][\/vc_row]<\/p>\n","protected":false},"excerpt":{"rendered":"<p>[vc_row][vc_column][vc_custom_heading icon=\u00a0\u00bbstm-mans\u00a0\u00bb icon_size=\u00a0\u00bb50&Prime; text=\u00a0\u00bbvous \u00eates un particulier\u00a0\u00bb google_fonts=\u00a0\u00bbfont_family:Montserrat%3Aregular%2C700|font_style:400%20regular%3A400%3Anormal\u00a0\u00bb subtitle=\u00a0\u00bbet vous souhaitez&#8230;\u00a0\u00bb][\/vc_column][\/vc_row][vc_row][vc_column][vc_column_text]Offrir des ch\u00e8ques cadeaux F\u00e9d\u00e9bon 28 \u00e0 vos proches. Vous cherchez un cadeau pour un proche mais vous ne connaissez pas ces go\u00fbts et ces besoins ? Avec les F\u00e9d\u00e9bon 28, vous lui permettrez de se faire plaisir et de choisir parmi les 700 commer\u00e7ants<\/p>\n","protected":false},"author":18,"featured_media":0,"parent":16,"menu_order":0,"comment_status":"closed","ping_status":"closed","template":"","meta":[],"yoast_head":"<!-- This site is optimized with the Yoast SEO plugin v19.4 - https:\/\/yoast.com\/wordpress\/plugins\/seo\/ -->\n<title>un particulier acheteur - F\u00e9d\u00e9bon 28<\/title>\n<meta name=\"robots\" content=\"index, follow, max-snippet:-1, max-image-preview:large, max-video-preview:-1\" \/>\n<link rel=\"canonical\" href=\"https:\/\/www.fedebon.fr\/28\/avantages-cheques-fedebon-28\/avantages-cheques-fedebon-28un-particulier-acheteur\/\" \/>\n<meta property=\"og:locale\" content=\"fr_FR\" \/>\n<meta property=\"og:type\" content=\"article\" \/>\n<meta property=\"og:title\" content=\"un particulier acheteur - F\u00e9d\u00e9bon 28\" \/>\n<meta property=\"og:description\" content=\"[vc_row][vc_column][vc_custom_heading icon=\u00a0\u00bbstm-mans\u00a0\u00bb icon_size=\u00a0\u00bb50&Prime; text=\u00a0\u00bbvous \u00eates un particulier\u00a0\u00bb google_fonts=\u00a0\u00bbfont_family:Montserrat%3Aregular%2C700|font_style:400%20regular%3A400%3Anormal\u00a0\u00bb subtitle=\u00a0\u00bbet vous souhaitez&#8230;\u00a0\u00bb][\/vc_column][\/vc_row][vc_row][vc_column][vc_column_text]Offrir des ch\u00e8ques cadeaux F\u00e9d\u00e9bon 28 \u00e0 vos proches. Vous cherchez un cadeau pour un proche mais vous ne connaissez pas ces go\u00fbts et ces besoins ? Avec les F\u00e9d\u00e9bon 28, vous lui permettrez de se faire plaisir et de choisir parmi les 700 commer\u00e7ants\" \/>\n<meta property=\"og:url\" content=\"https:\/\/www.fedebon.fr\/28\/avantages-cheques-fedebon-28\/avantages-cheques-fedebon-28un-particulier-acheteur\/\" \/>\n<meta property=\"og:site_name\" content=\"F\u00e9d\u00e9bon 28\" \/>\n<meta property=\"article:modified_time\" content=\"2020-10-09T11:56:27+00:00\" \/>\n<meta name=\"twitter:card\" content=\"summary\" \/>\n<meta name=\"twitter:label1\" content=\"Dur\u00e9e de lecture estim\u00e9e\" \/>\n\t<meta name=\"twitter:data1\" content=\"1 minute\" \/>\n<script type=\"application\/ld+json\" class=\"yoast-schema-graph\">{\"@context\":\"https:\/\/schema.org\",\"@graph\":[{\"@type\":\"WebSite\",\"@id\":\"https:\/\/www.fedebon.fr\/28\/#website\",\"url\":\"https:\/\/www.fedebon.fr\/28\/\",\"name\":\"F\u00e9d\u00e9bon 28\",\"description\":\"F\u00e9d\u00e9bon 28 est un ch\u00e8que cadeau mis \u00e0 la disposition des entreprises, collectivit\u00e9s, et des comit\u00e9s d&#039;entreprise.\",\"potentialAction\":[{\"@type\":\"SearchAction\",\"target\":{\"@type\":\"EntryPoint\",\"urlTemplate\":\"https:\/\/www.fedebon.fr\/28\/?s={search_term_string}\"},\"query-input\":\"required name=search_term_string\"}],\"inLanguage\":\"fr-FR\"},{\"@type\":\"WebPage\",\"@id\":\"https:\/\/www.fedebon.fr\/28\/avantages-cheques-fedebon-28\/avantages-cheques-fedebon-28un-particulier-acheteur\/\",\"url\":\"https:\/\/www.fedebon.fr\/28\/avantages-cheques-fedebon-28\/avantages-cheques-fedebon-28un-particulier-acheteur\/\",\"name\":\"un particulier acheteur - F\u00e9d\u00e9bon 28\",\"isPartOf\":{\"@id\":\"https:\/\/www.fedebon.fr\/28\/#website\"},\"datePublished\":\"2020-10-09T09:42:53+00:00\",\"dateModified\":\"2020-10-09T11:56:27+00:00\",\"breadcrumb\":{\"@id\":\"https:\/\/www.fedebon.fr\/28\/avantages-cheques-fedebon-28\/avantages-cheques-fedebon-28un-particulier-acheteur\/#breadcrumb\"},\"inLanguage\":\"fr-FR\",\"potentialAction\":[{\"@type\":\"ReadAction\",\"target\":[\"https:\/\/www.fedebon.fr\/28\/avantages-cheques-fedebon-28\/avantages-cheques-fedebon-28un-particulier-acheteur\/\"]}]},{\"@type\":\"BreadcrumbList\",\"@id\":\"https:\/\/www.fedebon.fr\/28\/avantages-cheques-fedebon-28\/avantages-cheques-fedebon-28un-particulier-acheteur\/#breadcrumb\",\"itemListElement\":[{\"@type\":\"ListItem\",\"position\":1,\"name\":\"Accueil\",\"item\":\"https:\/\/www.fedebon.fr\/28\/\"},{\"@type\":\"ListItem\",\"position\":2,\"name\":\"Les avantages des ch\u00e8ques F\u00e9d\u00e9bon 28\",\"item\":\"https:\/\/www.fedebon.fr\/28\/avantages-cheques-fedebon-28\/\"},{\"@type\":\"ListItem\",\"position\":3,\"name\":\"un particulier acheteur\"}]}]}<\/script>\n<!-- \/ Yoast SEO plugin. -->","yoast_head_json":{"title":"un particulier acheteur - F\u00e9d\u00e9bon 28","robots":{"index":"index","follow":"follow","max-snippet":"max-snippet:-1","max-image-preview":"max-image-preview:large","max-video-preview":"max-video-preview:-1"},"canonical":"https:\/\/www.fedebon.fr\/28\/avantages-cheques-fedebon-28\/avantages-cheques-fedebon-28un-particulier-acheteur\/","og_locale":"fr_FR","og_type":"article","og_title":"un particulier acheteur - F\u00e9d\u00e9bon 28","og_description":"[vc_row][vc_column][vc_custom_heading icon=\u00a0\u00bbstm-mans\u00a0\u00bb icon_size=\u00a0\u00bb50&Prime; text=\u00a0\u00bbvous \u00eates un particulier\u00a0\u00bb google_fonts=\u00a0\u00bbfont_family:Montserrat%3Aregular%2C700|font_style:400%20regular%3A400%3Anormal\u00a0\u00bb subtitle=\u00a0\u00bbet vous souhaitez&#8230;\u00a0\u00bb][\/vc_column][\/vc_row][vc_row][vc_column][vc_column_text]Offrir des ch\u00e8ques cadeaux F\u00e9d\u00e9bon 28 \u00e0 vos proches. Vous cherchez un cadeau pour un proche mais vous ne connaissez pas ces go\u00fbts et ces besoins ? Avec les F\u00e9d\u00e9bon 28, vous lui permettrez de se faire plaisir et de choisir parmi les 700 commer\u00e7ants","og_url":"https:\/\/www.fedebon.fr\/28\/avantages-cheques-fedebon-28\/avantages-cheques-fedebon-28un-particulier-acheteur\/","og_site_name":"F\u00e9d\u00e9bon 28","article_modified_time":"2020-10-09T11:56:27+00:00","twitter_card":"summary","twitter_misc":{"Dur\u00e9e de lecture estim\u00e9e":"1 minute"},"schema":{"@context":"https:\/\/schema.org","@graph":[{"@type":"WebSite","@id":"https:\/\/www.fedebon.fr\/28\/#website","url":"https:\/\/www.fedebon.fr\/28\/","name":"F\u00e9d\u00e9bon 28","description":"F\u00e9d\u00e9bon 28 est un ch\u00e8que cadeau mis \u00e0 la disposition des entreprises, collectivit\u00e9s, et des comit\u00e9s d&#039;entreprise.","potentialAction":[{"@type":"SearchAction","target":{"@type":"EntryPoint","urlTemplate":"https:\/\/www.fedebon.fr\/28\/?s={search_term_string}"},"query-input":"required name=search_term_string"}],"inLanguage":"fr-FR"},{"@type":"WebPage","@id":"https:\/\/www.fedebon.fr\/28\/avantages-cheques-fedebon-28\/avantages-cheques-fedebon-28un-particulier-acheteur\/","url":"https:\/\/www.fedebon.fr\/28\/avantages-cheques-fedebon-28\/avantages-cheques-fedebon-28un-particulier-acheteur\/","name":"un particulier acheteur - F\u00e9d\u00e9bon 28","isPartOf":{"@id":"https:\/\/www.fedebon.fr\/28\/#website"},"datePublished":"2020-10-09T09:42:53+00:00","dateModified":"2020-10-09T11:56:27+00:00","breadcrumb":{"@id":"https:\/\/www.fedebon.fr\/28\/avantages-cheques-fedebon-28\/avantages-cheques-fedebon-28un-particulier-acheteur\/#breadcrumb"},"inLanguage":"fr-FR","potentialAction":[{"@type":"ReadAction","target":["https:\/\/www.fedebon.fr\/28\/avantages-cheques-fedebon-28\/avantages-cheques-fedebon-28un-particulier-acheteur\/"]}]},{"@type":"BreadcrumbList","@id":"https:\/\/www.fedebon.fr\/28\/avantages-cheques-fedebon-28\/avantages-cheques-fedebon-28un-particulier-acheteur\/#breadcrumb","itemListElement":[{"@type":"ListItem","position":1,"name":"Accueil","item":"https:\/\/www.fedebon.fr\/28\/"},{"@type":"ListItem","position":2,"name":"Les avantages des ch\u00e8ques F\u00e9d\u00e9bon 28","item":"https:\/\/www.fedebon.fr\/28\/avantages-cheques-fedebon-28\/"},{"@type":"ListItem","position":3,"name":"un particulier acheteur"}]}]}},"_links":{"self":[{"href":"https:\/\/www.fedebon.fr\/28\/wp-json\/wp\/v2\/pages\/2831"}],"collection":[{"href":"https:\/\/www.fedebon.fr\/28\/wp-json\/wp\/v2\/pages"}],"about":[{"href":"https:\/\/www.fedebon.fr\/28\/wp-json\/wp\/v2\/types\/page"}],"author":[{"embeddable":true,"href":"https:\/\/www.fedebon.fr\/28\/wp-json\/wp\/v2\/users\/18"}],"replies":[{"embeddable":true,"href":"https:\/\/www.fedebon.fr\/28\/wp-json\/wp\/v2\/comments?post=2831"}],"version-history":[{"count":6,"href":"https:\/\/www.fedebon.fr\/28\/wp-json\/wp\/v2\/pages\/2831\/revisions"}],"predecessor-version":[{"id":2842,"href":"https:\/\/www.fedebon.fr\/28\/wp-json\/wp\/v2\/pages\/2831\/revisions\/2842"}],"up":[{"embeddable":true,"href":"https:\/\/www.fedebon.fr\/28\/wp-json\/wp\/v2\/pages\/16"}],"wp:attachment":[{"href":"https:\/\/www.fedebon.fr\/28\/wp-json\/wp\/v2\/media?parent=2831"}],"curies":[{"name":"wp","href":"https:\/\/api.w.org\/{rel}","templated":true}]}}