{"id":26,"date":"2016-08-29T11:59:23","date_gmt":"2016-08-29T09:59:23","guid":{"rendered":"http:\/\/www.fedebon.fr\/28\/?page_id=26"},"modified":"2020-10-09T11:17:46","modified_gmt":"2020-10-09T09:17:46","slug":"un-salarie","status":"publish","type":"page","link":"https:\/\/www.fedebon.fr\/28\/avantages-cheques-fedebon-28\/un-salarie\/","title":{"rendered":"Un salari\u00e9, un particulier b\u00e9n\u00e9ficaire"},"content":{"rendered":"<p>[vc_row][vc_column][vc_custom_heading icon=\u00a0\u00bbfa fa-male\u00a0\u00bb icon_size=\u00a0\u00bb50&Prime; text=\u00a0\u00bbVous \u00eates collaborateur, agent, salari\u00e9 ou un particulier\u00a0\u00bb google_fonts=\u00a0\u00bbfont_family:Montserrat%3Aregular%2C700|font_style:400%20regular%3A400%3Anormal\u00a0\u00bb subtitle=\u00a0\u00bbet vous souhaitez utiliser vos ch\u00e8ques cadeaux offerts par votre employeur, votre Comit\u00e9 Social et Economique (CSE) ou un proche\u00a0\u00bb][\/vc_column][\/vc_row][vc_row][vc_column][vc_column_text]<\/p>\n<h3>F\u00e9d\u00e9bon28 est accept\u00e9 pour :<\/h3>\n<p>[\/vc_column_text][vc_row_inner][vc_column_inner width=\u00a0\u00bb1\/4&Prime;][vc_column_text]<\/p>\n<ul>\n<li><span style=\"color: #000000\">Alimentation g\u00e9n\u00e9rale<\/span><\/li>\n<li><span style=\"color: #000000\">Epicerie<\/span><\/li>\n<li><span style=\"color: #000000\">Boucherie<\/span><\/li>\n<li><span style=\"color: #000000\">Charcuterie, Boulangerie<\/span><\/li>\n<li><span style=\"color: #000000\">P\u00e2tisserie<\/span><\/li>\n<li><span style=\"color: #000000\">Fromagerie<\/span><\/li>\n<li><span style=\"color: #000000\">Fruits et l\u00e9gumes<\/span><\/li>\n<li><span style=\"color: #000000\">Poissonnerie<\/span><\/li>\n<li><span style=\"color: #000000\">Traiteur &#8211; Plats \u00e0 emporter<\/span><\/li>\n<li><span style=\"color: #000000\">Vins et spiritueux<\/span><\/li>\n<li><span style=\"color: #000000\">Garage<\/span><\/li>\n<li><span style=\"color: #000000\">Centre de Contr\u00f4le technique<\/span><\/li>\n<li><span style=\"color: #000000\">Motos &#8211; cycles<\/span><\/li>\n<\/ul>\n<p>[\/vc_column_text][\/vc_column_inner][vc_column_inner width=\u00a0\u00bb1\/4&Prime;][vc_column_text]<\/p>\n<ul>\n<li><span style=\"color: #000000\">Auto \u00e9cole<\/span><\/li>\n<li><span style=\"color: #000000\">Bar &#8211; Brasserie<\/span><\/li>\n<li><span style=\"color: #000000\">Salon de th\u00e9<\/span><\/li>\n<li><span style=\"color: #000000\">H\u00f4tellerie<\/span><\/li>\n<li><span style=\"color: #000000\">Restaurant<\/span><\/li>\n<li><span style=\"color: #000000\">Chasse &#8211; P\u00eache<\/span><\/li>\n<li><span style=\"color: #000000\">Fleurs &#8211; Jardinerie<\/span><\/li>\n<li><span style=\"color: #000000\">Jouets &#8211;\u00a0 jeux<\/span><\/li>\n<li><span style=\"color: #000000\">Librairie &#8211; Papeterie &#8211; Presse<\/span><\/li>\n<li><span style=\"color: #000000\">Mercerie &#8211; Loisirs cr\u00e9atifs<\/span><\/li>\n<li><span style=\"color: #000000\">Photographie<\/span><\/li>\n<li><span style=\"color: #000000\">Voyages- Loisirs<\/span><\/li>\n<\/ul>\n<p>[\/vc_column_text][\/vc_column_inner][vc_column_inner width=\u00a0\u00bb1\/4&Prime;][vc_column_text]<\/p>\n<ul>\n<li><span style=\"color: #000000\">Am\u00e9nagements int\u00e9rieurs\u00a0et ext\u00e9rieurs<\/span><\/li>\n<li><span style=\"color: #000000\">Arts de la table<\/span><\/li>\n<li><span style=\"color: #000000\">Electrom\u00e9nager &#8211; TV &#8211; Hifi &#8211;\u00a0Vid\u00e9o &#8211; T\u00e9l\u00e9phonie &#8211; Informatique &#8211; D\u00e9pannage<\/span><\/li>\n<li><span style=\"color: #000000\">Linge de maison<\/span><\/li>\n<li><span style=\"color: #000000\">Luminaire<\/span><\/li>\n<li><span style=\"color: #000000\">Meubles &#8211; D\u00e9coration<\/span><\/li>\n<li><span style=\"color: #000000\">Quincaillerie &#8211; Bricolage<\/span><\/li>\n<li><span style=\"color: #000000\">Bijouterie &#8211;\u00a0 Horlogerie<\/span><\/li>\n<li><span style=\"color: #000000\">Chaussures &#8211; Cordonnerie<\/span><\/li>\n<li><span style=\"color: #000000\">Lingerie fine<\/span><\/li>\n<li><span style=\"color: #000000\">Maroquinerie et accessoires &#8211; Chapellerie<\/span><\/li>\n<\/ul>\n<p>[\/vc_column_text][\/vc_column_inner][vc_column_inner width=\u00a0\u00bb1\/4&Prime;][vc_column_text]<\/p>\n<ul>\n<li><span style=\"color: #000000\">Pr\u00eat-\u00e0-porter enfants &#8211;\u00a0Pu\u00e9riculture<\/span><\/li>\n<li><span style=\"color: #000000\">Pr\u00eat-\u00e0-porter<\/span><\/li>\n<li><span style=\"color: #000000\">Pr\u00eat-\u00e0-porter sport et professionnel<\/span><\/li>\n<li><span style=\"color: #000000\">Coiffure et accessoires<\/span><\/li>\n<li><span style=\"color: #000000\">Esth\u00e9tique<\/span><\/li>\n<li><span style=\"color: #000000\">Optique<\/span><\/li>\n<li><span style=\"color: #000000\">Parapharmacie &#8211; Mat\u00e9riel m\u00e9dical<\/span><\/li>\n<li><span style=\"color: #000000\">Parfumerie<\/span><\/li>\n<li><span style=\"color: #000000\">Imprimerie<\/span><\/li>\n<li><span style=\"color: #000000\">Pressing &#8211; Laverie<\/span><\/li>\n<li><span style=\"color: #000000\">Produits Agricoles<\/span><\/li>\n<li><span style=\"color: #000000\">Publicit\u00e9<\/span><\/li>\n<li><span style=\"color: #000000\">S\u00e9rigraphie<\/span><\/li>\n<li><span style=\"color: #000000\">Toilettage de chiens et chats.<\/span><\/li>\n<\/ul>\n<p>[\/vc_column_text][\/vc_column_inner][\/vc_row_inner][\/vc_column][\/vc_row][vc_row][vc_column][vc_empty_space][vc_cta h2=\u00a0\u00bbTrouver un magasin participant\u00a0\u00bb txt_align=\u00a0\u00bbcenter\u00a0\u00bb add_button=\u00a0\u00bbbottom\u00a0\u00bb btn_title=\u00a0\u00bbListes des magasins\u00a0\u00bb btn_align=\u00a0\u00bbcenter\u00a0\u00bb add_icon=\u00a0\u00bbtop\u00a0\u00bb i_icon_fontawesome=\u00a0\u00bbfa fa-shopping-cart\u00a0\u00bb i_color=\u00a0\u00bborange\u00a0\u00bb css_animation=\u00a0\u00bbtop-to-bottom\u00a0\u00bb i_link=\u00a0\u00bburl:http%3A%2F%2Fwww.fedebon.fr%2F28%2Fvous-recherchez%2Fun-magasin-participant%2F||\u00a0\u00bb btn_link=\u00a0\u00bburl:http%3A%2F%2Fwww.fedebon.fr%2F28%2Fvous-recherchez%2Fun-magasin-participant%2F||\u00a0\u00bb btn_add_icon=\u00a0\u00bbtrue\u00a0\u00bb btn_button_block=\u00a0\u00bbtrue\u00a0\u00bb i_on_border=\u00a0\u00bbtrue\u00a0\u00bb][\/vc_cta][vc_message css_animation=\u00a0\u00bbbottom-to-top\u00a0\u00bb]<strong>Les ch\u00e8ques cadeaux ont une dur\u00e9e de validit\u00e9 de 1 an pr\u00e9cis\u00e9e sur chacun d&rsquo;eux.<\/strong><\/p>\n<p>Ils sont utilisables, en partie ou en totalit\u00e9, pour l&rsquo;achat que vous souhaitez r\u00e9aliser.[\/vc_message][\/vc_column][\/vc_row][vc_row][vc_column][vc_empty_space][\/vc_column][\/vc_row][vc_row full_width=\u00a0\u00bbstretch_row\u00a0\u00bb css=\u00a0\u00bb.vc_custom_1465310442331{margin-bottom: -60px !important;background-color: #fbba00 !important;}\u00a0\u00bb el_class=\u00a0\u00bbthird_bg_color\u00a0\u00bb][vc_column][vc_cta h2=\u00a0\u00bbBesoin d&rsquo;un renseignement ?\u00a0\u00bb h2_font_container=\u00a0\u00bbfont_size:20px|color:%23000000|line_height:24px\u00a0\u00bb h2_use_theme_fonts=\u00a0\u00bbyes\u00a0\u00bb shape=\u00a0\u00bbsquare\u00a0\u00bb style=\u00a0\u00bbflat\u00a0\u00bb add_button=\u00a0\u00bbright\u00a0\u00bb btn_title=\u00a0\u00bbNous contacter\u00a0\u00bb btn_style=\u00a0\u00bbflat\u00a0\u00bb btn_color=\u00a0\u00bbtheme_style_2&Prime; btn_align=\u00a0\u00bbright\u00a0\u00bb btn_i_align=\u00a0\u00bbright\u00a0\u00bb btn_i_icon_fontawesome=\u00a0\u00bbfa fa-arrow-right\u00a0\u00bb use_custom_fonts_h2=\u00a0\u00bbtrue\u00a0\u00bb btn_button_block=\u00a0\u00bbtrue\u00a0\u00bb btn_add_icon=\u00a0\u00bbtrue\u00a0\u00bb el_class=\u00a0\u00bbthird_bg_color\u00a0\u00bb css=\u00a0\u00bb.vc_custom_1472477144248{margin-bottom: 0px !important;background-color: #fbba00 !important;}\u00a0\u00bb btn_link=\u00a0\u00bburl:http%3A%2F%2Fwww.fedebon.fr%2F28%2Fcontact%2F||\u00a0\u00bb][\/vc_cta][\/vc_column][\/vc_row]<\/p>\n","protected":false},"excerpt":{"rendered":"<p>[vc_row][vc_column][vc_custom_heading icon=\u00a0\u00bbfa fa-male\u00a0\u00bb icon_size=\u00a0\u00bb50&Prime; text=\u00a0\u00bbVous \u00eates collaborateur, agent, salari\u00e9 ou un particulier\u00a0\u00bb google_fonts=\u00a0\u00bbfont_family:Montserrat%3Aregular%2C700|font_style:400%20regular%3A400%3Anormal\u00a0\u00bb subtitle=\u00a0\u00bbet vous souhaitez utiliser vos ch\u00e8ques cadeaux offerts par votre employeur, votre Comit\u00e9 Social et Economique (CSE) ou un proche\u00a0\u00bb][\/vc_column][\/vc_row][vc_row][vc_column][vc_column_text] F\u00e9d\u00e9bon28 est accept\u00e9 pour : [\/vc_column_text][vc_row_inner][vc_column_inner width=\u00a0\u00bb1\/4&Prime;][vc_column_text] Alimentation g\u00e9n\u00e9rale Epicerie Boucherie Charcuterie, Boulangerie P\u00e2tisserie Fromagerie Fruits et l\u00e9gumes Poissonnerie Traiteur &#8211; Plats<\/p>\n","protected":false},"author":1,"featured_media":0,"parent":16,"menu_order":0,"comment_status":"closed","ping_status":"closed","template":"","meta":[],"yoast_head":"<!-- This site is optimized with the Yoast SEO plugin v19.4 - https:\/\/yoast.com\/wordpress\/plugins\/seo\/ -->\n<title>Ch\u00e8que cadeau F\u00e9d\u00e9bon 28 pour salari\u00e9, particuliers<\/title>\n<meta name=\"description\" content=\"Comment utiliser les ch\u00e8ques cadeaux F\u00e9d\u00e9bon 28 quand vous \u00eates un salari\u00e9 ou un particulier\" \/>\n<meta name=\"robots\" content=\"index, follow, max-snippet:-1, max-image-preview:large, max-video-preview:-1\" \/>\n<link rel=\"canonical\" href=\"https:\/\/www.fedebon.fr\/28\/avantages-cheques-fedebon-28\/un-salarie\/\" \/>\n<meta property=\"og:locale\" content=\"fr_FR\" \/>\n<meta property=\"og:type\" content=\"article\" \/>\n<meta property=\"og:title\" content=\"Ch\u00e8que cadeau F\u00e9d\u00e9bon 28 pour salari\u00e9, particuliers\" \/>\n<meta property=\"og:description\" content=\"Comment utiliser les ch\u00e8ques cadeaux F\u00e9d\u00e9bon 28 quand vous \u00eates un salari\u00e9 ou un particulier\" \/>\n<meta property=\"og:url\" content=\"https:\/\/www.fedebon.fr\/28\/avantages-cheques-fedebon-28\/un-salarie\/\" \/>\n<meta property=\"og:site_name\" content=\"F\u00e9d\u00e9bon 28\" \/>\n<meta property=\"article:modified_time\" content=\"2020-10-09T09:17:46+00:00\" \/>\n<meta name=\"twitter:card\" content=\"summary\" \/>\n<meta name=\"twitter:label1\" content=\"Dur\u00e9e de lecture estim\u00e9e\" \/>\n\t<meta name=\"twitter:data1\" content=\"3 minutes\" \/>\n<script type=\"application\/ld+json\" class=\"yoast-schema-graph\">{\"@context\":\"https:\/\/schema.org\",\"@graph\":[{\"@type\":\"WebSite\",\"@id\":\"https:\/\/www.fedebon.fr\/28\/#website\",\"url\":\"https:\/\/www.fedebon.fr\/28\/\",\"name\":\"F\u00e9d\u00e9bon 28\",\"description\":\"F\u00e9d\u00e9bon 28 est un ch\u00e8que cadeau mis \u00e0 la disposition des entreprises, collectivit\u00e9s, et des comit\u00e9s d&#039;entreprise.\",\"potentialAction\":[{\"@type\":\"SearchAction\",\"target\":{\"@type\":\"EntryPoint\",\"urlTemplate\":\"https:\/\/www.fedebon.fr\/28\/?s={search_term_string}\"},\"query-input\":\"required name=search_term_string\"}],\"inLanguage\":\"fr-FR\"},{\"@type\":\"WebPage\",\"@id\":\"https:\/\/www.fedebon.fr\/28\/avantages-cheques-fedebon-28\/un-salarie\/\",\"url\":\"https:\/\/www.fedebon.fr\/28\/avantages-cheques-fedebon-28\/un-salarie\/\",\"name\":\"Ch\u00e8que cadeau F\u00e9d\u00e9bon 28 pour salari\u00e9, particuliers\",\"isPartOf\":{\"@id\":\"https:\/\/www.fedebon.fr\/28\/#website\"},\"datePublished\":\"2016-08-29T09:59:23+00:00\",\"dateModified\":\"2020-10-09T09:17:46+00:00\",\"description\":\"Comment utiliser les ch\u00e8ques cadeaux F\u00e9d\u00e9bon 28 quand vous \u00eates un salari\u00e9 ou un particulier\",\"breadcrumb\":{\"@id\":\"https:\/\/www.fedebon.fr\/28\/avantages-cheques-fedebon-28\/un-salarie\/#breadcrumb\"},\"inLanguage\":\"fr-FR\",\"potentialAction\":[{\"@type\":\"ReadAction\",\"target\":[\"https:\/\/www.fedebon.fr\/28\/avantages-cheques-fedebon-28\/un-salarie\/\"]}]},{\"@type\":\"BreadcrumbList\",\"@id\":\"https:\/\/www.fedebon.fr\/28\/avantages-cheques-fedebon-28\/un-salarie\/#breadcrumb\",\"itemListElement\":[{\"@type\":\"ListItem\",\"position\":1,\"name\":\"Accueil\",\"item\":\"https:\/\/www.fedebon.fr\/28\/\"},{\"@type\":\"ListItem\",\"position\":2,\"name\":\"Les avantages des ch\u00e8ques F\u00e9d\u00e9bon 28\",\"item\":\"https:\/\/www.fedebon.fr\/28\/avantages-cheques-fedebon-28\/\"},{\"@type\":\"ListItem\",\"position\":3,\"name\":\"Un salari\u00e9, un particulier b\u00e9n\u00e9ficaire\"}]}]}<\/script>\n<!-- \/ Yoast SEO plugin. -->","yoast_head_json":{"title":"Ch\u00e8que cadeau F\u00e9d\u00e9bon 28 pour salari\u00e9, particuliers","description":"Comment utiliser les ch\u00e8ques cadeaux F\u00e9d\u00e9bon 28 quand vous \u00eates un salari\u00e9 ou un particulier","robots":{"index":"index","follow":"follow","max-snippet":"max-snippet:-1","max-image-preview":"max-image-preview:large","max-video-preview":"max-video-preview:-1"},"canonical":"https:\/\/www.fedebon.fr\/28\/avantages-cheques-fedebon-28\/un-salarie\/","og_locale":"fr_FR","og_type":"article","og_title":"Ch\u00e8que cadeau F\u00e9d\u00e9bon 28 pour salari\u00e9, particuliers","og_description":"Comment utiliser les ch\u00e8ques cadeaux F\u00e9d\u00e9bon 28 quand vous \u00eates un salari\u00e9 ou un particulier","og_url":"https:\/\/www.fedebon.fr\/28\/avantages-cheques-fedebon-28\/un-salarie\/","og_site_name":"F\u00e9d\u00e9bon 28","article_modified_time":"2020-10-09T09:17:46+00:00","twitter_card":"summary","twitter_misc":{"Dur\u00e9e de lecture estim\u00e9e":"3 minutes"},"schema":{"@context":"https:\/\/schema.org","@graph":[{"@type":"WebSite","@id":"https:\/\/www.fedebon.fr\/28\/#website","url":"https:\/\/www.fedebon.fr\/28\/","name":"F\u00e9d\u00e9bon 28","description":"F\u00e9d\u00e9bon 28 est un ch\u00e8que cadeau mis \u00e0 la disposition des entreprises, collectivit\u00e9s, et des comit\u00e9s d&#039;entreprise.","potentialAction":[{"@type":"SearchAction","target":{"@type":"EntryPoint","urlTemplate":"https:\/\/www.fedebon.fr\/28\/?s={search_term_string}"},"query-input":"required name=search_term_string"}],"inLanguage":"fr-FR"},{"@type":"WebPage","@id":"https:\/\/www.fedebon.fr\/28\/avantages-cheques-fedebon-28\/un-salarie\/","url":"https:\/\/www.fedebon.fr\/28\/avantages-cheques-fedebon-28\/un-salarie\/","name":"Ch\u00e8que cadeau F\u00e9d\u00e9bon 28 pour salari\u00e9, particuliers","isPartOf":{"@id":"https:\/\/www.fedebon.fr\/28\/#website"},"datePublished":"2016-08-29T09:59:23+00:00","dateModified":"2020-10-09T09:17:46+00:00","description":"Comment utiliser les ch\u00e8ques cadeaux F\u00e9d\u00e9bon 28 quand vous \u00eates un salari\u00e9 ou un particulier","breadcrumb":{"@id":"https:\/\/www.fedebon.fr\/28\/avantages-cheques-fedebon-28\/un-salarie\/#breadcrumb"},"inLanguage":"fr-FR","potentialAction":[{"@type":"ReadAction","target":["https:\/\/www.fedebon.fr\/28\/avantages-cheques-fedebon-28\/un-salarie\/"]}]},{"@type":"BreadcrumbList","@id":"https:\/\/www.fedebon.fr\/28\/avantages-cheques-fedebon-28\/un-salarie\/#breadcrumb","itemListElement":[{"@type":"ListItem","position":1,"name":"Accueil","item":"https:\/\/www.fedebon.fr\/28\/"},{"@type":"ListItem","position":2,"name":"Les avantages des ch\u00e8ques F\u00e9d\u00e9bon 28","item":"https:\/\/www.fedebon.fr\/28\/avantages-cheques-fedebon-28\/"},{"@type":"ListItem","position":3,"name":"Un salari\u00e9, un particulier b\u00e9n\u00e9ficaire"}]}]}},"_links":{"self":[{"href":"https:\/\/www.fedebon.fr\/28\/wp-json\/wp\/v2\/pages\/26"}],"collection":[{"href":"https:\/\/www.fedebon.fr\/28\/wp-json\/wp\/v2\/pages"}],"about":[{"href":"https:\/\/www.fedebon.fr\/28\/wp-json\/wp\/v2\/types\/page"}],"author":[{"embeddable":true,"href":"https:\/\/www.fedebon.fr\/28\/wp-json\/wp\/v2\/users\/1"}],"replies":[{"embeddable":true,"href":"https:\/\/www.fedebon.fr\/28\/wp-json\/wp\/v2\/comments?post=26"}],"version-history":[{"count":21,"href":"https:\/\/www.fedebon.fr\/28\/wp-json\/wp\/v2\/pages\/26\/revisions"}],"predecessor-version":[{"id":2830,"href":"https:\/\/www.fedebon.fr\/28\/wp-json\/wp\/v2\/pages\/26\/revisions\/2830"}],"up":[{"embeddable":true,"href":"https:\/\/www.fedebon.fr\/28\/wp-json\/wp\/v2\/pages\/16"}],"wp:attachment":[{"href":"https:\/\/www.fedebon.fr\/28\/wp-json\/wp\/v2\/media?parent=26"}],"curies":[{"name":"wp","href":"https:\/\/api.w.org\/{rel}","templated":true}]}}