{"id":18,"date":"2016-08-29T11:56:27","date_gmt":"2016-08-29T09:56:27","guid":{"rendered":"http:\/\/www.fedebon.fr\/28\/?page_id=18"},"modified":"2020-08-24T10:16:48","modified_gmt":"2020-08-24T08:16:48","slug":"prestataire-de-services","status":"publish","type":"page","link":"https:\/\/www.fedebon.fr\/28\/avantages-cheques-fedebon-28\/prestataire-de-services\/","title":{"rendered":"Prestataire de services"},"content":{"rendered":"<p>[vc_row][vc_column][vc_custom_heading icon=\u00a0\u00bbstm-truck\u00a0\u00bb icon_size=\u00a0\u00bb50&Prime; text=\u00a0\u00bbVous \u00eates Prestataire de services\u00a0\u00bb google_fonts=\u00a0\u00bbfont_family:Montserrat%3Aregular%2C700|font_style:400%20regular%3A400%3Anormal\u00a0\u00bb subtitle=\u00a0\u00bbet vous souhaitez&#8230;\u00a0\u00bb][vc_row_inner el_id=\u00a0\u00bbalignservice\u00a0\u00bb][vc_column_inner el_class=\u00a0\u00bbwidthmine\u00a0\u00bb width=\u00a0\u00bb1\/2&Prime;][vc_column_text]Bien mieux qu&rsquo;une prime, <strong>le ch\u00e8que cadeau F\u00e9d\u00e9bon28 est d\u00e9ductible et exon\u00e9r\u00e9 de charges sociales<\/strong> pour l&rsquo;entreprise et non imposable pour le salari\u00e9. <strong>Les F\u00e9d\u00e9bon28 peuvent \u00eatre offerts \u00e0 tout moment de l&rsquo;ann\u00e9e<\/strong>, \u00e0 l&rsquo;occasion de nombreux \u00e9v\u00e9nements (mariage, naissance, retraite, f\u00eate des p\u00e8res et des m\u00e8res, No\u00ebl des salari\u00e9s\u2026).[\/vc_column_text][vc_empty_space][stm_icon_box hide_title_line=\u00a0\u00bbhide_title_line\u00a0\u00bb enable_hexagon=\u00a0\u00bbenable\u00a0\u00bb enable_hexagon_animation=\u00a0\u00bbenable\u00a0\u00bb v_align_middle=\u00a0\u00bbenable\u00a0\u00bb icon=\u00a0\u00bbstm-stats\u00a0\u00bb style=\u00a0\u00bbicon_left_transparent\u00a0\u00bb icon_size=\u00a0\u00bb32&Prime; icon_width=\u00a0\u00bb70&Prime; title=\u00a0\u00bbCapter de nouveaux acheteurs\u00a0\u00bb css=\u00a0\u00bb.vc_custom_1465302934664{margin-right: 30px !important;}\u00a0\u00bb][\/stm_icon_box][stm_icon_box hide_title_line=\u00a0\u00bbhide_title_line\u00a0\u00bb enable_hexagon=\u00a0\u00bbenable\u00a0\u00bb enable_hexagon_animation=\u00a0\u00bbenable\u00a0\u00bb v_align_middle=\u00a0\u00bbenable\u00a0\u00bb icon=\u00a0\u00bbfa fa-bullhorn\u00a0\u00bb style=\u00a0\u00bbicon_left\u00a0\u00bb icon_size=\u00a0\u00bb32&Prime; icon_width=\u00a0\u00bb70&Prime; title=\u00a0\u00bbEtre r\u00e9f\u00e9renc\u00e9 dans le plus grand r\u00e9seau Eur\u00e9lien.\u00a0\u00bb][\/stm_icon_box][stm_icon_box hide_title_line=\u00a0\u00bbhide_title_line\u00a0\u00bb enable_hexagon=\u00a0\u00bbenable\u00a0\u00bb enable_hexagon_animation=\u00a0\u00bbenable\u00a0\u00bb v_align_middle=\u00a0\u00bbenable\u00a0\u00bb icon=\u00a0\u00bbstm-nokia\u00a0\u00bb style=\u00a0\u00bbicon_left_transparent\u00a0\u00bb icon_size=\u00a0\u00bb32&Prime; icon_width=\u00a0\u00bb70&Prime; title=\u00a0\u00bbFid\u00e9liser votre client\u00e8le\u00a0\u00bb css=\u00a0\u00bb.vc_custom_1465303031634{margin-right: 30px !important;}\u00a0\u00bb][\/stm_icon_box][stm_icon_box hide_title_line=\u00a0\u00bbhide_title_line\u00a0\u00bb enable_hexagon=\u00a0\u00bbenable\u00a0\u00bb enable_hexagon_animation=\u00a0\u00bbenable\u00a0\u00bb v_align_middle=\u00a0\u00bbenable\u00a0\u00bb icon=\u00a0\u00bbstm-graph\u00a0\u00bb style=\u00a0\u00bbicon_left_transparent\u00a0\u00bb icon_size=\u00a0\u00bb32&Prime; icon_width=\u00a0\u00bb70&Prime; title=\u00a0\u00bbAugmenter votre chiffre d&rsquo;affaires\u00a0\u00bb css=\u00a0\u00bb.vc_custom_1476864833319{margin-right: 30px !important;}\u00a0\u00bb][\/stm_icon_box][\/vc_column_inner][vc_column_inner width=\u00a0\u00bb1\/2&Prime;][vc_custom_heading text=\u00a0\u00bbF\u00e9d\u00e9bon28 vous int\u00e9resse ?\u00a0\u00bb google_fonts=\u00a0\u00bbfont_family:Montserrat%3Aregular%2C700|font_style:400%20regular%3A400%3Anormal\u00a0\u00bb][vc_column_text css=\u00a0\u00bb.vc_custom_1472543335415{padding-top: 20px !important;padding-right: 20px !important;padding-bottom: 20px !important;padding-left: 20px !important;background-color: #243188 !important;border-radius: 5px !important;}\u00a0\u00bb]<\/p>\n<h3><span style=\"color: #ffffff\">Pour accepter les F\u00e9d\u00e9bon 28, Il vous suffit de<\/span><\/h3>\n<ul>\n<li><span style=\"color: #ffffff\">Vous engager \u00e0 accepter les ch\u00e8ques \u00a0cadeaux \u00a0F\u00e9d\u00e9bon 28<\/span><\/li>\n<li><span style=\"color: #ffffff\">Coller la vitrophanie sur votre vitrine pour \u00eatre rep\u00e9rable<\/span><\/li>\n<\/ul>\n<p><img loading=\"lazy\" class=\"aligncenter wp-image-2234 size-full\" src=\"https:\/\/www.fedebon.fr\/11\/wp-content\/uploads\/sites\/2\/2016\/04\/montage.jpg\" alt=\"montage\" width=\"400\" height=\"148\" \/>[\/vc_column_text][\/vc_column_inner][\/vc_row_inner][\/vc_column][\/vc_row][vc_row][vc_column][vc_single_image image=\u00a0\u00bb182&Prime; img_size=\u00a0\u00bbfull\u00a0\u00bb alignment=\u00a0\u00bbcenter\u00a0\u00bb css_animation=\u00a0\u00bbappear\u00a0\u00bb][vc_empty_space][vc_text_separator title=\u00a0\u00bbInformations compl\u00e9mentaires\u00a0\u00bb i_icon_fontawesome=\u00a0\u00bbfa fa-info-circle\u00a0\u00bb add_icon=\u00a0\u00bbtrue\u00a0\u00bb][vc_row_inner][vc_column_inner width=\u00a0\u00bb1\/2&Prime;][vc_column_text]<a href=\"https:\/\/www.fedebon.fr\/28\/wp-content\/uploads\/sites\/3\/2020\/03\/BDC-FEDEBON28-2020.pdf\">FEDEBON 28 &#8211; Bon de commande<\/a>[\/vc_column_text][\/vc_column_inner][vc_column_inner width=\u00a0\u00bb1\/2&Prime;][vc_column_text]<\/p>\n<ul>\n<li><a href=\"https:\/\/www.fedebon.fr\/28\/wp-content\/uploads\/sites\/3\/2016\/08\/FEDEBON-28-NOTICE.pdf\">FEDEBON 28 &#8211; Notice Utilisation<\/a><\/li>\n<\/ul>\n<p>[\/vc_column_text][\/vc_column_inner][\/vc_row_inner][\/vc_column][\/vc_row][vc_row][vc_column][vc_empty_space][\/vc_column][\/vc_row][vc_row full_width=\u00a0\u00bbstretch_row\u00a0\u00bb css=\u00a0\u00bb.vc_custom_1466157524387{margin-bottom: -60px !important;background-color: #fbba00 !important;}\u00a0\u00bb el_class=\u00a0\u00bbthird_bg_color\u00a0\u00bb][vc_column][vc_cta h2=\u00a0\u00bbBesoin d&rsquo;un renseignement ?\u00a0\u00bb h2_font_container=\u00a0\u00bbfont_size:20px|color:%23000000|line_height:24px\u00a0\u00bb h2_use_theme_fonts=\u00a0\u00bbyes\u00a0\u00bb shape=\u00a0\u00bbsquare\u00a0\u00bb style=\u00a0\u00bbflat\u00a0\u00bb add_button=\u00a0\u00bbright\u00a0\u00bb btn_title=\u00a0\u00bbNous contacter\u00a0\u00bb btn_style=\u00a0\u00bbflat\u00a0\u00bb btn_color=\u00a0\u00bbtheme_style_2&Prime; btn_align=\u00a0\u00bbright\u00a0\u00bb btn_i_align=\u00a0\u00bbright\u00a0\u00bb btn_i_icon_fontawesome=\u00a0\u00bbfa fa-arrow-right\u00a0\u00bb use_custom_fonts_h2=\u00a0\u00bbtrue\u00a0\u00bb btn_button_block=\u00a0\u00bbtrue\u00a0\u00bb btn_add_icon=\u00a0\u00bbtrue\u00a0\u00bb el_class=\u00a0\u00bbthird_bg_color\u00a0\u00bb css=\u00a0\u00bb.vc_custom_1472477104153{margin-bottom: 0px !important;background-color: #fbba00 !important;}\u00a0\u00bb btn_link=\u00a0\u00bburl:https%3A%2F%2Fwww.fedebon.fr%2F28%2Fcontact%2F||\u00a0\u00bb][\/vc_cta][\/vc_column][\/vc_row]<\/p>\n","protected":false},"excerpt":{"rendered":"<p>[vc_row][vc_column][vc_custom_heading icon=\u00a0\u00bbstm-truck\u00a0\u00bb icon_size=\u00a0\u00bb50&Prime; text=\u00a0\u00bbVous \u00eates Prestataire de services\u00a0\u00bb google_fonts=\u00a0\u00bbfont_family:Montserrat%3Aregular%2C700|font_style:400%20regular%3A400%3Anormal\u00a0\u00bb subtitle=\u00a0\u00bbet vous souhaitez&#8230;\u00a0\u00bb][vc_row_inner el_id=\u00a0\u00bbalignservice\u00a0\u00bb][vc_column_inner el_class=\u00a0\u00bbwidthmine\u00a0\u00bb width=\u00a0\u00bb1\/2&Prime;][vc_column_text]Bien mieux qu&rsquo;une prime, le ch\u00e8que cadeau F\u00e9d\u00e9bon28 est d\u00e9ductible et exon\u00e9r\u00e9 de charges sociales pour l&rsquo;entreprise et non imposable pour le salari\u00e9. Les F\u00e9d\u00e9bon28 peuvent \u00eatre offerts \u00e0 tout moment de l&rsquo;ann\u00e9e, \u00e0 l&rsquo;occasion de nombreux \u00e9v\u00e9nements (mariage, naissance, retraite,<\/p>\n","protected":false},"author":1,"featured_media":0,"parent":16,"menu_order":0,"comment_status":"closed","ping_status":"closed","template":"","meta":[],"yoast_head":"<!-- This site is optimized with the Yoast SEO plugin v19.4 - https:\/\/yoast.com\/wordpress\/plugins\/seo\/ -->\n<title>Ch\u00e8que cadeau F\u00e9d\u00e9bon 28 pour les prestataires de services<\/title>\n<meta name=\"description\" content=\"Comment utiliser les ch\u00e8ques cadeaux F\u00e9d\u00e9bon 28 quand vous \u00eates prestataires de services\" \/>\n<meta name=\"robots\" content=\"index, follow, max-snippet:-1, max-image-preview:large, max-video-preview:-1\" \/>\n<link rel=\"canonical\" href=\"https:\/\/www.fedebon.fr\/28\/avantages-cheques-fedebon-28\/prestataire-de-services\/\" \/>\n<meta property=\"og:locale\" content=\"fr_FR\" \/>\n<meta property=\"og:type\" content=\"article\" \/>\n<meta property=\"og:title\" content=\"Ch\u00e8que cadeau F\u00e9d\u00e9bon 28 pour les prestataires de services\" \/>\n<meta property=\"og:description\" content=\"Comment utiliser les ch\u00e8ques cadeaux F\u00e9d\u00e9bon 28 quand vous \u00eates prestataires de services\" \/>\n<meta property=\"og:url\" content=\"https:\/\/www.fedebon.fr\/28\/avantages-cheques-fedebon-28\/prestataire-de-services\/\" \/>\n<meta property=\"og:site_name\" content=\"F\u00e9d\u00e9bon 28\" \/>\n<meta property=\"article:modified_time\" content=\"2020-08-24T08:16:48+00:00\" \/>\n<meta property=\"og:image\" content=\"https:\/\/www.fedebon.fr\/11\/wp-content\/uploads\/sites\/2\/2016\/04\/montage.jpg\" \/>\n<meta name=\"twitter:card\" content=\"summary\" \/>\n<meta name=\"twitter:label1\" content=\"Dur\u00e9e de lecture estim\u00e9e\" \/>\n\t<meta name=\"twitter:data1\" content=\"3 minutes\" \/>\n<script type=\"application\/ld+json\" class=\"yoast-schema-graph\">{\"@context\":\"https:\/\/schema.org\",\"@graph\":[{\"@type\":\"WebSite\",\"@id\":\"https:\/\/www.fedebon.fr\/28\/#website\",\"url\":\"https:\/\/www.fedebon.fr\/28\/\",\"name\":\"F\u00e9d\u00e9bon 28\",\"description\":\"F\u00e9d\u00e9bon 28 est un ch\u00e8que cadeau mis \u00e0 la disposition des entreprises, collectivit\u00e9s, et des comit\u00e9s d&#039;entreprise.\",\"potentialAction\":[{\"@type\":\"SearchAction\",\"target\":{\"@type\":\"EntryPoint\",\"urlTemplate\":\"https:\/\/www.fedebon.fr\/28\/?s={search_term_string}\"},\"query-input\":\"required name=search_term_string\"}],\"inLanguage\":\"fr-FR\"},{\"@type\":\"WebPage\",\"@id\":\"https:\/\/www.fedebon.fr\/28\/avantages-cheques-fedebon-28\/prestataire-de-services\/\",\"url\":\"https:\/\/www.fedebon.fr\/28\/avantages-cheques-fedebon-28\/prestataire-de-services\/\",\"name\":\"Ch\u00e8que cadeau F\u00e9d\u00e9bon 28 pour les prestataires de services\",\"isPartOf\":{\"@id\":\"https:\/\/www.fedebon.fr\/28\/#website\"},\"datePublished\":\"2016-08-29T09:56:27+00:00\",\"dateModified\":\"2020-08-24T08:16:48+00:00\",\"description\":\"Comment utiliser les ch\u00e8ques cadeaux F\u00e9d\u00e9bon 28 quand vous \u00eates prestataires de services\",\"breadcrumb\":{\"@id\":\"https:\/\/www.fedebon.fr\/28\/avantages-cheques-fedebon-28\/prestataire-de-services\/#breadcrumb\"},\"inLanguage\":\"fr-FR\",\"potentialAction\":[{\"@type\":\"ReadAction\",\"target\":[\"https:\/\/www.fedebon.fr\/28\/avantages-cheques-fedebon-28\/prestataire-de-services\/\"]}]},{\"@type\":\"BreadcrumbList\",\"@id\":\"https:\/\/www.fedebon.fr\/28\/avantages-cheques-fedebon-28\/prestataire-de-services\/#breadcrumb\",\"itemListElement\":[{\"@type\":\"ListItem\",\"position\":1,\"name\":\"Accueil\",\"item\":\"https:\/\/www.fedebon.fr\/28\/\"},{\"@type\":\"ListItem\",\"position\":2,\"name\":\"Les avantages des ch\u00e8ques F\u00e9d\u00e9bon 28\",\"item\":\"https:\/\/www.fedebon.fr\/28\/avantages-cheques-fedebon-28\/\"},{\"@type\":\"ListItem\",\"position\":3,\"name\":\"Prestataire de services\"}]}]}<\/script>\n<!-- \/ Yoast SEO plugin. -->","yoast_head_json":{"title":"Ch\u00e8que cadeau F\u00e9d\u00e9bon 28 pour les prestataires de services","description":"Comment utiliser les ch\u00e8ques cadeaux F\u00e9d\u00e9bon 28 quand vous \u00eates prestataires de services","robots":{"index":"index","follow":"follow","max-snippet":"max-snippet:-1","max-image-preview":"max-image-preview:large","max-video-preview":"max-video-preview:-1"},"canonical":"https:\/\/www.fedebon.fr\/28\/avantages-cheques-fedebon-28\/prestataire-de-services\/","og_locale":"fr_FR","og_type":"article","og_title":"Ch\u00e8que cadeau F\u00e9d\u00e9bon 28 pour les prestataires de services","og_description":"Comment utiliser les ch\u00e8ques cadeaux F\u00e9d\u00e9bon 28 quand vous \u00eates prestataires de services","og_url":"https:\/\/www.fedebon.fr\/28\/avantages-cheques-fedebon-28\/prestataire-de-services\/","og_site_name":"F\u00e9d\u00e9bon 28","article_modified_time":"2020-08-24T08:16:48+00:00","og_image":[{"url":"https:\/\/www.fedebon.fr\/11\/wp-content\/uploads\/sites\/2\/2016\/04\/montage.jpg"}],"twitter_card":"summary","twitter_misc":{"Dur\u00e9e de lecture estim\u00e9e":"3 minutes"},"schema":{"@context":"https:\/\/schema.org","@graph":[{"@type":"WebSite","@id":"https:\/\/www.fedebon.fr\/28\/#website","url":"https:\/\/www.fedebon.fr\/28\/","name":"F\u00e9d\u00e9bon 28","description":"F\u00e9d\u00e9bon 28 est un ch\u00e8que cadeau mis \u00e0 la disposition des entreprises, collectivit\u00e9s, et des comit\u00e9s d&#039;entreprise.","potentialAction":[{"@type":"SearchAction","target":{"@type":"EntryPoint","urlTemplate":"https:\/\/www.fedebon.fr\/28\/?s={search_term_string}"},"query-input":"required name=search_term_string"}],"inLanguage":"fr-FR"},{"@type":"WebPage","@id":"https:\/\/www.fedebon.fr\/28\/avantages-cheques-fedebon-28\/prestataire-de-services\/","url":"https:\/\/www.fedebon.fr\/28\/avantages-cheques-fedebon-28\/prestataire-de-services\/","name":"Ch\u00e8que cadeau F\u00e9d\u00e9bon 28 pour les prestataires de services","isPartOf":{"@id":"https:\/\/www.fedebon.fr\/28\/#website"},"datePublished":"2016-08-29T09:56:27+00:00","dateModified":"2020-08-24T08:16:48+00:00","description":"Comment utiliser les ch\u00e8ques cadeaux F\u00e9d\u00e9bon 28 quand vous \u00eates prestataires de services","breadcrumb":{"@id":"https:\/\/www.fedebon.fr\/28\/avantages-cheques-fedebon-28\/prestataire-de-services\/#breadcrumb"},"inLanguage":"fr-FR","potentialAction":[{"@type":"ReadAction","target":["https:\/\/www.fedebon.fr\/28\/avantages-cheques-fedebon-28\/prestataire-de-services\/"]}]},{"@type":"BreadcrumbList","@id":"https:\/\/www.fedebon.fr\/28\/avantages-cheques-fedebon-28\/prestataire-de-services\/#breadcrumb","itemListElement":[{"@type":"ListItem","position":1,"name":"Accueil","item":"https:\/\/www.fedebon.fr\/28\/"},{"@type":"ListItem","position":2,"name":"Les avantages des ch\u00e8ques F\u00e9d\u00e9bon 28","item":"https:\/\/www.fedebon.fr\/28\/avantages-cheques-fedebon-28\/"},{"@type":"ListItem","position":3,"name":"Prestataire de services"}]}]}},"_links":{"self":[{"href":"https:\/\/www.fedebon.fr\/28\/wp-json\/wp\/v2\/pages\/18"}],"collection":[{"href":"https:\/\/www.fedebon.fr\/28\/wp-json\/wp\/v2\/pages"}],"about":[{"href":"https:\/\/www.fedebon.fr\/28\/wp-json\/wp\/v2\/types\/page"}],"author":[{"embeddable":true,"href":"https:\/\/www.fedebon.fr\/28\/wp-json\/wp\/v2\/users\/1"}],"replies":[{"embeddable":true,"href":"https:\/\/www.fedebon.fr\/28\/wp-json\/wp\/v2\/comments?post=18"}],"version-history":[{"count":26,"href":"https:\/\/www.fedebon.fr\/28\/wp-json\/wp\/v2\/pages\/18\/revisions"}],"predecessor-version":[{"id":2781,"href":"https:\/\/www.fedebon.fr\/28\/wp-json\/wp\/v2\/pages\/18\/revisions\/2781"}],"up":[{"embeddable":true,"href":"https:\/\/www.fedebon.fr\/28\/wp-json\/wp\/v2\/pages\/16"}],"wp:attachment":[{"href":"https:\/\/www.fedebon.fr\/28\/wp-json\/wp\/v2\/media?parent=18"}],"curies":[{"name":"wp","href":"https:\/\/api.w.org\/{rel}","templated":true}]}}